{"id":1283,"date":"2020-04-30T15:40:19","date_gmt":"2020-04-30T13:40:19","guid":{"rendered":"http:\/\/cdad83.fr\/?page_id=1283"},"modified":"2021-06-02T17:06:02","modified_gmt":"2021-06-02T15:06:02","slug":"le-juge-des-contentieux-et-de-la-protection","status":"publish","type":"page","link":"https:\/\/cdad83.fr\/index.php\/le-juge-des-contentieux-et-de-la-protection\/","title":{"rendered":"Le juge des contentieux et de la protection"},"content":{"rendered":"<p style=\"text-align: center;\">\n<p>Issue de la r\u00e9forme judiciaire portant sur l\u2019organisation et le fonctionnement des juridictions, le juge des contentieux et de la protection (JCP) a \u00e9t\u00e9 cr\u00e9\u00e9 dans les tribunaux judiciaires et de proximit\u00e9 pour statuer sur plusieurs domaines :<\/p>\n<p><u>Bon \u00e0 savoir\u00a0<\/u>: Avant de saisir le tribunal, le demandeur doit justifier d&rsquo;une tentative de\u00a0conciliation, de m\u00e9diation ou de proc\u00e9dure participative.<\/p>\n<p>Ce dernier, ne pourra \u00eatre saisi que par requ\u00eate ou par une assignation. \u00a0Lorsqu\u2019il est affect\u00e9 dans un tribunal de proximit\u00e9, il peut se voir attribuer les affaires civiles jusqu&rsquo;\u00e0\u00a010 000\u00a0\u20ac.<\/p>\n<p><strong>Attention :\u00a0<\/strong>il existe des formulaires sp\u00e9cifiques pour saisir le juge en mati\u00e8re de tutelle et de surendettement.<\/p>\n","protected":false},"excerpt":{"rendered":"<p>Issue de la r\u00e9forme judiciaire portant sur l\u2019organisation et le fonctionnement des juridictions, le juge des contentieux et de la protection (JCP) a \u00e9t\u00e9 cr\u00e9\u00e9 dans les tribunaux judiciaires et de proximit\u00e9 pour statuer sur plusieurs domaines : Bon \u00e0 savoir\u00a0: Avant de saisir le tribunal, le demandeur doit justifier d&rsquo;une tentative de\u00a0conciliation, de m\u00e9diation ou de proc\u00e9dure participative. Ce dernier, ne pourra \u00eatre saisi que par requ\u00eate ou par une assignation. \u00a0Lorsqu\u2019il est affect\u00e9 dans un tribunal de proximit\u00e9, il peut se voir attribuer les affaires civiles jusqu&rsquo;\u00e0\u00a010 000\u00a0\u20ac. Attention :\u00a0il existe des formulaires sp\u00e9cifiques pour saisir le juge en mati\u00e8re de tutelle et de surendettement.<\/p>\n","protected":false},"author":3,"featured_media":0,"parent":0,"menu_order":0,"comment_status":"closed","ping_status":"closed","template":"","meta":{"_monsterinsights_skip_tracking":false,"_monsterinsights_sitenote_active":false,"_monsterinsights_sitenote_note":"","_monsterinsights_sitenote_category":0,"footnotes":""},"class_list":["post-1283","page","type-page","status-publish","hentry"],"_links":{"self":[{"href":"https:\/\/cdad83.fr\/index.php\/wp-json\/wp\/v2\/pages\/1283","targetHints":{"allow":["GET"]}}],"collection":[{"href":"https:\/\/cdad83.fr\/index.php\/wp-json\/wp\/v2\/pages"}],"about":[{"href":"https:\/\/cdad83.fr\/index.php\/wp-json\/wp\/v2\/types\/page"}],"author":[{"embeddable":true,"href":"https:\/\/cdad83.fr\/index.php\/wp-json\/wp\/v2\/users\/3"}],"replies":[{"embeddable":true,"href":"https:\/\/cdad83.fr\/index.php\/wp-json\/wp\/v2\/comments?post=1283"}],"version-history":[{"count":0,"href":"https:\/\/cdad83.fr\/index.php\/wp-json\/wp\/v2\/pages\/1283\/revisions"}],"wp:attachment":[{"href":"https:\/\/cdad83.fr\/index.php\/wp-json\/wp\/v2\/media?parent=1283"}],"curies":[{"name":"wp","href":"https:\/\/api.w.org\/{rel}","templated":true}]}}