{"id":159,"date":"2018-01-30T10:29:43","date_gmt":"2018-01-30T09:29:43","guid":{"rendered":"http:\/\/cdad83.fr\/?page_id=159"},"modified":"2020-08-28T17:36:27","modified_gmt":"2020-08-28T15:36:27","slug":"securite-publique-et-protection-civile","status":"publish","type":"page","link":"https:\/\/cdad83.fr\/index.php\/securite-publique-et-protection-civile\/","title":{"rendered":"S\u00e9curit\u00e9 publique et protection civile"},"content":{"rendered":"<h3 style=\"text-align: center;\"><span style=\"color: #3366ff;\">La police nationale<\/span><\/h3>\n<hr \/>\n<p style=\"text-align: justify;\">La police nationale a pour mission la s\u00e9curit\u00e9 des personnes, des biens et des institutions. Elle a une mission de police judiciaire ayant pour objet, sous la direction, le contr\u00f4le et la surveillance de l\u2019autorit\u00e9 judiciaire, de rechercher et constater les infractions p\u00e9nales, d\u2019en rassembler les \u00e9l\u00e9ments de preuves n\u00e9cessaires \u00e0 la qualification des faits et \u00e0 la manifestation de la v\u00e9rit\u00e9. Elle assure la s\u00e9curit\u00e9 publique \u00a0en pr\u00e9venant les atteintes graves \u00e0 l\u2019ordre public et en veillant \u00e0 son maintien ou son r\u00e9tablissement. Elle a pour mission \u00e9galement d\u2019assurer la s\u00e9curit\u00e9 aux fronti\u00e8res et une coop\u00e9ration internationale.<\/p>\n<p style=\"margin: 0cm; margin-bottom: .0001pt;\">H\u00f4tel de police de Toulon<\/p>\n<p style=\"margin: 0cm; margin-bottom: .0001pt;\">1 rue du Commissaire Morandin<\/p>\n<p style=\"margin: 0cm; margin-bottom: .0001pt;\">83097 Toulon<\/p>\n<p style=\"margin: 0cm; margin-bottom: .0001pt;\">T\u00e9l\u00a0: 04.98.03.53.00<\/p>\n<p>&nbsp;<\/p>\n<p>Le site internet de la pr\u00e9fecture du Var indique les coordonn\u00e9es de toutes les circonscriptions de s\u00e9curit\u00e9 publique du d\u00e9partement du Var : <a href=\"http:\/\/www.var.gouv.fr\/direction-departementale-de-la-securite-publique-a1690.html\">Direction d\u00e9partementale de la s\u00e9curit\u00e9 publique du Var<\/a><\/p>\n<p>&nbsp;<\/p>\n<h3 style=\"text-align: center;\"><span style=\"color: #3366ff;\">La police municipale<\/span><\/h3>\n<hr \/>\n<p style=\"text-align: justify;\">La police municipale est la troisi\u00e8me force de police en France. C\u2019est la <strong>forme d\u2019autorit\u00e9 la plus proche du citoyen<\/strong> qui peut g\u00e9rer les probl\u00e8mes du quotidien et pr\u00e9venir la petite d\u00e9linquance. La police municipale assure le bon ordre, la s\u00fbret\u00e9, la s\u00e9curit\u00e9 et la salubrit\u00e9 publiques.<\/p>\n<p style=\"text-align: justify;\">Elle assure \u00e9galement une mission d\u2019accueil du public pour les d\u00e9marches administratives et veille au respect de la r\u00e9glementation \u00e9mise par l\u2019autorit\u00e9 municipale.<\/p>\n<p style=\"margin: 0cm; margin-bottom: .0001pt;\">Coordonn\u00e9es de la police municipale \u00e0 Toulon :<\/p>\n<p style=\"margin: 0cm; margin-bottom: .0001pt;\">1 place Louis Pasteur<\/p>\n<p style=\"margin: 0cm; margin-bottom: .0001pt;\">83000 Toulon<\/p>\n<p style=\"margin: 0cm; margin-bottom: .0001pt;\">T\u00e9l\u00a0: 04.94.36.37.38<\/p>\n<p>&nbsp;<\/p>\n<p style=\"margin: 0cm; margin-bottom: .0001pt;\">Site internet\u00a0: <a href=\"https:\/\/toulon.fr\/toulon-pratique\/article\/police-municipale-0\">https:\/\/toulon.fr\/toulon-pratique\/article\/police-municipale-0<\/a><\/p>\n<p><strong>\u00a0<\/strong><\/p>\n<h3 style=\"text-align: center;\"><span style=\"color: #3366ff;\">Les pouvoirs de police du Maire<\/span><\/h3>\n<hr \/>\n<p style=\"text-align: justify;\">Le maire est l&rsquo;autorit\u00e9 comp\u00e9tente pour prendre et faire respecter les mesures n\u00e9cessaires au maintien de l&rsquo;ordre, de la s\u00e9curit\u00e9, de la tranquillit\u00e9 et de la salubrit\u00e9 publics sur le territoire de la commune.<\/p>\n<p style=\"text-align: justify;\">Il est charg\u00e9, sous le contr\u00f4le administratif du repr\u00e9sentant de l&rsquo;Etat dans le d\u00e9partement, de la police municipale, de la police rurale ainsi que de l&rsquo;ex\u00e9cution des actes de l&rsquo;Etat qui y sont relatifs.<\/p>\n<p style=\"text-align: justify;\">Le maire a comp\u00e9tence pour exercer son pouvoir de police <strong>sur l\u2019ensemble du territoire communal, <\/strong>y compris sur le domaine public maritime ainsi que sur les plans d\u2019eau situ\u00e9s sur le territoire de la commune.<\/p>\n<p style=\"text-align: justify;\">Le pouvoir de police confi\u00e9 au maire est un pouvoir qui lui est propre, qu\u2019il est seul \u00e0 pouvoir mettre en \u0153uvre.<\/p>\n<p>&nbsp;<\/p>\n<h3 style=\"text-align: center;\"><span style=\"color: #3366ff;\">La gendarmerie nationale<\/span><\/h3>\n<hr \/>\n<p style=\"text-align: justify;\">La gendarmerie nationale est une des plus anciennes institutions fran\u00e7aises. Plac\u00e9e sous l\u2019autorit\u00e9 du ministre de l\u2019Int\u00e9rieur, elle est une force arm\u00e9e institu\u00e9e pour veiller \u00e0 la s\u00fbret\u00e9 et la s\u00e9curit\u00e9 publiques.<\/p>\n<p style=\"text-align: justify;\">Elle contribue en toutes circonstances \u00e0 la protection des populations, elle participe \u00e0 la d\u00e9fense de la patrie et des int\u00e9r\u00eats sup\u00e9rieurs de la Nation.<\/p>\n<p style=\"text-align: justify;\">Elle a pour missions de\u00a0:<\/p>\n<ul>\n<li style=\"text-align: justify;\">Rassurer et prot\u00e9ger en assurant la pr\u00e9vention de la d\u00e9linquance, la lutte contre l\u2019ins\u00e9curit\u00e9 routi\u00e8re et l\u2019assistance et le secours aux personnes.<\/li>\n<li style=\"text-align: justify;\">Enqu\u00eater et interpeller en exer\u00e7ant la mission essentielle de police judiciaire.<\/li>\n<li style=\"text-align: justify;\">S\u00e9curiser et maintenir l\u2019ordre, mission principale des unit\u00e9s de gendarmerie mobile.<\/li>\n<li style=\"text-align: justify;\">Intervenir et d\u00e9fendre.<\/li>\n<\/ul>\n<p><strong>Groupement de gendarmerie d\u00e9partementale du Var<\/strong><\/p>\n<p><strong><u>Ce service ne re\u00e7oit pas de public<\/u><\/strong><\/p>\n<p style=\"margin: 0cm; margin-bottom: .0001pt;\">307 avenue Eole<\/p>\n<p style=\"margin: 0cm; margin-bottom: .0001pt;\">83160 La Valette-du-Var<\/p>\n<p style=\"margin: 0cm; margin-bottom: .0001pt;\">T\u00e9l\u00a0: 04.94.46.73.00\u00a0 &#8211; Fax\u00a0: 04.94.46.73.52<\/p>\n<p style=\"margin: 0cm; margin-bottom: .0001pt;\">Courriel\u00a0: <a href=\"mailto:ggd83@gendarmerie.interieur.gouv.fr\">ggd83@gendarmerie.interieur.gouv.fr<\/a><\/p>\n<p style=\"margin: 0cm; margin-bottom: .0001pt;\">Site internet\u00a0: <a href=\"https:\/\/www.gendarmerie.interieur.gouv.fr\/\">https:\/\/www.gendarmerie.interieur.gouv.fr\/<\/a><\/p>\n<p style=\"margin: 0cm; margin-bottom: .0001pt;\"><a href=\"https:\/\/www.defense.gouv.fr\/gendarmerie\">https:\/\/www.defense.gouv.fr\/gendarmerie<\/a><\/p>\n","protected":false},"excerpt":{"rendered":"<p>La police nationale La police nationale a pour mission la s\u00e9curit\u00e9 des personnes, des biens et des institutions. Elle a une mission de police judiciaire ayant pour objet, sous la direction, le contr\u00f4le et la surveillance de l\u2019autorit\u00e9 judiciaire, de rechercher et constater les infractions p\u00e9nales, d\u2019en rassembler les \u00e9l\u00e9ments de preuves n\u00e9cessaires \u00e0 la qualification des faits et \u00e0 la manifestation de la v\u00e9rit\u00e9. Elle assure la s\u00e9curit\u00e9 publique \u00a0en pr\u00e9venant les atteintes graves \u00e0 l\u2019ordre public et en veillant \u00e0 son maintien ou son r\u00e9tablissement. Elle a pour mission \u00e9galement d\u2019assurer la s\u00e9curit\u00e9 aux fronti\u00e8res et une coop\u00e9ration internationale. H\u00f4tel de police de Toulon 1 rue du Commissaire Morandin 83097 Toulon T\u00e9l\u00a0: 04.98.03.53.00 &nbsp; Le site internet de la pr\u00e9fecture du Var indique les coordonn\u00e9es de toutes les circonscriptions de s\u00e9curit\u00e9 publique du d\u00e9partement du Var : Direction d\u00e9partementale de la s\u00e9curit\u00e9 publique du Var &nbsp; La police municipale La police municipale est la troisi\u00e8me force de police en France. C\u2019est la forme d\u2019autorit\u00e9 la plus proche du citoyen qui peut g\u00e9rer les probl\u00e8mes du quotidien et pr\u00e9venir la petite d\u00e9linquance. La police municipale assure le bon ordre, la s\u00fbret\u00e9, la s\u00e9curit\u00e9 et la salubrit\u00e9 publiques. Elle assure \u00e9galement une mission d\u2019accueil du public pour les d\u00e9marches administratives et veille au respect de la r\u00e9glementation \u00e9mise par l\u2019autorit\u00e9 municipale. Coordonn\u00e9es de la police municipale \u00e0 Toulon : 1 place Louis Pasteur 83000 Toulon T\u00e9l\u00a0: 04.94.36.37.38 &nbsp; Site internet\u00a0: https:\/\/toulon.fr\/toulon-pratique\/article\/police-municipale-0 \u00a0 Les pouvoirs de police du Maire Le maire est l&rsquo;autorit\u00e9 comp\u00e9tente pour prendre et faire respecter les mesures n\u00e9cessaires au maintien de l&rsquo;ordre, de la s\u00e9curit\u00e9, de la tranquillit\u00e9 et de la salubrit\u00e9 publics sur le territoire de la commune. Il est charg\u00e9, sous le contr\u00f4le administratif du repr\u00e9sentant de l&rsquo;Etat dans le d\u00e9partement, de la police municipale, de la police rurale ainsi que de l&rsquo;ex\u00e9cution des actes de l&rsquo;Etat qui y sont relatifs. Le maire a comp\u00e9tence pour exercer son pouvoir de police sur l\u2019ensemble du territoire communal, y compris sur le domaine public maritime ainsi que sur les plans d\u2019eau situ\u00e9s sur le territoire de la commune. Le pouvoir de police confi\u00e9 au maire est un pouvoir qui lui est propre, qu\u2019il est seul \u00e0 pouvoir mettre en \u0153uvre. &nbsp; La gendarmerie nationale La gendarmerie nationale est une des plus anciennes institutions fran\u00e7aises. Plac\u00e9e sous l\u2019autorit\u00e9 du ministre de l\u2019Int\u00e9rieur, elle est une force arm\u00e9e institu\u00e9e pour veiller \u00e0 la s\u00fbret\u00e9 et la s\u00e9curit\u00e9 publiques. Elle contribue en toutes circonstances \u00e0 la protection des populations, elle participe \u00e0 la d\u00e9fense de la patrie et des int\u00e9r\u00eats sup\u00e9rieurs de la Nation. Elle a pour missions de\u00a0: Rassurer et prot\u00e9ger en assurant la pr\u00e9vention de la d\u00e9linquance, la lutte contre l\u2019ins\u00e9curit\u00e9 routi\u00e8re et l\u2019assistance et le secours aux personnes. Enqu\u00eater et interpeller en exer\u00e7ant la mission essentielle de police judiciaire. S\u00e9curiser et maintenir l\u2019ordre, mission principale des unit\u00e9s de gendarmerie mobile. Intervenir et d\u00e9fendre. Groupement de gendarmerie d\u00e9partementale du Var Ce service ne re\u00e7oit pas de public 307 avenue Eole 83160 La Valette-du-Var T\u00e9l\u00a0: 04.94.46.73.00\u00a0 &#8211; Fax\u00a0: 04.94.46.73.52 Courriel\u00a0: ggd83@gendarmerie.interieur.gouv.fr Site internet\u00a0: https:\/\/www.gendarmerie.interieur.gouv.fr\/ https:\/\/www.defense.gouv.fr\/gendarmerie<\/p>\n","protected":false},"author":1,"featured_media":0,"parent":0,"menu_order":0,"comment_status":"closed","ping_status":"closed","template":"","meta":{"_monsterinsights_skip_tracking":false,"_monsterinsights_sitenote_active":false,"_monsterinsights_sitenote_note":"","_monsterinsights_sitenote_category":0,"footnotes":""},"class_list":["post-159","page","type-page","status-publish","hentry"],"_links":{"self":[{"href":"https:\/\/cdad83.fr\/index.php\/wp-json\/wp\/v2\/pages\/159","targetHints":{"allow":["GET"]}}],"collection":[{"href":"https:\/\/cdad83.fr\/index.php\/wp-json\/wp\/v2\/pages"}],"about":[{"href":"https:\/\/cdad83.fr\/index.php\/wp-json\/wp\/v2\/types\/page"}],"author":[{"embeddable":true,"href":"https:\/\/cdad83.fr\/index.php\/wp-json\/wp\/v2\/users\/1"}],"replies":[{"embeddable":true,"href":"https:\/\/cdad83.fr\/index.php\/wp-json\/wp\/v2\/comments?post=159"}],"version-history":[{"count":0,"href":"https:\/\/cdad83.fr\/index.php\/wp-json\/wp\/v2\/pages\/159\/revisions"}],"wp:attachment":[{"href":"https:\/\/cdad83.fr\/index.php\/wp-json\/wp\/v2\/media?parent=159"}],"curies":[{"name":"wp","href":"https:\/\/api.w.org\/{rel}","templated":true}]}}