{"id":1741,"date":"2020-12-16T10:07:04","date_gmt":"2020-12-16T09:07:04","guid":{"rendered":"http:\/\/cdad83.fr\/?page_id=1741"},"modified":"2024-08-29T14:05:43","modified_gmt":"2024-08-29T12:05:43","slug":"huissiers-de-justice","status":"publish","type":"page","link":"https:\/\/cdad83.fr\/index.php\/huissiers-de-justice\/","title":{"rendered":"Commissaires de Justice ( Anciennement Huissiers de justice)"},"content":{"rendered":"\n<p>La liste des permanences des <strong>commissaire de justice<\/strong> :&nbsp;<\/p>\n\n\n\n<figure class=\"wp-block-table is-style-stripes\"><table class=\"has-fixed-layout\"><thead><tr><th class=\"has-text-align-center\" data-align=\"center\">Ville<\/th><th class=\"has-text-align-center\" data-align=\"center\">Date<\/th><th class=\"has-text-align-center\" data-align=\"center\">T\u00e9l\u00e9phone<\/th><\/tr><\/thead><tbody><tr><td class=\"has-text-align-center\" data-align=\"center\">Draguignan<\/td><td class=\"has-text-align-center\" data-align=\"center\">2e lundi du mois<\/td><td class=\"has-text-align-center\" data-align=\"center\">04 98 10 29 20<\/td><\/tr><tr><td class=\"has-text-align-center\" data-align=\"center\">Fr\u00e9jus<\/td><td class=\"has-text-align-center\" data-align=\"center\">2e jeudi du mois<\/td><td class=\"has-text-align-center\" data-align=\"center\">04 94 51 76 42<\/td><\/tr><tr><td class=\"has-text-align-center\" data-align=\"center\">Hy\u00e8res<\/td><td class=\"has-text-align-center\" data-align=\"center\">1er lundi du mois<\/td><td class=\"has-text-align-center\" data-align=\"center\">04 94 01 84 04<\/td><\/tr><tr><td class=\"has-text-align-center\" data-align=\"center\">La Seyne-sur-Mer<\/td><td class=\"has-text-align-center\" data-align=\"center\">1er jeudi du mois<\/td><td class=\"has-text-align-center\" data-align=\"center\">04 94 06 97 46<\/td><\/tr><tr><td class=\"has-text-align-center\" data-align=\"center\">Brignoles \/ St Maximin<\/td><td class=\"has-text-align-center\" data-align=\"center\">3e vendredi du mois<\/td><td class=\"has-text-align-center\" data-align=\"center\">04 98 05 93 73 <br>ou <br>04 94 86 65 10<\/td><\/tr><tr><td class=\"has-text-align-center\" data-align=\"center\">St Rapha\u00ebl<\/td><td class=\"has-text-align-center\" data-align=\"center\">2e mardi du mois<\/td><td class=\"has-text-align-center\" data-align=\"center\">04 94 40 40 20<\/td><\/tr><tr><td class=\"has-text-align-center\" data-align=\"center\">Toulon<\/td><td class=\"has-text-align-center\" data-align=\"center\">4e vendredi du mois<\/td><td class=\"has-text-align-center\" data-align=\"center\">04 94 87 04 60<\/td><\/tr><\/tbody><\/table><\/figure>\n","protected":false},"excerpt":{"rendered":"<p>La liste des permanences des commissaire de justice :&nbsp; Ville Date T\u00e9l\u00e9phone Draguignan 2e lundi du mois 04 98 10 29 20 Fr\u00e9jus 2e jeudi du mois 04 94 51 76 42 Hy\u00e8res 1er lundi du mois 04 94 01 84 04 La Seyne-sur-Mer 1er jeudi du mois 04 94 06 97 46 Brignoles \/ St Maximin 3e vendredi du mois 04 98 05 93 73 ou 04 94 86 65 10 St Rapha\u00ebl 2e mardi du mois 04 94 40 40 20 Toulon 4e vendredi du mois 04 94 87 04 60<\/p>\n","protected":false},"author":3,"featured_media":0,"parent":0,"menu_order":0,"comment_status":"closed","ping_status":"closed","template":"","meta":{"_monsterinsights_skip_tracking":false,"_monsterinsights_sitenote_active":false,"_monsterinsights_sitenote_note":"","_monsterinsights_sitenote_category":0,"footnotes":""},"class_list":["post-1741","page","type-page","status-publish","hentry"],"_links":{"self":[{"href":"https:\/\/cdad83.fr\/index.php\/wp-json\/wp\/v2\/pages\/1741","targetHints":{"allow":["GET"]}}],"collection":[{"href":"https:\/\/cdad83.fr\/index.php\/wp-json\/wp\/v2\/pages"}],"about":[{"href":"https:\/\/cdad83.fr\/index.php\/wp-json\/wp\/v2\/types\/page"}],"author":[{"embeddable":true,"href":"https:\/\/cdad83.fr\/index.php\/wp-json\/wp\/v2\/users\/3"}],"replies":[{"embeddable":true,"href":"https:\/\/cdad83.fr\/index.php\/wp-json\/wp\/v2\/comments?post=1741"}],"version-history":[{"count":0,"href":"https:\/\/cdad83.fr\/index.php\/wp-json\/wp\/v2\/pages\/1741\/revisions"}],"wp:attachment":[{"href":"https:\/\/cdad83.fr\/index.php\/wp-json\/wp\/v2\/media?parent=1741"}],"curies":[{"name":"wp","href":"https:\/\/api.w.org\/{rel}","templated":true}]}}