{"id":1753,"date":"2020-12-16T11:54:41","date_gmt":"2020-12-16T10:54:41","guid":{"rendered":"http:\/\/cdad83.fr\/?page_id=1753"},"modified":"2025-11-10T13:08:31","modified_gmt":"2025-11-10T12:08:31","slug":"avocats-generalistes","status":"publish","type":"page","link":"https:\/\/cdad83.fr\/index.php\/avocats-generalistes\/","title":{"rendered":"Avocats g\u00e9n\u00e9ralistes"},"content":{"rendered":"\n<p>Le Conseil D\u00e9partemental de l&rsquo;Acc\u00e8s au Droit du Var vous propose des permanences avec des avocats g\u00e9n\u00e9ralistes gratuites et confidentiels. <\/p>\n\n\n\n<h2 class=\"wp-block-heading has-text-align-center\"><strong>Aire toulonnaise<\/strong><\/h2>\n\n\n\n<div style=\"height:50px\" aria-hidden=\"true\" class=\"wp-block-spacer\"><\/div>\n\n\n\n<div class=\"wp-block-group\"><div class=\"wp-block-group__inner-container is-layout-flow wp-block-group-is-layout-flow\">\n<figure class=\"wp-block-table is-style-stripes\"><table class=\"has-fixed-layout\"><thead><tr><th class=\"has-text-align-center\" data-align=\"center\">Ville<\/th><th class=\"has-text-align-center\" data-align=\"center\">Date<\/th><th class=\"has-text-align-center\" data-align=\"center\">T\u00e9l\u00e9phone<\/th><\/tr><\/thead><tbody><tr><td class=\"has-text-align-center\" data-align=\"center\">Bandol<\/td><td class=\"has-text-align-center\" data-align=\"center\">1er mardi<\/td><td class=\"has-text-align-center\" data-align=\"center\">04 94 29 12 30\/32<\/td><\/tr><tr><td class=\"has-text-align-center\" data-align=\"center\">Belgentier<\/td><td class=\"has-text-align-center\" data-align=\"center\">2e lundi<\/td><td class=\"has-text-align-center\" data-align=\"center\">04 94 33 13 00<\/td><\/tr><tr><td class=\"has-text-align-center\" data-align=\"center\">Bormes-les-Mimosas<\/td><td class=\"has-text-align-center\" data-align=\"center\">1er mercredi<\/td><td class=\"has-text-align-center\" data-align=\"center\">04 94 01 58 66<\/td><\/tr><tr><td class=\"has-text-align-center\" data-align=\"center\">Carnoules<\/td><td class=\"has-text-align-center\" data-align=\"center\">2e mardi<\/td><td class=\"has-text-align-center\" data-align=\"center\">04 94 13 80 00<\/td><\/tr><tr><td class=\"has-text-align-center\" data-align=\"center\">Carqueiranne<\/td><td class=\"has-text-align-center\" data-align=\"center\">1er et 4e mercredi<\/td><td class=\"has-text-align-center\" data-align=\"center\">04 94 12 34 30<\/td><\/tr><tr><td class=\"has-text-align-center\" data-align=\"center\">Cuers<\/td><td class=\"has-text-align-center\" data-align=\"center\">1er et 3e jeudi<\/td><td class=\"has-text-align-center\" data-align=\"center\">04 94 33 11 00<\/td><\/tr><tr><td class=\"has-text-align-center\" data-align=\"center\">Hy\u00e8res<\/td><td class=\"has-text-align-center\" data-align=\"center\">2e, 3e et 4e lundi<\/td><td class=\"has-text-align-center\" data-align=\"center\">04 94 01 84 04<\/td><\/tr><tr><td class=\"has-text-align-center\" data-align=\"center\">La Farl\u00e8de<\/td><td class=\"has-text-align-center\" data-align=\"center\">4e vendredi<\/td><td class=\"has-text-align-center\" data-align=\"center\">04 94 27 85 84<\/td><\/tr><tr><td class=\"has-text-align-center\" data-align=\"center\">La Garde<\/td><td class=\"has-text-align-center\" data-align=\"center\">1er et 3e vendredi<\/td><td class=\"has-text-align-center\" data-align=\"center\">04 94 08 99 37<\/td><\/tr><tr><td class=\"has-text-align-center\" data-align=\"center\">La Londe-les_Maures<\/td><td class=\"has-text-align-center\" data-align=\"center\">1er mardi<\/td><td class=\"has-text-align-center\" data-align=\"center\">04 94 01 55 00<\/td><\/tr><tr><td class=\"has-text-align-center\" data-align=\"center\">Le Beausset<\/td><td class=\"has-text-align-center\" data-align=\"center\">3e vendredi<\/td><td class=\"has-text-align-center\" data-align=\"center\">04 94 02 39 23<\/td><\/tr><tr><td class=\"has-text-align-center\" data-align=\"center\">La Seyne-sur-Mer<\/td><td class=\"has-text-align-center\" data-align=\"center\">Tous les lundi et mardi<\/td><td class=\"has-text-align-center\" data-align=\"center\">04 94 06 97 46<\/td><\/tr><tr><td class=\"has-text-align-center\" data-align=\"center\">Le Revest-les-Eaux<\/td><td class=\"has-text-align-center\" data-align=\"center\">1er vendredi<\/td><td class=\"has-text-align-center\" data-align=\"center\">04 94 98 19 90<\/td><\/tr><tr><td class=\"has-text-align-center\" data-align=\"center\">Ollioules<\/td><td class=\"has-text-align-center\" data-align=\"center\">1er et 3e mercredi<\/td><td class=\"has-text-align-center\" data-align=\"center\">04 94 30 41 33<\/td><\/tr><tr><td class=\"has-text-align-center\" data-align=\"center\">Pierrefeu<\/td><td class=\"has-text-align-center\" data-align=\"center\">1er jeudi<\/td><td class=\"has-text-align-center\" data-align=\"center\">04 94 13 53 13<\/td><\/tr><tr><td class=\"has-text-align-center\" data-align=\"center\">Saint-Cyr-sur-Mer<\/td><td class=\"has-text-align-center\" data-align=\"center\">1er et 3e lundi<\/td><td class=\"has-text-align-center\" data-align=\"center\">04 94 32 01 79<\/td><\/tr><tr><td class=\"has-text-align-center\" data-align=\"center\">Saint-Mandrier<\/td><td class=\"has-text-align-center\" data-align=\"center\">4e mercredi<\/td><td class=\"has-text-align-center\" data-align=\"center\">04 94 11 51 60<\/td><\/tr><tr><td class=\"has-text-align-center\" data-align=\"center\">Sanary-sur-Mer<\/td><td class=\"has-text-align-center\" data-align=\"center\">1er et 3e mercredi<\/td><td class=\"has-text-align-center\" data-align=\"center\">04 94 88 50 70<\/td><\/tr><tr><td class=\"has-text-align-center\" data-align=\"center\">Six-Fours-les-Plages<\/td><td class=\"has-text-align-center\" data-align=\"center\">2e et 4e jeudi<\/td><td class=\"has-text-align-center\" data-align=\"center\">04 94 34 94 50<\/td><\/tr><tr><td class=\"has-text-align-center\" data-align=\"center\">Solli\u00e8s-Toucas<\/td><td class=\"has-text-align-center\" data-align=\"center\">1er vendredi<\/td><td class=\"has-text-align-center\" data-align=\"center\">04 94 28 90 47<\/td><\/tr><tr><td class=\"has-text-align-center\" data-align=\"center\">Toulon (MJD)<\/td><td class=\"has-text-align-center\" data-align=\"center\">Tous les lundi et jeudi<\/td><td class=\"has-text-align-center\" data-align=\"center\">04 94 87 14 60<\/td><\/tr><tr><td class=\"has-text-align-center\" data-align=\"center\">Toulon ( TJ)<\/td><td class=\"has-text-align-center\" data-align=\"center\">Jeudi \u00e0 partir de 14h<\/td><td class=\"has-text-align-center\" data-align=\"center\"><strong>sur rendez-vous <\/strong><br>04.22.80.15.21<br><mark style=\"background-color:rgba(0, 0, 0, 0)\" class=\"has-inline-color has-vivid-red-color\">prise de rendez-vous le lundi mardi<\/mark><strong><mark style=\"background-color:rgba(0, 0, 0, 0)\" class=\"has-inline-color has-vivid-red-color\"> matin uniquement<\/mark><\/strong><br>Les rendez-vous seront pris pour la semaine en cours.<\/td><\/tr><tr><td class=\"has-text-align-center\" data-align=\"center\">Toulon, Pont du las<\/td><td class=\"has-text-align-center\" data-align=\"center\">1er et 3e vendredi du mois<\/td><td class=\"has-text-align-center\" data-align=\"center\">04 94 36 37 02<\/td><\/tr><tr><td class=\"has-text-align-center\" data-align=\"center\"><s>Toulon, St Musse<\/s><\/td><td class=\"has-text-align-center\" data-align=\"center\"><s>3e jeudi<\/s><\/td><td class=\"has-text-align-center\" data-align=\"center\"><s>04 94 36 47 66<\/s><\/td><\/tr><\/tbody><\/table><\/figure>\n<\/div><\/div>\n\n\n\n<div style=\"height:51px\" aria-hidden=\"true\" class=\"wp-block-spacer\"><\/div>\n\n\n\n<h2 class=\"wp-block-heading has-text-align-center\"><strong>Aire drac\u00e9noise<\/strong><\/h2>\n\n\n\n<div style=\"height:50px\" aria-hidden=\"true\" class=\"wp-block-spacer\"><\/div>\n\n\n\n<figure class=\"wp-block-table is-style-stripes\"><table class=\"has-fixed-layout\"><thead><tr><th class=\"has-text-align-center\" data-align=\"center\">Ville<\/th><th class=\"has-text-align-center\" data-align=\"center\">Date<\/th><th class=\"has-text-align-center\" data-align=\"center\">T\u00e9l\u00e9phone<\/th><\/tr><\/thead><tbody><tr><td class=\"has-text-align-center\" data-align=\"center\">Aups<\/td><td class=\"has-text-align-center\" data-align=\"center\">2e et 4e mardi<\/td><td class=\"has-text-align-center\" data-align=\"center\">04 98 10 29 43<\/td><\/tr><tr><td class=\"has-text-align-center\" data-align=\"center\">Brignoles<\/td><td class=\"has-text-align-center\" data-align=\"center\">1er, 3e et 4e mercredi<\/td><td class=\"has-text-align-center\" data-align=\"center\">04 98 05 93 73<\/td><\/tr><tr><td class=\"has-text-align-center\" data-align=\"center\">Barjols<\/td><td class=\"has-text-align-center\" data-align=\"center\">2e et 4 e lundi<\/td><td class=\"has-text-align-center\" data-align=\"center\">04 82 29 96 44<\/td><\/tr><tr><td class=\"has-text-align-center\" data-align=\"center\">Cavalaire-sur-mer<\/td><td class=\"has-text-align-center\" data-align=\"center\">1er et 3e jeudi<\/td><td class=\"has-text-align-center\" data-align=\"center\">04 94 64 45 20<\/td><\/tr><tr><td class=\"has-text-align-center\" data-align=\"center\">Draguignan<\/td><td class=\"has-text-align-center\" data-align=\"center\">1er, 3e et 4e mercredi<\/td><td class=\"has-text-align-center\" data-align=\"center\">04 98 10 29 20<\/td><\/tr><tr><td class=\"has-text-align-center\" data-align=\"center\">Fayence<\/td><td class=\"has-text-align-center\" data-align=\"center\">2e et 4e lundi<\/td><td class=\"has-text-align-center\" data-align=\"center\">04 94 39 09 10<\/td><\/tr><tr><td class=\"has-text-align-center\" data-align=\"center\">Flassans-sur-Issole<\/td><td class=\"has-text-align-center\" data-align=\"center\">Tous les deux mois<\/td><td class=\"has-text-align-center\" data-align=\"center\">04 94 37 00 50<\/td><\/tr><tr><td class=\"has-text-align-center\" data-align=\"center\">Fr\u00e9jus<\/td><td class=\"has-text-align-center\" data-align=\"center\">2e et 4e vendredi<\/td><td class=\"has-text-align-center\" data-align=\"center\">04 94 51 76 42<\/td><\/tr><tr><td class=\"has-text-align-center\" data-align=\"center\">Fr\u00e9jus (TP)<\/td><td class=\"has-text-align-center\" data-align=\"center\">1er mercredis<br>SANS RENDEZ-VOUS<\/td><td class=\"has-text-align-center\" data-align=\"center\">04 94 44 54 10<\/td><\/tr><tr><td class=\"has-text-align-center\" data-align=\"center\">Le Cannet-des-Maures<\/td><td class=\"has-text-align-center\" data-align=\"center\">3e lundi<\/td><td class=\"has-text-align-center\" data-align=\"center\">04 94 50 08 21<\/td><\/tr><tr><td class=\"has-text-align-center\" data-align=\"center\">Le Luc-en-Provence<\/td><td class=\"has-text-align-center\" data-align=\"center\">1er lundi<\/td><td class=\"has-text-align-center\" data-align=\"center\">04 94 73 84 58<\/td><\/tr><tr><td class=\"has-text-align-center\" data-align=\"center\">Le Muy<\/td><td class=\"has-text-align-center\" data-align=\"center\">1er mardi<\/td><td class=\"has-text-align-center\" data-align=\"center\">04 98 12 49 36<\/td><\/tr><tr><td class=\"has-text-align-center\" data-align=\"center\">Puget-sur-Argens<\/td><td class=\"has-text-align-center\" data-align=\"center\">3e vendredi<\/td><td class=\"has-text-align-center\" data-align=\"center\">04 94 19 67 00<\/td><\/tr><tr><td class=\"has-text-align-center\" data-align=\"center\">Rians<\/td><td class=\"has-text-align-center\" data-align=\"center\">Tous les deux mois<\/td><td class=\"has-text-align-center\" data-align=\"center\">04 82 29 96 46<\/td><\/tr><tr><td class=\"has-text-align-center\" data-align=\"center\">Saint Maximin<\/td><td class=\"has-text-align-center\" data-align=\"center\">2e et 4e mardi<\/td><td class=\"has-text-align-center\" data-align=\"center\">04 94 86 65 10<\/td><\/tr><tr><td class=\"has-text-align-center\" data-align=\"center\">Saint Rapha\u00ebl<\/td><td class=\"has-text-align-center\" data-align=\"center\">1er lundi<\/td><td class=\"has-text-align-center\" data-align=\"center\">04 94 40 40 20<\/td><\/tr><tr><td class=\"has-text-align-center\" data-align=\"center\">Saint Tropez<\/td><td class=\"has-text-align-center\" data-align=\"center\">1er et 3e jeudi<\/td><td class=\"has-text-align-center\" data-align=\"center\">04 94 97 81 57<\/td><\/tr><tr><td class=\"has-text-align-center\" data-align=\"center\">Vidauban<\/td><td class=\"has-text-align-center\" data-align=\"center\">1er mardi <\/td><td class=\"has-text-align-center\" data-align=\"center\">04 98 10 29 20<\/td><\/tr><\/tbody><\/table><\/figure>\n\n\n\n<p><\/p>\n","protected":false},"excerpt":{"rendered":"<p>Le Conseil D\u00e9partemental de l&rsquo;Acc\u00e8s au Droit du Var vous propose des permanences avec des avocats g\u00e9n\u00e9ralistes gratuites et confidentiels. Aire toulonnaise Ville Date T\u00e9l\u00e9phone Bandol 1er mardi 04 94 29 12 30\/32 Belgentier 2e lundi 04 94 33 13 00 Bormes-les-Mimosas 1er mercredi 04 94 01 58 66 Carnoules 2e mardi 04 94 13 80 00 Carqueiranne 1er et 4e mercredi 04 94 12 34 30 Cuers 1er et 3e jeudi 04 94 33 11 00 Hy\u00e8res 2e, 3e et 4e lundi 04 94 01 84 04 La Farl\u00e8de 4e vendredi 04 94 27 85 84 La Garde 1er et 3e vendredi 04 94 08 99 37 La Londe-les_Maures 1er mardi 04 94 01 55 00 Le Beausset 3e vendredi 04 94 02 39 23 La Seyne-sur-Mer Tous les lundi et mardi 04 94 06 97 46 Le Revest-les-Eaux 1er vendredi 04 94 98 19 90 Ollioules 1er et 3e mercredi 04 94 30 41 33 Pierrefeu 1er jeudi 04 94 13 53 13 Saint-Cyr-sur-Mer 1er et 3e lundi 04 94 32 01 79 Saint-Mandrier 4e mercredi 04 94 11 51 60 Sanary-sur-Mer 1er et 3e mercredi 04 94 88 50 70 Six-Fours-les-Plages 2e et 4e jeudi 04 94 34 94 50 Solli\u00e8s-Toucas 1er vendredi 04 94 28 90 47 Toulon (MJD) Tous les lundi et jeudi 04 94 87 14 60 Toulon ( TJ) Jeudi \u00e0 partir de 14h sur rendez-vous 04.22.80.15.21prise de rendez-vous le lundi mardi matin uniquementLes rendez-vous seront pris pour la semaine en cours. Toulon, Pont du las 1er et 3e vendredi du mois 04 94 36 37 02 Toulon, St Musse 3e jeudi 04 94 36 47 66 Aire drac\u00e9noise Ville Date T\u00e9l\u00e9phone Aups 2e et 4e mardi 04 98 10 29 43 Brignoles 1er, 3e et 4e mercredi 04 98 05 93 73 Barjols 2e et 4 e lundi 04 82 29 96 44 Cavalaire-sur-mer 1er et 3e jeudi 04 94 64 45 20 Draguignan 1er, 3e et 4e mercredi 04 98 10 29 20 Fayence 2e et 4e lundi 04 94 39 09 10 Flassans-sur-Issole Tous les deux mois 04 94 37 00 50 Fr\u00e9jus 2e et 4e vendredi 04 94 51 76 42 Fr\u00e9jus (TP) 1er mercredisSANS RENDEZ-VOUS 04 94 44 54 10 Le Cannet-des-Maures 3e lundi 04 94 50 08 21 Le Luc-en-Provence 1er lundi 04 94 73 84 58 Le Muy 1er mardi 04 98 12 49 36 Puget-sur-Argens 3e vendredi 04 94 19 67 00 Rians Tous les deux mois 04 82 29 96 46 Saint Maximin 2e et 4e mardi 04 94 86 65 10 Saint Rapha\u00ebl 1er lundi 04 94 40 40 20 Saint Tropez 1er et 3e jeudi 04 94 97 81 57 Vidauban 1er mardi 04 98 10 29 20<\/p>\n","protected":false},"author":3,"featured_media":0,"parent":0,"menu_order":0,"comment_status":"closed","ping_status":"closed","template":"","meta":{"_monsterinsights_skip_tracking":false,"_monsterinsights_sitenote_active":false,"_monsterinsights_sitenote_note":"","_monsterinsights_sitenote_category":0,"footnotes":""},"class_list":["post-1753","page","type-page","status-publish","hentry"],"_links":{"self":[{"href":"https:\/\/cdad83.fr\/index.php\/wp-json\/wp\/v2\/pages\/1753","targetHints":{"allow":["GET"]}}],"collection":[{"href":"https:\/\/cdad83.fr\/index.php\/wp-json\/wp\/v2\/pages"}],"about":[{"href":"https:\/\/cdad83.fr\/index.php\/wp-json\/wp\/v2\/types\/page"}],"author":[{"embeddable":true,"href":"https:\/\/cdad83.fr\/index.php\/wp-json\/wp\/v2\/users\/3"}],"replies":[{"embeddable":true,"href":"https:\/\/cdad83.fr\/index.php\/wp-json\/wp\/v2\/comments?post=1753"}],"version-history":[{"count":1,"href":"https:\/\/cdad83.fr\/index.php\/wp-json\/wp\/v2\/pages\/1753\/revisions"}],"predecessor-version":[{"id":5091,"href":"https:\/\/cdad83.fr\/index.php\/wp-json\/wp\/v2\/pages\/1753\/revisions\/5091"}],"wp:attachment":[{"href":"https:\/\/cdad83.fr\/index.php\/wp-json\/wp\/v2\/media?parent=1753"}],"curies":[{"name":"wp","href":"https:\/\/api.w.org\/{rel}","templated":true}]}}