{"id":1825,"date":"2020-12-16T16:06:54","date_gmt":"2020-12-16T15:06:54","guid":{"rendered":"http:\/\/cdad83.fr\/?page_id=1825"},"modified":"2024-12-23T12:24:15","modified_gmt":"2024-12-23T11:24:15","slug":"ecrivains-publics","status":"publish","type":"page","link":"https:\/\/cdad83.fr\/index.php\/ecrivains-publics\/","title":{"rendered":"Ecrivains publics"},"content":{"rendered":"\n<p>Liste des permanences des <strong>\u00e9crivains publics<\/strong> :&nbsp;<\/p>\n\n\n\n<figure class=\"wp-block-table is-style-stripes\"><table class=\"has-fixed-layout\"><thead><tr><th class=\"has-text-align-center\" data-align=\"center\">Ville<\/th><th class=\"has-text-align-center\" data-align=\"center\">Date<\/th><th class=\"has-text-align-center\" data-align=\"center\">T\u00e9l\u00e9phone<\/th><\/tr><\/thead><tbody><tr><td class=\"has-text-align-center\" data-align=\"center\">Aups <\/td><td class=\"has-text-align-center\" data-align=\"center\">2\u00e8me  mardi<\/td><td class=\"has-text-align-center\" data-align=\"center\">04 98 10 29 43<\/td><\/tr><tr><td class=\"has-text-align-center\" data-align=\"center\">Fr\u00e9jus<\/td><td class=\"has-text-align-center\" data-align=\"center\">1er et 3e lundis du mois<\/td><td class=\"has-text-align-center\" data-align=\"center\">04 94 51 76 42<\/td><\/tr><tr><td class=\"has-text-align-center\" data-align=\"center\">La Garde Freinet<\/td><td class=\"has-text-align-center\" data-align=\"center\">2 fois par mois<\/td><td class=\"has-text-align-center\" data-align=\"center\">06 24 92 53 86<\/td><\/tr><tr><td class=\"has-text-align-center\" data-align=\"center\">Le Muy<\/td><td class=\"has-text-align-center\" data-align=\"center\">1er et 3e jeudi du mois<\/td><td class=\"has-text-align-center\" data-align=\"center\">04 98 12 49 36<\/td><\/tr><tr><td class=\"has-text-align-center\" data-align=\"center\">La Seyne-sur-Mer<\/td><td class=\"has-text-align-center\" data-align=\"center\">Les 3 premiers lundis du mois<\/td><td class=\"has-text-align-center\" data-align=\"center\">04 94 06 97 46<\/td><\/tr><tr><td class=\"has-text-align-center\" data-align=\"center\">Toulon MJD (Ecrit Plume)<\/td><td class=\"has-text-align-center\" data-align=\"center\">Les mardis apr\u00e8s-midi<\/td><td class=\"has-text-align-center\" data-align=\"center\">04 94 87 14 60<\/td><\/tr><tr><td class=\"has-text-align-center\" data-align=\"center\">Toulon MJD (LM ecrire)<\/td><td class=\"has-text-align-center\" data-align=\"center\">Les Jeudis matin<\/td><td class=\"has-text-align-center\" data-align=\"center\">04 94 87 14 60<\/td><\/tr><\/tbody><\/table><\/figure>\n\n\n\n<p><\/p>\n","protected":false},"excerpt":{"rendered":"<p>Liste des permanences des \u00e9crivains publics :&nbsp; Ville Date T\u00e9l\u00e9phone Aups 2\u00e8me mardi 04 98 10 29 43 Fr\u00e9jus 1er et 3e lundis du mois 04 94 51 76 42 La Garde Freinet 2 fois par mois 06 24 92 53 86 Le Muy 1er et 3e jeudi du mois 04 98 12 49 36 La Seyne-sur-Mer Les 3 premiers lundis du mois 04 94 06 97 46 Toulon MJD (Ecrit Plume) Les mardis apr\u00e8s-midi 04 94 87 14 60 Toulon MJD (LM ecrire) Les Jeudis matin 04 94 87 14 60<\/p>\n","protected":false},"author":3,"featured_media":0,"parent":0,"menu_order":0,"comment_status":"closed","ping_status":"closed","template":"","meta":{"_monsterinsights_skip_tracking":false,"_monsterinsights_sitenote_active":false,"_monsterinsights_sitenote_note":"","_monsterinsights_sitenote_category":0,"footnotes":""},"class_list":["post-1825","page","type-page","status-publish","hentry"],"_links":{"self":[{"href":"https:\/\/cdad83.fr\/index.php\/wp-json\/wp\/v2\/pages\/1825","targetHints":{"allow":["GET"]}}],"collection":[{"href":"https:\/\/cdad83.fr\/index.php\/wp-json\/wp\/v2\/pages"}],"about":[{"href":"https:\/\/cdad83.fr\/index.php\/wp-json\/wp\/v2\/types\/page"}],"author":[{"embeddable":true,"href":"https:\/\/cdad83.fr\/index.php\/wp-json\/wp\/v2\/users\/3"}],"replies":[{"embeddable":true,"href":"https:\/\/cdad83.fr\/index.php\/wp-json\/wp\/v2\/comments?post=1825"}],"version-history":[{"count":0,"href":"https:\/\/cdad83.fr\/index.php\/wp-json\/wp\/v2\/pages\/1825\/revisions"}],"wp:attachment":[{"href":"https:\/\/cdad83.fr\/index.php\/wp-json\/wp\/v2\/media?parent=1825"}],"curies":[{"name":"wp","href":"https:\/\/api.w.org\/{rel}","templated":true}]}}