{"id":1827,"date":"2020-12-16T16:11:34","date_gmt":"2020-12-16T15:11:34","guid":{"rendered":"http:\/\/cdad83.fr\/?page_id=1827"},"modified":"2021-06-08T16:06:17","modified_gmt":"2021-06-08T14:06:17","slug":"cidff","status":"publish","type":"page","link":"https:\/\/cdad83.fr\/index.php\/cidff\/","title":{"rendered":"Associations"},"content":{"rendered":"\n<p>La liste des permanences du <strong>CIDFF du Var (Centre d&rsquo;information sur les droits des femmes et des familles)<\/strong><\/p>\n\n\n\n<figure class=\"wp-block-table is-style-stripes\"><table class=\"has-fixed-layout\"><thead><tr><th class=\"has-text-align-center\" data-align=\"center\">Ville<\/th><th class=\"has-text-align-center\" data-align=\"center\">Date<\/th><th class=\"has-text-align-center\" data-align=\"center\">T\u00e9l\u00e9phone<\/th><\/tr><\/thead><tbody><tr><td class=\"has-text-align-center\" data-align=\"center\">Brignoles<\/td><td class=\"has-text-align-center\" data-align=\"center\">Tous les vendredis<\/td><td class=\"has-text-align-center\" data-align=\"center\">04 98 05 93 73<\/td><\/tr><tr><td class=\"has-text-align-center\" data-align=\"center\">Draguignan<\/td><td class=\"has-text-align-center\" data-align=\"center\">1 vendredi par mois<\/td><td class=\"has-text-align-center\" data-align=\"center\">04 98 10 29 20<\/td><\/tr><tr><td class=\"has-text-align-center\" data-align=\"center\">Fr\u00e9jus<\/td><td class=\"has-text-align-center\" data-align=\"center\">1 lundi par mois<\/td><td class=\"has-text-align-center\" data-align=\"center\">04 94 51 76 42<\/td><\/tr><tr><td class=\"has-text-align-center\" data-align=\"center\">Hy\u00e8res<\/td><td class=\"has-text-align-center\" data-align=\"center\">3 mardis par mois<\/td><td class=\"has-text-align-center\" data-align=\"center\">04 94 01 84 04<\/td><\/tr><tr><td class=\"has-text-align-center\" data-align=\"center\">Toulon<\/td><td class=\"has-text-align-center\" data-align=\"center\">1 mercredi par mois<\/td><td class=\"has-text-align-center\" data-align=\"center\">04 94 65 82 84<\/td><\/tr><\/tbody><\/table><\/figure>\n\n\n\n<p>Nous vous \u00e0 votre disposition des liens vers les permanences de nos partenaires associatifs : <\/p>\n\n\n\n<div class=\"wp-block-buttons is-content-justification-center is-layout-flex wp-block-buttons-is-layout-flex\">\n<div class=\"wp-block-button is-style-outline is-style-outline--1\"><a class=\"wp-block-button__link has-black-color has-white-background-color has-text-color has-background\" href=\"https:\/\/cdad83.fr\/wp-content\/uploads\/2021\/03\/ilovepdf_merged.pdf\"><strong>Information et Soutien aux Tuteurs Familiaux du Var<\/strong><\/a><\/div>\n\n\n\n<div class=\"wp-block-button is-style-outline is-style-outline--2\"><a class=\"wp-block-button__link has-black-color has-white-background-color has-text-color has-background\" href=\"https:\/\/cdad83.fr\/wp-content\/uploads\/2021\/03\/Permanences-AAVIV.pdf\"><strong>Association d&rsquo;Aide aux Victimes d&rsquo;Infraction du Var<\/strong><\/a><\/div>\n<\/div>\n\n\n\n<p><\/p>\n","protected":false},"excerpt":{"rendered":"<p>La liste des permanences du CIDFF du Var (Centre d&rsquo;information sur les droits des femmes et des familles) Ville Date T\u00e9l\u00e9phone Brignoles Tous les vendredis 04 98 05 93 73 Draguignan 1 vendredi par mois 04 98 10 29 20 Fr\u00e9jus 1 lundi par mois 04 94 51 76 42 Hy\u00e8res 3 mardis par mois 04 94 01 84 04 Toulon 1 mercredi par mois 04 94 65 82 84 Nous vous \u00e0 votre disposition des liens vers les permanences de nos partenaires associatifs :<\/p>\n","protected":false},"author":3,"featured_media":0,"parent":0,"menu_order":0,"comment_status":"closed","ping_status":"closed","template":"","meta":{"_monsterinsights_skip_tracking":false,"_monsterinsights_sitenote_active":false,"_monsterinsights_sitenote_note":"","_monsterinsights_sitenote_category":0,"footnotes":""},"class_list":["post-1827","page","type-page","status-publish","hentry"],"_links":{"self":[{"href":"https:\/\/cdad83.fr\/index.php\/wp-json\/wp\/v2\/pages\/1827","targetHints":{"allow":["GET"]}}],"collection":[{"href":"https:\/\/cdad83.fr\/index.php\/wp-json\/wp\/v2\/pages"}],"about":[{"href":"https:\/\/cdad83.fr\/index.php\/wp-json\/wp\/v2\/types\/page"}],"author":[{"embeddable":true,"href":"https:\/\/cdad83.fr\/index.php\/wp-json\/wp\/v2\/users\/3"}],"replies":[{"embeddable":true,"href":"https:\/\/cdad83.fr\/index.php\/wp-json\/wp\/v2\/comments?post=1827"}],"version-history":[{"count":0,"href":"https:\/\/cdad83.fr\/index.php\/wp-json\/wp\/v2\/pages\/1827\/revisions"}],"wp:attachment":[{"href":"https:\/\/cdad83.fr\/index.php\/wp-json\/wp\/v2\/media?parent=1827"}],"curies":[{"name":"wp","href":"https:\/\/api.w.org\/{rel}","templated":true}]}}