{"id":189,"date":"2018-01-30T15:51:04","date_gmt":"2018-01-30T14:51:04","guid":{"rendered":"http:\/\/cdad83.fr\/?page_id=189"},"modified":"2025-04-09T11:54:33","modified_gmt":"2025-04-09T09:54:33","slug":"litige-avec-son-employeur","status":"publish","type":"page","link":"https:\/\/cdad83.fr\/index.php\/litige-avec-son-employeur\/","title":{"rendered":"Aide juridictionnelle"},"content":{"rendered":"\n<div style=\"height:56px\" aria-hidden=\"true\" class=\"wp-block-spacer\"><\/div>\n\n\n\n<h3 class=\"wp-block-heading has-text-align-center\">En cliquant sur le flyer vous serez redirigez sur le site du SIAJ pour faire votre demande en ligne. <\/h3>\n\n\n\n<div style=\"height:52px\" aria-hidden=\"true\" class=\"wp-block-spacer\"><\/div>\n\n\n\n<figure class=\"wp-block-image size-large\"><a href=\"https:\/\/www.aidejuridictionnelle.justice.fr\/\"><img fetchpriority=\"high\" decoding=\"async\" width=\"1024\" height=\"576\" src=\"https:\/\/cdad83.fr\/wp-content\/uploads\/2023\/04\/Title-Page-1024x576.png\" alt=\"\" class=\"wp-image-4226\" srcset=\"https:\/\/cdad83.fr\/wp-content\/uploads\/2023\/04\/Title-Page-1024x576.png 1024w, https:\/\/cdad83.fr\/wp-content\/uploads\/2023\/04\/Title-Page-300x169.png 300w, https:\/\/cdad83.fr\/wp-content\/uploads\/2023\/04\/Title-Page-768x432.png 768w, https:\/\/cdad83.fr\/wp-content\/uploads\/2023\/04\/Title-Page-1536x864.png 1536w, https:\/\/cdad83.fr\/wp-content\/uploads\/2023\/04\/Title-Page-1140x641.png 1140w, https:\/\/cdad83.fr\/wp-content\/uploads\/2023\/04\/Title-Page.png 1920w\" sizes=\"(max-width: 1024px) 100vw, 1024px\" \/><\/a><\/figure>\n\n\n\n<div style=\"height:59px\" aria-hidden=\"true\" class=\"wp-block-spacer\"><\/div>\n\n\n<p><!-- [if gte mso 9]><xml>\n<w:WordDocument>\n<w:View>Normal<\/w:View>\n<w:Zoom>0<\/w:Zoom>\n<w:HyphenationZone>21<\/w:HyphenationZone>\n<w:PunctuationKerning\/>\n<w:ValidateAgainstSchemas\/>\n<w:SaveIfXMLInvalid>false<\/w:SaveIfXMLInvalid>\n<w:IgnoreMixedContent>false<\/w:IgnoreMixedContent>\n<w:AlwaysShowPlaceholderText>false<\/w:AlwaysShowPlaceholderText>\n<w:Compatibility>\n<w:BreakWrappedTables\/>\n<w:SnapToGridInCell\/>\n<w:WrapTextWithPunct\/>\n<w:UseAsianBreakRules\/>\n<w:DontGrowAutofit\/>\n<\/w:Compatibility>\n<w:BrowserLevel>MicrosoftInternetExplorer4<\/w:BrowserLevel>\n<\/w:WordDocument>\n<\/xml><![endif]--><!-- [if gte mso 9]><xml>\n<w:LatentStyles DefLockedState=\"false\" LatentStyleCount=\"156\">\n<\/w:LatentStyles>\n<\/xml><![endif]--><!-- [if gte mso 10]>\n\n\n\n\n\n\n\n\n\n<style>\n \/* Style Definitions *\/<br \/> table.MsoNormalTable<br \/>\t{mso-style-name:\"Tableau Normal\";<br \/>\tmso-tstyle-rowband-size:0;<br \/>\tmso-tstyle-colband-size:0;<br \/>\tmso-style-noshow:yes;<br \/>\tmso-style-parent:\"\";<br \/>\tmso-padding-alt:0cm 5.4pt 0cm 5.4pt;<br \/>\tmso-para-margin:0cm;<br \/>\tmso-para-margin-bottom:.0001pt;<br \/>\tmso-pagination:widow-orphan;<br \/>\tfont-size:10.0pt;<br \/>\tfont-family:\"Times New Roman\";<br \/>\tmso-ansi-language:#0400;<br \/>\tmso-fareast-language:#0400;<br \/>\tmso-bidi-language:#0400;}<br \/><\/style>\n\n\n\n\n\n\n\n<![endif]--><\/p>\n<p style=\"text-align: justify;\">L\u2019aide juridictionnelle permet aux personnes disposant de faibles revenus de faire valoir leurs droits. Les b\u00e9n\u00e9ficiaires peuvent \u00eatre mis en examen, pr\u00e9venus, accus\u00e9s, parties civiles, t\u00e9moins etc\u2026<\/p>\n<p style=\"text-align: justify;\">Lorsque l\u2019aide est accord\u00e9e, l\u2019Etat prend en charge l\u2019int\u00e9gralit\u00e9 (aide totale) ou une partie (aide partielle) des frais du proc\u00e8s et des honoraires des auxiliaires de justice.<\/p>\n<p style=\"text-align: justify;\">L&rsquo;aide juridictionnelle peut \u00eatre demand\u00e9e avant toute saisine du juge ou pendant une proc\u00e9dure. Le justiciable peut \u00e9galement demander l&rsquo;aide juridictionnelle pour faire ex\u00e9cuter une d\u00e9cision de justice.<\/p>\n<p style=\"text-align: justify;\">L\u2019aide juridictionnelle <strong>peut \u00eatre accord\u00e9e dans les trois cas suivants<\/strong>\u00a0:<\/p>\n<ul style=\"text-align: justify;\">\n<li style=\"text-align: justify;\">\u00a0\u00a0 les ressources du demandeur \u00e0 l\u2019aide juridictionnelle sont inf\u00e9rieures \u00e0 un plafond<\/li>\n<li style=\"text-align: justify;\">\u00a0\u00a0 l\u2019action en Justice envisag\u00e9e n\u2019est pas irrecevable ou d\u00e9nu\u00e9e de fondement<\/li>\n<li style=\"text-align: justify;\">\u00a0 le demandeur \u00e0 l\u2019aide juridictionnelle ne dispose pas d&rsquo;<a href=\"https:\/\/cdad83.fr\/wp-content\/uploads\/2018\/06\/une-assurance-de-protection-juridique.pdf\">une assurance de protection juridique<\/a> couvrant les frais.<\/li>\n<\/ul>\n<p style=\"text-align: justify;\">L\u2019avocat choisi par le justiciable doit remplir un <a href=\"https:\/\/cdad83.fr\/wp-content\/uploads\/2018\/06\/document.pdf\">document<\/a> attestant qu\u2019il accepte de l\u2019assister au titre de l\u2019aide juridictionnelle.<\/p>\n<p style=\"text-align: justify;\"><strong>Formulaires \u00e0 t\u00e9l\u00e9charger :<\/strong><\/p>\n<p style=\"text-align: justify;\"><a href=\"https:\/\/www.service-public.fr\/particuliers\/vosdroits\/R1444\">https:\/\/www.service-public.fr\/particuliers\/vosdroits\/R1444<\/a><\/p>\n<p><strong>Pi\u00e8ces indispensables au d\u00e9p\u00f4t de la demande papier :\u00a0<\/strong><\/p>\n<ul>\n<li>Formulaire de demande d&rsquo;aide juridictionnelle (<a href=\"https:\/\/www.service-public.fr\/particuliers\/vosdroits\/R1444\">Cerfa n\u00b0 16146*03<\/a>) d\u00fbment compl\u00e9t\u00e9 et sign\u00e9; <b><br \/><a href=\"https:\/\/www.justice.fr\/formulaire\/demande-aide-juridictionnelle-formulaire-1614603\">Document + notice pour remplir le formulaire <\/a><\/b><\/li>\n<li>Justificatif d&rsquo;identit\u00e9 (carte nationale d&rsquo;identit\u00e9, passeport, titre de s\u00e9jour);<\/li>\n<li>Justificatif de domicile (facture de moins de trois mois, attestation d&rsquo;h\u00e9bergement);<\/li>\n<li>Justificatifs de ressources (dernier avis d&rsquo;imposition + justificatifs de revenus des 6 derniers mois si votre situation a chang\u00e9 depuis le dernier avis d\u2019imposition;<\/li>\n<li>Attestation de non-prise en charge par l&rsquo;assureur (case oui\/non \u00e0 cocher sur l\u2019imprim\u00e9;<\/li>\n<li><a href=\"https:\/\/cdad83.fr\/wp-content\/uploads\/2018\/06\/document.pdf\">Lettre d\u2019acceptation de l\u2019avocat<\/a> choisi le cas \u00e9ch\u00e9ant.<\/li>\n<\/ul>\n<p><strong>Vos demandes en ligne :\u00a0<\/strong><\/p>\n<p>Votre demande en ligne: <a href=\"https:\/\/www.aidejuridictionnelle.justice.fr\/\"><strong>ICI<\/strong><\/a><\/p>\n<p>La notice pas \u00e0 pas : <a href=\"https:\/\/cdad83.fr\/wp-content\/uploads\/2025\/04\/peda_PasapasjusticiableSIAJ_20220905.pdf\"><strong>ICI<\/strong><\/a><\/p>\n<h2 style=\"text-align: justify;\">\u00a0<strong>Adresses utiles<\/strong> :<\/h2>\n<p><strong>Bureau d&rsquo;aide juridictionnelle\u00a0\u00a0\u00a0<\/strong>\u00a0\u00a0\u00a0\u00a0\u00a0\u00a0\u00a0\u00a0\u00a0\u00a0\u00a0\u00a0\u00a0\u00a0\u00a0\u00a0\u00a0 <strong>Bureau d&rsquo;aide juridictionnelle<\/strong><\/p>\n<p>TJ TOULON\u00a0 \u00a0 \u00a0 \u00a0 \u00a0 \u00a0 \u00a0 \u00a0 \u00a0 \u00a0 \u00a0 \u00a0 \u00a0 \u00a0 \u00a0 \u00a0 \u00a0 \u00a0 \u00a0 \u00a0 \u00a0 \u00a0 \u00a0 \u00a0 \u00a0 \u00a0 \u00a0 \u00a0 TJ DRAGUIGNAN<\/p>\n<p>114, ave Lazare Carnot\u00a0\u00a0\u00a0\u00a0\u00a0\u00a0\u00a0\u00a0\u00a0\u00a0\u00a0\u00a0\u00a0\u00a0\u00a0\u00a0\u00a0\u00a0\u00a0\u00a0\u00a0\u00a0\u00a0\u00a0\u00a0\u00a0\u00a0\u00a0\u00a0\u00a0\u00a0\u00a0\u00a0\u00a0\u00a0 11, rue Pierre Cl\u00e9ment<\/p>\n<p>83000 TOULON\u00a0\u00a0\u00a0\u00a0\u00a0\u00a0\u00a0\u00a0\u00a0\u00a0\u00a0\u00a0\u00a0\u00a0\u00a0\u00a0\u00a0\u00a0\u00a0\u00a0\u00a0\u00a0\u00a0\u00a0\u00a0\u00a0\u00a0\u00a0\u00a0\u00a0\u00a0\u00a0\u00a0\u00a0\u00a0\u00a0\u00a0\u00a0\u00a0\u00a0\u00a0\u00a0\u00a0\u00a0\u00a0\u00a0 83007, DRAGUIGNAN CEDEX<\/p>\n\n<a class=\"wp-block-read-more\" href=\"https:\/\/cdad83.fr\/index.php\/litige-avec-son-employeur\/\" target=\"_self\">Lire la suite<span class=\"screen-reader-text\">\u00a0: Aide juridictionnelle<\/span><\/a>\n\n<a class=\"wp-block-read-more\" href=\"https:\/\/cdad83.fr\/index.php\/litige-avec-son-employeur\/\" target=\"_self\">Lire la suite<span class=\"screen-reader-text\">\u00a0: Aide juridictionnelle<\/span><\/a>","protected":false},"excerpt":{"rendered":"<p>En cliquant sur le flyer vous serez redirigez sur le site du SIAJ pour faire votre demande en ligne. L\u2019aide juridictionnelle permet aux personnes disposant de faibles revenus de faire valoir leurs droits. Les b\u00e9n\u00e9ficiaires peuvent \u00eatre mis en examen, pr\u00e9venus, accus\u00e9s, parties civiles, t\u00e9moins etc\u2026 Lorsque l\u2019aide est accord\u00e9e, l\u2019Etat prend en charge l\u2019int\u00e9gralit\u00e9 (aide totale) ou une partie (aide partielle) des frais du proc\u00e8s et des honoraires des auxiliaires de justice. L&rsquo;aide juridictionnelle peut \u00eatre demand\u00e9e avant toute saisine du juge ou pendant une proc\u00e9dure. Le justiciable peut \u00e9galement demander l&rsquo;aide juridictionnelle pour faire ex\u00e9cuter une d\u00e9cision de justice. L\u2019aide juridictionnelle peut \u00eatre accord\u00e9e dans les trois cas suivants\u00a0: \u00a0\u00a0 les ressources du demandeur \u00e0 l\u2019aide juridictionnelle sont inf\u00e9rieures \u00e0 un plafond \u00a0\u00a0 l\u2019action en Justice envisag\u00e9e n\u2019est pas irrecevable ou d\u00e9nu\u00e9e de fondement \u00a0 le demandeur \u00e0 l\u2019aide juridictionnelle ne dispose pas d&rsquo;une assurance de protection juridique couvrant les frais. L\u2019avocat choisi par le justiciable doit remplir un document attestant qu\u2019il accepte de l\u2019assister au titre de l\u2019aide juridictionnelle. Formulaires \u00e0 t\u00e9l\u00e9charger : https:\/\/www.service-public.fr\/particuliers\/vosdroits\/R1444 Pi\u00e8ces indispensables au d\u00e9p\u00f4t de la demande papier :\u00a0 Formulaire de demande d&rsquo;aide juridictionnelle (Cerfa n\u00b0 16146*03) d\u00fbment compl\u00e9t\u00e9 et sign\u00e9; Document + notice pour remplir le formulaire Justificatif d&rsquo;identit\u00e9 (carte nationale d&rsquo;identit\u00e9, passeport, titre de s\u00e9jour); Justificatif de domicile (facture de moins de trois mois, attestation d&rsquo;h\u00e9bergement); Justificatifs de ressources (dernier avis d&rsquo;imposition + justificatifs de revenus des 6 derniers mois si votre situation a chang\u00e9 depuis le dernier avis d\u2019imposition; Attestation de non-prise en charge par l&rsquo;assureur (case oui\/non \u00e0 cocher sur l\u2019imprim\u00e9; Lettre d\u2019acceptation de l\u2019avocat choisi le cas \u00e9ch\u00e9ant. Vos demandes en ligne :\u00a0 Votre demande en ligne: ICI La notice pas \u00e0 pas : ICI \u00a0Adresses utiles : Bureau d&rsquo;aide juridictionnelle\u00a0\u00a0\u00a0\u00a0\u00a0\u00a0\u00a0\u00a0\u00a0\u00a0\u00a0\u00a0\u00a0\u00a0\u00a0\u00a0\u00a0\u00a0\u00a0\u00a0 Bureau d&rsquo;aide juridictionnelle TJ TOULON\u00a0 \u00a0 \u00a0 \u00a0 \u00a0 \u00a0 \u00a0 \u00a0 \u00a0 \u00a0 \u00a0 \u00a0 \u00a0 \u00a0 \u00a0 \u00a0 \u00a0 \u00a0 \u00a0 \u00a0 \u00a0 \u00a0 \u00a0 \u00a0 \u00a0 \u00a0 \u00a0 \u00a0 TJ DRAGUIGNAN 114, ave Lazare Carnot\u00a0\u00a0\u00a0\u00a0\u00a0\u00a0\u00a0\u00a0\u00a0\u00a0\u00a0\u00a0\u00a0\u00a0\u00a0\u00a0\u00a0\u00a0\u00a0\u00a0\u00a0\u00a0\u00a0\u00a0\u00a0\u00a0\u00a0\u00a0\u00a0\u00a0\u00a0\u00a0\u00a0\u00a0\u00a0 11, rue Pierre Cl\u00e9ment 83000 TOULON\u00a0\u00a0\u00a0\u00a0\u00a0\u00a0\u00a0\u00a0\u00a0\u00a0\u00a0\u00a0\u00a0\u00a0\u00a0\u00a0\u00a0\u00a0\u00a0\u00a0\u00a0\u00a0\u00a0\u00a0\u00a0\u00a0\u00a0\u00a0\u00a0\u00a0\u00a0\u00a0\u00a0\u00a0\u00a0\u00a0\u00a0\u00a0\u00a0\u00a0\u00a0\u00a0\u00a0\u00a0\u00a0\u00a0 83007, DRAGUIGNAN CEDEX<\/p>\n","protected":false},"author":1,"featured_media":0,"parent":0,"menu_order":0,"comment_status":"closed","ping_status":"closed","template":"","meta":{"_monsterinsights_skip_tracking":false,"_monsterinsights_sitenote_active":false,"_monsterinsights_sitenote_note":"","_monsterinsights_sitenote_category":0,"footnotes":""},"class_list":["post-189","page","type-page","status-publish","hentry"],"_links":{"self":[{"href":"https:\/\/cdad83.fr\/index.php\/wp-json\/wp\/v2\/pages\/189","targetHints":{"allow":["GET"]}}],"collection":[{"href":"https:\/\/cdad83.fr\/index.php\/wp-json\/wp\/v2\/pages"}],"about":[{"href":"https:\/\/cdad83.fr\/index.php\/wp-json\/wp\/v2\/types\/page"}],"author":[{"embeddable":true,"href":"https:\/\/cdad83.fr\/index.php\/wp-json\/wp\/v2\/users\/1"}],"replies":[{"embeddable":true,"href":"https:\/\/cdad83.fr\/index.php\/wp-json\/wp\/v2\/comments?post=189"}],"version-history":[{"count":1,"href":"https:\/\/cdad83.fr\/index.php\/wp-json\/wp\/v2\/pages\/189\/revisions"}],"predecessor-version":[{"id":5093,"href":"https:\/\/cdad83.fr\/index.php\/wp-json\/wp\/v2\/pages\/189\/revisions\/5093"}],"wp:attachment":[{"href":"https:\/\/cdad83.fr\/index.php\/wp-json\/wp\/v2\/media?parent=189"}],"curies":[{"name":"wp","href":"https:\/\/api.w.org\/{rel}","templated":true}]}}