{"id":1907,"date":"2020-12-21T17:11:28","date_gmt":"2020-12-21T16:11:28","guid":{"rendered":"http:\/\/cdad83.fr\/?page_id=1907"},"modified":"2021-06-02T17:09:58","modified_gmt":"2021-06-02T15:09:58","slug":"ordre-des-avocats","status":"publish","type":"page","link":"https:\/\/cdad83.fr\/index.php\/ordre-des-avocats\/","title":{"rendered":"Ordre des avocats"},"content":{"rendered":"<p>Le point-justice du Var met \u00e0 disposition des usagers le soutien d&rsquo;avocats g\u00e9n\u00e9ralistes et sp\u00e9cialistes, en collaboration avec les ordres des avocats du barreau de Toulon et de Draguignan.<\/p>\n<hr>\n<p><img decoding=\"async\" src=\"https:\/\/barreautoulon.fr\/wp-content\/uploads\/2016\/09\/logo.png\" alt=\"Barreau de Toulon\"><\/p>\n<p>13 rue Berrier Fontaine, Toulon<br \/>\nT\u00e9l : 04 94 93 49 48 &#8211; Fax : 04 94 22 98 46<br \/>\nE-mail :&nbsp;<a style=\"color: #0000ff;\" href=\"mailto:ordreavocats@barreau-toulon.fr\">ordreavocats@barreau-toulon.fr<\/a><br \/>\nSite internet : <a href=\"https:\/\/barreautoulon.fr\/\">https:\/\/barreautoulon.fr\/<\/a><\/p>\n<h3>Permanence G.R.A.D.E. (pour les mineurs)<\/h3>\n<p>13 rue Berrier Fontaine &#8211; 83 000 Toulon (6\u00e8me \u00e9tage)<br \/>\nsur rendez-vous :&nbsp;<strong>04 94 24 07 97<\/strong><\/p>\n<hr>\n<p><img decoding=\"async\" src=\"http:\/\/www.avocazur.com\/images\/logo.png\" alt=\"Logo Ordre des avocats du barreau de Draguignan\" height=\"148\" width=\"252\"><\/p>\n<p>11 Rue Pierre CLEMENT, Draguignan<br \/>\nT\u00e9l : 04 94 60 44 33<br \/>\nSite internet : <a href=\"http:\/\/www.avocazur.com\/fr\/\">http:\/\/www.avocazur.com\/fr\/<\/a>&nbsp;<\/p>\n","protected":false},"excerpt":{"rendered":"<p>Le point-justice du Var met \u00e0 disposition des usagers le soutien d&rsquo;avocats g\u00e9n\u00e9ralistes et sp\u00e9cialistes, en collaboration avec les ordres des avocats du barreau de Toulon et de Draguignan. 13 rue Berrier Fontaine, Toulon T\u00e9l : 04 94 93 49 48 &#8211; Fax : 04 94 22 98 46 E-mail :&nbsp;ordreavocats@barreau-toulon.fr Site internet : https:\/\/barreautoulon.fr\/ Permanence G.R.A.D.E. (pour les mineurs) 13 rue Berrier Fontaine &#8211; 83 000 Toulon (6\u00e8me \u00e9tage) sur rendez-vous :&nbsp;04 94 24 07 97 11 Rue Pierre CLEMENT, Draguignan T\u00e9l : 04 94 60 44 33 Site internet : http:\/\/www.avocazur.com\/fr\/&nbsp;<\/p>\n","protected":false},"author":3,"featured_media":0,"parent":0,"menu_order":0,"comment_status":"closed","ping_status":"closed","template":"","meta":{"_monsterinsights_skip_tracking":false,"_monsterinsights_sitenote_active":false,"_monsterinsights_sitenote_note":"","_monsterinsights_sitenote_category":0,"footnotes":""},"class_list":["post-1907","page","type-page","status-publish","hentry"],"_links":{"self":[{"href":"https:\/\/cdad83.fr\/index.php\/wp-json\/wp\/v2\/pages\/1907","targetHints":{"allow":["GET"]}}],"collection":[{"href":"https:\/\/cdad83.fr\/index.php\/wp-json\/wp\/v2\/pages"}],"about":[{"href":"https:\/\/cdad83.fr\/index.php\/wp-json\/wp\/v2\/types\/page"}],"author":[{"embeddable":true,"href":"https:\/\/cdad83.fr\/index.php\/wp-json\/wp\/v2\/users\/3"}],"replies":[{"embeddable":true,"href":"https:\/\/cdad83.fr\/index.php\/wp-json\/wp\/v2\/comments?post=1907"}],"version-history":[{"count":0,"href":"https:\/\/cdad83.fr\/index.php\/wp-json\/wp\/v2\/pages\/1907\/revisions"}],"wp:attachment":[{"href":"https:\/\/cdad83.fr\/index.php\/wp-json\/wp\/v2\/media?parent=1907"}],"curies":[{"name":"wp","href":"https:\/\/api.w.org\/{rel}","templated":true}]}}