{"id":2017,"date":"2021-01-26T14:29:42","date_gmt":"2021-01-26T13:29:42","guid":{"rendered":"http:\/\/cdad83.fr\/?page_id=2017"},"modified":"2024-10-10T13:33:06","modified_gmt":"2024-10-10T11:33:06","slug":"le-defenseur-des-droits","status":"publish","type":"page","link":"https:\/\/cdad83.fr\/index.php\/le-defenseur-des-droits\/","title":{"rendered":"Le D\u00e9fenseur des droits"},"content":{"rendered":"\n<p class=\"has-text-align-left\">&nbsp; &nbsp; &nbsp; &nbsp; &nbsp; Le D\u00e9fenseur des droits est une institution ind\u00e9pendante de l\u2019Etat, cr\u00e9\u00e9e en 2001 afin de d\u00e9fendre les droits des personnes ainsi que de permettre l\u2019acc\u00e8s aux droits. Il re\u00e7oit gratuitement toutes les personnes qui veulent faire valoir leurs droits. Si vous souhaitez saisir cette institution vous pouvez vous rapprocher des permanences o\u00f9 exercent les d\u00e9l\u00e9gu\u00e9s de proximit\u00e9.<\/p>\n\n\n\n<p class=\"has-text-align-left\">Ainsi, le d\u00e9l\u00e9gu\u00e9 du D\u00e9fenseur des droits peut intervenir si :<\/p>\n\n\n\n<ul class=\"wp-block-list\">\n<li>Vous rencontrez des difficult\u00e9s dans vos relations avec les services publics (CAF, P\u00f4le Emploi ou toute autre administration de service public) ;<\/li>\n\n\n\n<li>Les droits d&rsquo;un enfant ne sont pas respect\u00e9s ;<\/li>\n\n\n\n<li>Vous pensez \u00eatre discrimin\u00e9.<\/li>\n\n\n\n<li>Vous constatez un manquement aux r\u00e8gles de bonnes conduites d\u2019un repr\u00e9sentant de l\u2019ordre public (Police, Gendarmerie ou tout autre repr\u00e9sentant de l\u2019ordre public) ou priv\u00e9 (agent de s\u00e9curit\u00e9 par exemple).<\/li>\n\n\n\n<li>Vous \u00eates un lanceur d&rsquo;alerte qui souhaite \u00eatre orient\u00e9 et\/ou prot\u00e9g\u00e9.<\/li>\n<\/ul>\n\n\n\n<div class=\"wp-block-buttons is-horizontal is-content-justification-center is-layout-flex wp-container-core-buttons-is-layout-1 wp-block-buttons-is-layout-flex\">\n<div class=\"wp-block-button is-style-outline is-style-outline--1\"><a class=\"wp-block-button__link has-black-color has-white-background-color has-text-color has-background wp-element-button\" href=\"https:\/\/cdad83.fr\/wp-content\/uploads\/2024\/10\/DDD-DELEGUES-VAR-PERMANENCES-2024.pdf\"><strong>Liste des permanences<\/strong><\/a><\/div>\n<\/div>\n\n\n\n<p><\/p>\n","protected":false},"excerpt":{"rendered":"<p>&nbsp; &nbsp; &nbsp; &nbsp; &nbsp; Le D\u00e9fenseur des droits est une institution ind\u00e9pendante de l\u2019Etat, cr\u00e9\u00e9e en 2001 afin de d\u00e9fendre les droits des personnes ainsi que de permettre l\u2019acc\u00e8s aux droits. Il re\u00e7oit gratuitement toutes les personnes qui veulent faire valoir leurs droits. Si vous souhaitez saisir cette institution vous pouvez vous rapprocher des permanences o\u00f9 exercent les d\u00e9l\u00e9gu\u00e9s de proximit\u00e9. Ainsi, le d\u00e9l\u00e9gu\u00e9 du D\u00e9fenseur des droits peut intervenir si :<\/p>\n","protected":false},"author":3,"featured_media":0,"parent":0,"menu_order":0,"comment_status":"closed","ping_status":"closed","template":"","meta":{"_monsterinsights_skip_tracking":false,"_monsterinsights_sitenote_active":false,"_monsterinsights_sitenote_note":"","_monsterinsights_sitenote_category":0,"footnotes":""},"class_list":["post-2017","page","type-page","status-publish","hentry"],"_links":{"self":[{"href":"https:\/\/cdad83.fr\/index.php\/wp-json\/wp\/v2\/pages\/2017","targetHints":{"allow":["GET"]}}],"collection":[{"href":"https:\/\/cdad83.fr\/index.php\/wp-json\/wp\/v2\/pages"}],"about":[{"href":"https:\/\/cdad83.fr\/index.php\/wp-json\/wp\/v2\/types\/page"}],"author":[{"embeddable":true,"href":"https:\/\/cdad83.fr\/index.php\/wp-json\/wp\/v2\/users\/3"}],"replies":[{"embeddable":true,"href":"https:\/\/cdad83.fr\/index.php\/wp-json\/wp\/v2\/comments?post=2017"}],"version-history":[{"count":0,"href":"https:\/\/cdad83.fr\/index.php\/wp-json\/wp\/v2\/pages\/2017\/revisions"}],"wp:attachment":[{"href":"https:\/\/cdad83.fr\/index.php\/wp-json\/wp\/v2\/media?parent=2017"}],"curies":[{"name":"wp","href":"https:\/\/api.w.org\/{rel}","templated":true}]}}