{"id":2262,"date":"2021-02-12T10:50:52","date_gmt":"2021-02-12T09:50:52","guid":{"rendered":"http:\/\/cdad83.fr\/?page_id=2262"},"modified":"2023-02-07T15:33:01","modified_gmt":"2023-02-07T14:33:01","slug":"administration-penitentiaire","status":"publish","type":"page","link":"https:\/\/cdad83.fr\/index.php\/administration-penitentiaire\/","title":{"rendered":"Acc\u00e8s au droit en faveur des d\u00e9tenus"},"content":{"rendered":"<p style=\"text-align: justify;\">Le d\u00e9partement du Var compte un centre p\u00e9nitentiaire et une maison d&rsquo;arr\u00eat :<\/p>\n<ul style=\"text-align: justify;\">\n<li><strong><u>Centre p\u00e9nitentiaire de Toulon &#8211; La Farl\u00e8de<br \/>\n<\/u><\/strong><\/li>\n<\/ul>\n<p style=\"text-align: justify;\">Adresse : Quartier de la Castille \u2013 Route de la Crau 83210 La Farl\u00e8de.<\/p>\n<p style=\"text-align: justify;\">Tel : 04.94.20.78.46<\/p>\n<p style=\"text-align: justify;\">Fax\u00a0: 04.94.20.78.41<\/p>\n<p style=\"text-align: justify;\">Mail\u00a0: <a href=\"mailto:padpenitentiairelafarlede@gmail.com\">padpenitentiairelafarlede@gmail.com<\/a><\/p>\n<p style=\"text-align: justify;\">Bureau du point-justice p\u00e9nitentiaire : au sein des bureaux administratifs.<\/p>\n<p style=\"text-align: justify;\">Entretiens avec les d\u00e9tenus\u00a0: parloir avocat<\/p>\n<ul style=\"text-align: justify;\">\n<li><em>\u00a0<\/em><strong><u>Maison d&rsquo;arr\u00eat de Draguignan<br \/>\n<\/u><\/strong><\/li>\n<\/ul>\n<p style=\"text-align: justify;\">Adresse : 3305 Avenue Fred Scamaroni\u00a0 83300 Draguignan.<\/p>\n<p style=\"text-align: justify;\">Bureau du point-justice p\u00e9nitentiaire : au sein du SPIP pour l\u2019instant mais \u00e0 terme bureau au PPS (P\u00f4le Pr\u00e9paration \u00e0 la Sortie)<\/p>\n<p style=\"text-align: justify;\">Fax\u00a0: 04.83.08.71.49<\/p>\n<p style=\"text-align: justify;\">Mail\u00a0: <a href=\"mailto:padpenitentiaire.madraguignan@gmail.com\">padpenitentiaire.madraguignan@gmail.com<\/a><\/p>\n<p style=\"text-align: justify;\">Entretiens avec les d\u00e9tenus\u00a0: PPS<\/p>\n<p style=\"text-align: center;\">*********<\/p>\n<p style=\"text-align: justify;\">Il existe au sein de chaque \u00e9tablissement p\u00e9nitentiaire un point-justice o\u00f9 intervient un agent d&rsquo;acc\u00e8s au droit.<\/p>\n<p style=\"text-align: justify;\"><strong>Le r\u00f4le de l\u2019agent du point-justice :<\/strong><\/p>\n<p style=\"text-align: justify;\">Le point-justice p\u00e9nitentiaire est un service destin\u00e9 \u00e0 accueillir, informer et orienter les personnes incarc\u00e9r\u00e9es.<\/p>\n<p style=\"text-align: justify;\">Dans ce cadre, le d\u00e9tenu doit prendre rendez-vous, en renvoyant la plaquette destin\u00e9e \u00e0 cet effet.<\/p>\n<p style=\"text-align: justify;\">L\u2019agent le convoque \u00e0 r\u00e9ception, en fonction de ses disponibilit\u00e9s.<\/p>\n<p style=\"text-align: justify;\">Lors de l\u2019entretien, les questions sur la situation p\u00e9nale et carc\u00e9rale du d\u00e9tenu sont exclues.<\/p>\n<p style=\"text-align: justify;\"><strong>Les missions juridiques et administratives du PAD<u><\/u><\/strong><\/p>\n<ul>\n<li style=\"text-align: justify;\">demander un avocat commis d\u2019office aupr\u00e8s de l\u2019ordre des avocats concern\u00e9,<\/li>\n<li style=\"text-align: justify;\">demander une aide juridictionnelle aupr\u00e8s du bureau d\u2019aide juridictionnelle comp\u00e9tent,<\/li>\n<li style=\"text-align: justify;\">faire une reconnaissance d\u2019enfant pr\u00e9 ou post natale et faire une demande de mariage aupr\u00e8s de la Mairie du lieu de d\u00e9tention (droit de la famille),<\/li>\n<\/ul>\n<p style=\"text-align: justify;\"><strong>L\u2019agent du point-justice est en lien direct avec les diff\u00e9rents services de l\u2019administration p\u00e9nitentiaire<\/strong><\/p>\n<ul style=\"text-align: justify;\">\n<li>La direction et son secr\u00e9tariat,<\/li>\n<li>Les surveillants p\u00e9nitentiaires,<\/li>\n<li>Le greffe p\u00e9nitentiaire,<\/li>\n<li>Le service p\u00e9nitentiaire d\u2019insertion et de probation (SPIP) et leurs conseillers p\u00e9nitentiaires d\u2019insertion et de probation (CPIP),<\/li>\n<li>Le vestiaire,<\/li>\n<li>Le bureau des comptes nominatifs.<\/li>\n<\/ul>\n<p style=\"text-align: justify;\"><strong>En outre, l\u2019agent du point-justice entretient un lien privil\u00e9gi\u00e9 avec des partenaires ext\u00e9rieurs <\/strong><\/p>\n<ul style=\"text-align: justify;\">\n<li>Les ordres des avocats,<\/li>\n<li>Les bureaux d\u2019aide juridictionnelle,<\/li>\n<li>Les greffes du service civil du parquet du TJ de Toulon et de Draguignan,<\/li>\n<li>Les mairies de La Farl\u00e8de et de Draguignan<\/li>\n<\/ul>\n<p style=\"text-align: justify;\"><strong>L\u2019agent du point-justice peut entrer en contact avec les familles de personnes incarc\u00e9r\u00e9es dans le cadre des missions qui lui sont confi\u00e9es.<\/strong><\/p>\n<p style=\"text-align: justify;\"><strong>Il existe des partenaires du point-justice p\u00e9nitentiaire du CP Toulon-La Farl\u00e8de en d\u00e9tention \u00e0 savoir :<\/strong><\/p>\n<ul style=\"text-align: justify;\">\n<li>Les assistantes sociales,<\/li>\n<li>Les visiteurs de prison,<\/li>\n<li>Le d\u00e9l\u00e9gu\u00e9 du d\u00e9fenseur des droits,<\/li>\n<li>Le CSAPA AVASTOFA en mati\u00e8re d\u2019addictologie,<\/li>\n<li>Le p\u00f4le emploi,<\/li>\n<li>La mission locale,<\/li>\n<li>L\u2019ADCE83,<\/li>\n<li>La CIMADE.<\/li>\n<li>PPAIP (association d&rsquo;insertion)<\/li>\n<\/ul>\n<p style=\"text-align: justify;\"><strong>Il existe des partenaires du point-justice p\u00e9nitentiaire \u00e0 la MA de Draguignan \u00e0 savoir : <\/strong><\/p>\n<ul style=\"text-align: justify;\">\n<li>Le d\u00e9l\u00e9gu\u00e9 du D\u00e9fenseur des Droits,<\/li>\n<li>Les visiteurs de prison,<\/li>\n<li>Le p\u00f4le emploi,<\/li>\n<li>La CIMADE.<\/li>\n<li>Mission locale<\/li>\n<li>PPAIP (association d&rsquo;insertion)<\/li>\n<\/ul>\n","protected":false},"excerpt":{"rendered":"<p>Le d\u00e9partement du Var compte un centre p\u00e9nitentiaire et une maison d&rsquo;arr\u00eat : Centre p\u00e9nitentiaire de Toulon &#8211; La Farl\u00e8de Adresse : Quartier de la Castille \u2013 Route de la Crau 83210 La Farl\u00e8de. Tel : 04.94.20.78.46 Fax\u00a0: 04.94.20.78.41 Mail\u00a0: padpenitentiairelafarlede@gmail.com Bureau du point-justice p\u00e9nitentiaire : au sein des bureaux administratifs. Entretiens avec les d\u00e9tenus\u00a0: parloir avocat \u00a0Maison d&rsquo;arr\u00eat de Draguignan Adresse : 3305 Avenue Fred Scamaroni\u00a0 83300 Draguignan. Bureau du point-justice p\u00e9nitentiaire : au sein du SPIP pour l\u2019instant mais \u00e0 terme bureau au PPS (P\u00f4le Pr\u00e9paration \u00e0 la Sortie) Fax\u00a0: 04.83.08.71.49 Mail\u00a0: padpenitentiaire.madraguignan@gmail.com Entretiens avec les d\u00e9tenus\u00a0: PPS ********* Il existe au sein de chaque \u00e9tablissement p\u00e9nitentiaire un point-justice o\u00f9 intervient un agent d&rsquo;acc\u00e8s au droit. Le r\u00f4le de l\u2019agent du point-justice : Le point-justice p\u00e9nitentiaire est un service destin\u00e9 \u00e0 accueillir, informer et orienter les personnes incarc\u00e9r\u00e9es. Dans ce cadre, le d\u00e9tenu doit prendre rendez-vous, en renvoyant la plaquette destin\u00e9e \u00e0 cet effet. L\u2019agent le convoque \u00e0 r\u00e9ception, en fonction de ses disponibilit\u00e9s. Lors de l\u2019entretien, les questions sur la situation p\u00e9nale et carc\u00e9rale du d\u00e9tenu sont exclues. Les missions juridiques et administratives du PAD demander un avocat commis d\u2019office aupr\u00e8s de l\u2019ordre des avocats concern\u00e9, demander une aide juridictionnelle aupr\u00e8s du bureau d\u2019aide juridictionnelle comp\u00e9tent, faire une reconnaissance d\u2019enfant pr\u00e9 ou post natale et faire une demande de mariage aupr\u00e8s de la Mairie du lieu de d\u00e9tention (droit de la famille), L\u2019agent du point-justice est en lien direct avec les diff\u00e9rents services de l\u2019administration p\u00e9nitentiaire La direction et son secr\u00e9tariat, Les surveillants p\u00e9nitentiaires, Le greffe p\u00e9nitentiaire, Le service p\u00e9nitentiaire d\u2019insertion et de probation (SPIP) et leurs conseillers p\u00e9nitentiaires d\u2019insertion et de probation (CPIP), Le vestiaire, Le bureau des comptes nominatifs. En outre, l\u2019agent du point-justice entretient un lien privil\u00e9gi\u00e9 avec des partenaires ext\u00e9rieurs Les ordres des avocats, Les bureaux d\u2019aide juridictionnelle, Les greffes du service civil du parquet du TJ de Toulon et de Draguignan, Les mairies de La Farl\u00e8de et de Draguignan L\u2019agent du point-justice peut entrer en contact avec les familles de personnes incarc\u00e9r\u00e9es dans le cadre des missions qui lui sont confi\u00e9es. Il existe des partenaires du point-justice p\u00e9nitentiaire du CP Toulon-La Farl\u00e8de en d\u00e9tention \u00e0 savoir : Les assistantes sociales, Les visiteurs de prison, Le d\u00e9l\u00e9gu\u00e9 du d\u00e9fenseur des droits, Le CSAPA AVASTOFA en mati\u00e8re d\u2019addictologie, Le p\u00f4le emploi, La mission locale, L\u2019ADCE83, La CIMADE. PPAIP (association d&rsquo;insertion) Il existe des partenaires du point-justice p\u00e9nitentiaire \u00e0 la MA de Draguignan \u00e0 savoir : Le d\u00e9l\u00e9gu\u00e9 du D\u00e9fenseur des Droits, Les visiteurs de prison, Le p\u00f4le emploi, La CIMADE. Mission locale PPAIP (association d&rsquo;insertion)<\/p>\n","protected":false},"author":3,"featured_media":0,"parent":0,"menu_order":0,"comment_status":"closed","ping_status":"closed","template":"","meta":{"_monsterinsights_skip_tracking":false,"_monsterinsights_sitenote_active":false,"_monsterinsights_sitenote_note":"","_monsterinsights_sitenote_category":0,"footnotes":""},"class_list":["post-2262","page","type-page","status-publish","hentry"],"_links":{"self":[{"href":"https:\/\/cdad83.fr\/index.php\/wp-json\/wp\/v2\/pages\/2262","targetHints":{"allow":["GET"]}}],"collection":[{"href":"https:\/\/cdad83.fr\/index.php\/wp-json\/wp\/v2\/pages"}],"about":[{"href":"https:\/\/cdad83.fr\/index.php\/wp-json\/wp\/v2\/types\/page"}],"author":[{"embeddable":true,"href":"https:\/\/cdad83.fr\/index.php\/wp-json\/wp\/v2\/users\/3"}],"replies":[{"embeddable":true,"href":"https:\/\/cdad83.fr\/index.php\/wp-json\/wp\/v2\/comments?post=2262"}],"version-history":[{"count":0,"href":"https:\/\/cdad83.fr\/index.php\/wp-json\/wp\/v2\/pages\/2262\/revisions"}],"wp:attachment":[{"href":"https:\/\/cdad83.fr\/index.php\/wp-json\/wp\/v2\/media?parent=2262"}],"curies":[{"name":"wp","href":"https:\/\/api.w.org\/{rel}","templated":true}]}}