{"id":2325,"date":"2021-02-23T15:49:10","date_gmt":"2021-02-23T14:49:10","guid":{"rendered":"http:\/\/cdad83.fr\/?page_id=2325"},"modified":"2021-06-02T17:07:54","modified_gmt":"2021-06-02T15:07:54","slug":"les-voies-de-recours","status":"publish","type":"page","link":"https:\/\/cdad83.fr\/index.php\/les-voies-de-recours\/","title":{"rendered":"Les voies de recours"},"content":{"rendered":"<p>Le droit fran\u00e7ais offre un tr\u00e8s large panel de voies de recours aux justiciables. Cette liste, non exhaustive, est \u00e9tablie dans le but de proposer des informations pr\u00e9liminaires sur les voies de recours majoritairement utilis\u00e9es (appel et pourvoi en cassation). Pour plus d\u2019informations, vous pouvez contacter un professionnel du droit ou prendre un rendez-vous dans l\u2019une de nos nombreuses <a href=\"https:\/\/cdad83.fr\/wp-content\/uploads\/2021\/02\/Plaquette-permanences-VAR-2021.pdf\">permanences dans le Var<\/a>.<\/p>\n<p><a style=\"color: #0000ff;\" href=\"https:\/\/cdad83.fr\/index.php\/interjeter-appel-en-matiere-civile\/\">Comment interjeter appel en mati\u00e8re civile<\/a> ?<\/p>\n<p><a href=\"https:\/\/cdad83.fr\/index.php\/interjeter-appel-en-matiere-penale\/\">Comment interjeter appel en mati\u00e8re p\u00e9nale<\/a> ?<\/p>\n<p><a style=\"color: #0000ff;\" href=\"https:\/\/cdad83.fr\/index.php\/se-pourvoir-en-cassation\/\">Comment se pourvoir en cassation<\/a> ?<\/p>\n","protected":false},"excerpt":{"rendered":"<p>Le droit fran\u00e7ais offre un tr\u00e8s large panel de voies de recours aux justiciables. Cette liste, non exhaustive, est \u00e9tablie dans le but de proposer des informations pr\u00e9liminaires sur les voies de recours majoritairement utilis\u00e9es (appel et pourvoi en cassation). Pour plus d\u2019informations, vous pouvez contacter un professionnel du droit ou prendre un rendez-vous dans l\u2019une de nos nombreuses permanences dans le Var. Comment interjeter appel en mati\u00e8re civile ? Comment interjeter appel en mati\u00e8re p\u00e9nale ? Comment se pourvoir en cassation ?<\/p>\n","protected":false},"author":3,"featured_media":0,"parent":0,"menu_order":0,"comment_status":"closed","ping_status":"closed","template":"","meta":{"_monsterinsights_skip_tracking":false,"_monsterinsights_sitenote_active":false,"_monsterinsights_sitenote_note":"","_monsterinsights_sitenote_category":0,"footnotes":""},"class_list":["post-2325","page","type-page","status-publish","hentry"],"_links":{"self":[{"href":"https:\/\/cdad83.fr\/index.php\/wp-json\/wp\/v2\/pages\/2325","targetHints":{"allow":["GET"]}}],"collection":[{"href":"https:\/\/cdad83.fr\/index.php\/wp-json\/wp\/v2\/pages"}],"about":[{"href":"https:\/\/cdad83.fr\/index.php\/wp-json\/wp\/v2\/types\/page"}],"author":[{"embeddable":true,"href":"https:\/\/cdad83.fr\/index.php\/wp-json\/wp\/v2\/users\/3"}],"replies":[{"embeddable":true,"href":"https:\/\/cdad83.fr\/index.php\/wp-json\/wp\/v2\/comments?post=2325"}],"version-history":[{"count":0,"href":"https:\/\/cdad83.fr\/index.php\/wp-json\/wp\/v2\/pages\/2325\/revisions"}],"wp:attachment":[{"href":"https:\/\/cdad83.fr\/index.php\/wp-json\/wp\/v2\/media?parent=2325"}],"curies":[{"name":"wp","href":"https:\/\/api.w.org\/{rel}","templated":true}]}}