{"id":2637,"date":"2021-03-31T16:20:35","date_gmt":"2021-03-31T14:20:35","guid":{"rendered":"https:\/\/cdad83.fr\/?page_id=2637"},"modified":"2023-04-26T11:33:32","modified_gmt":"2023-04-26T09:33:32","slug":"comment-seffectue-la-demande-dune-mesure-de-protection","status":"publish","type":"page","link":"https:\/\/cdad83.fr\/index.php\/comment-seffectue-la-demande-dune-mesure-de-protection\/","title":{"rendered":"Comment s&rsquo;effectue la demande d&rsquo;une mesure de protection ?"},"content":{"rendered":"<h4>Le dossier \u00e0 pr\u00e9senter au juge doit comporter les pi\u00e8ces suivantes :<\/h4>\n<ul>\n<li><strong><a href=\"https:\/\/www.formulaires.service-public.fr\/gf\/cerfa_15891_03.do\">Formulaire de demande<\/a>.<\/strong><\/li>\n<li><a href=\"https:\/\/psl.service-public.fr\/mademarche\/EtatCivil\/demarche?execution=e1s1\"><strong>Copie int\u00e9grale de l&rsquo;acte de naissance<\/strong><\/a>\u00a0de la personne \u00e0 prot\u00e9ger, de moins de 3 mois<\/li>\n<li>Copie (recto-verso) de la pi\u00e8ce d&rsquo;identit\u00e9 de la personne \u00e0 prot\u00e9ger<\/li>\n<li>Copie (recto-verso) de la pi\u00e8ce d&rsquo;identit\u00e9\u00a0du\u00a0<strong><a title=\"\" href=\"https:\/\/www.justice.fr\/lexique\/letter_d#Demandeur\" data-original-title=\"Personne qui engage une action en justice\" data-placement=\"top\" data-toggle=\"tooltip\">demandeur<\/a><\/strong><\/li>\n<li><strong><a href=\"https:\/\/www.justice.fr\/fiche\/demande-tutelle-curatelle-obtenir-certificat-medical\">Certificat m\u00e9dical circonstanci\u00e9<\/a>\u00a0<\/strong>\u00e9tabli par un expert m\u00e9dical dont vous pouvez retrouver la liste de l&rsquo;aire Toulonnaise <a href=\"https:\/\/cdad83.fr\/wp-content\/uploads\/2023\/04\/2023-LISTE-MEDECINS-SPECIALISES-art-431-code-civil.pdf\"><strong>ici.<\/strong><\/a>\u00a0 Et pour <strong><a href=\"https:\/\/cdad83.fr\/wp-content\/uploads\/2023\/04\/LISTE-MEDECINS-SPECIALISTES-DRAGUIGNAN-2022.pdf\">ici<\/a> <\/strong>pour l&rsquo;aire Drac\u00e9noise<\/li>\n<\/ul>\n<p>La demande contient \u00e9galement, lorsqu&rsquo;elles sont connues et utiles, les informations suivantes, en pr\u00e9cisant comment elles ont \u00e9t\u00e9 recueillies :<\/p>\n<ul>\n<li>Composition de la famille de la personne \u00e0 prot\u00e9ger, ses conditions de vie, son lieu de vie et son environnement social,<\/li>\n<li>Consistance de son patrimoine, les ressources, les charges et dettes ainsi que, s&rsquo;il y en a, la liste des prestations mobilisables au b\u00e9n\u00e9fice de la personne,<\/li>\n<li>Autonomie de la personne, \u00e9valu\u00e9e au regard de sa capacit\u00e9 \u00e0 s&rsquo;organiser seule dans la vie quotidienne, \u00e0 accomplir ses d\u00e9marches administratives et g\u00e9rer son budget, seule.<\/li>\n<\/ul>\n<p>\u00c0 ces documents, il faudra ajouter\u00a0:<\/p>\n<ul>\n<li>Justificatif du lien de parent\u00e9 entre le requ\u00e9rant et la personne \u00e0 prot\u00e9ger (copie de livrets de famille, du contrat de mariage,<strong>\u00a0<a href=\"https:\/\/www.justice.fr\/fiche\/pacte-civil-solidarite-pacs\">convention de Pacs<\/a>\u00a0<\/strong>etc&#8230;),<\/li>\n<li>Copie de la pi\u00e8ce d&rsquo;identit\u00e9 et copie de la domiciliation de la personne d\u00e9sireuse de remplir les fonctions de personne habilit\u00e9e<\/li>\n<li><strong><a href=\"https:\/\/www.justice.fr\/fiche\/modele-modele-lettre-membres-famille-acceptant-nomination-tuteur\">Lettres des membres de la famille<\/a><\/strong>\u00a0acceptant cette nomination<\/li>\n<li>Si une vente est pr\u00e9vue, au moins 2 avis de valeur du bien immobilier<\/li>\n<\/ul>\n<p>La demande est adress\u00e9e au juge des contentieux de la protection du\u00a0<strong><a title=\"\" href=\"https:\/\/www.justice.fr\/lexique\/letter_t#Tribunal\" data-original-title=\"Lieu de justice o\u00f9 sont jug\u00e9s les dossiers judiciaires\" data-placement=\"top\" data-toggle=\"tooltip\">tribunal<\/a><\/strong>\u00a0dont\u00a0d\u00e9pend le lieu de\u00a0<strong><a title=\"\" href=\"https:\/\/www.justice.fr\/lexique\/letter_r#Rsidence\" data-original-title=\"Lieu o\u00f9 une personne habite effectivement et de fa\u00e7on stable mais qui n'est pas forc\u00e9ment son domicile \" data-placement=\"top\" data-toggle=\"tooltip\">r\u00e9sidence<\/a><\/strong>\u00a0du majeur \u00e0 prot\u00e9ger ou du futur repr\u00e9sentant de celui-ci.\u00a0<strong>Pour des raisons pratiques<\/strong>, si le repr\u00e9sentant de la personne \u00e0 prot\u00e9ger ne r\u00e9side pas dans le m\u00eame ressort judiciaire, il convient de d\u00e9poser la demande au tribunal dont d\u00e9pend le repr\u00e9sentant.<\/p>\n<p>Ce dossier doit ensuite \u00eatre envoy\u00e9 ou d\u00e9pos\u00e9 au\u00a0<a title=\"\" href=\"https:\/\/www.justice.fr\/lexique\/letter_g#Greffe\" data-original-title=\"Service d'un tribunal compos\u00e9 de fonctionnaires qui assistent les magistrats dans leur mission\" data-placement=\"top\" data-toggle=\"tooltip\">greffe<\/a>\u00a0du juge des contentieux et de la protection du\u00a0<a title=\"\" href=\"https:\/\/www.justice.fr\/lexique\/letter_t#Tribunal_judiciaire\" data-original-title=\"Le tribunal judiciaire est la juridiction de droit commun en mati\u00e8re civile, commerciale et p\u00e9nale, c\u2019est-\u00e0-dire la juridiction comp\u00e9tente pour tous les litiges qui n\u2019ont pas \u00e9t\u00e9 sp\u00e9cifiquement attribu\u00e9s par la loi \u00e0 une autre juridiction \" data-placement=\"top\" data-toggle=\"tooltip\">tribunal judiciaire<\/a>\u00a0(incluant le\u00a0<a title=\"\" href=\"https:\/\/www.justice.fr\/lexique\/letter_t#Tribunal_de_proximit\" data-original-title=\"Le tribunal de proximit\u00e9 est une chambre d\u00e9tach\u00e9e du tribunal judiciaire comp\u00e9tente pour juger les \u00ab petits litiges \u00bb. Il a des comp\u00e9tences similaires \u00e0 celles de l'ancien tribunal d\u2019instance \" data-placement=\"top\" data-toggle=\"tooltip\">tribunal de proximit\u00e9<\/a>)\u00a0dont d\u00e9pend le lieu de\u00a0<a title=\"\" href=\"https:\/\/www.justice.fr\/lexique\/letter_r#Rsidence\" data-original-title=\"Lieu o\u00f9 une personne habite effectivement et de fa\u00e7on stable mais qui n'est pas forc\u00e9ment son domicile \" data-placement=\"top\" data-toggle=\"tooltip\">r\u00e9sidence<\/a>\u00a0du majeur \u00e0 prot\u00e9ger.<\/p>\n<p>Depuis le 1er janvier 2021, il est possible de saisir en ligne le juge des contentieux de la protection pour deux types de requ\u00eates :<\/p>\n<ul>\n<li><a href=\"https:\/\/www.justice.fr\/notice\/idtdb366-requ%C3%AAte-juge-tutelles-cours-mesure-protection-majeur-prot%C3%A9g%C3%A9\">Requ\u00eate au juge des contentieux de la protection en cours de mesure de protection par le majeur prot\u00e9g\u00e9<\/a>.<\/li>\n<li><a href=\"https:\/\/www.justice.fr\/notice\/idtdb367-requ%C3%AAte-juge-tutelles-cours-mesure-protection-repr%C3%A9sentant-l%C3%A9gal\">Requ\u00eate au juge des contentieux de la protection en cours de mesure de protection par le repr\u00e9sentant l\u00e9gal.<\/a><\/li>\n<\/ul>\n<p>Pour vous aider dans votre d\u00e9marche en ligne, vous pouvez consulter cette\u00a0<a href=\"https:\/\/www.cours-appel.justice.fr\/sites\/default\/files\/2021-02\/requ%C3%AAte%20num%C3%A9rique%20le%20pas%20%C3%A0%20pas%20du%20justiciable.pdf\">notice d&rsquo;information<\/a>.<\/p>\n","protected":false},"excerpt":{"rendered":"<p>Le dossier \u00e0 pr\u00e9senter au juge doit comporter les pi\u00e8ces suivantes : Formulaire de demande. Copie int\u00e9grale de l&rsquo;acte de naissance\u00a0de la personne \u00e0 prot\u00e9ger, de moins de 3 mois Copie (recto-verso) de la pi\u00e8ce d&rsquo;identit\u00e9 de la personne \u00e0 prot\u00e9ger Copie (recto-verso) de la pi\u00e8ce d&rsquo;identit\u00e9\u00a0du\u00a0demandeur Certificat m\u00e9dical circonstanci\u00e9\u00a0\u00e9tabli par un expert m\u00e9dical dont vous pouvez retrouver la liste de l&rsquo;aire Toulonnaise ici.\u00a0 Et pour ici pour l&rsquo;aire Drac\u00e9noise La demande contient \u00e9galement, lorsqu&rsquo;elles sont connues et utiles, les informations suivantes, en pr\u00e9cisant comment elles ont \u00e9t\u00e9 recueillies : Composition de la famille de la personne \u00e0 prot\u00e9ger, ses conditions de vie, son lieu de vie et son environnement social, Consistance de son patrimoine, les ressources, les charges et dettes ainsi que, s&rsquo;il y en a, la liste des prestations mobilisables au b\u00e9n\u00e9fice de la personne, Autonomie de la personne, \u00e9valu\u00e9e au regard de sa capacit\u00e9 \u00e0 s&rsquo;organiser seule dans la vie quotidienne, \u00e0 accomplir ses d\u00e9marches administratives et g\u00e9rer son budget, seule. \u00c0 ces documents, il faudra ajouter\u00a0: Justificatif du lien de parent\u00e9 entre le requ\u00e9rant et la personne \u00e0 prot\u00e9ger (copie de livrets de famille, du contrat de mariage,\u00a0convention de Pacs\u00a0etc&#8230;), Copie de la pi\u00e8ce d&rsquo;identit\u00e9 et copie de la domiciliation de la personne d\u00e9sireuse de remplir les fonctions de personne habilit\u00e9e Lettres des membres de la famille\u00a0acceptant cette nomination Si une vente est pr\u00e9vue, au moins 2 avis de valeur du bien immobilier La demande est adress\u00e9e au juge des contentieux de la protection du\u00a0tribunal\u00a0dont\u00a0d\u00e9pend le lieu de\u00a0r\u00e9sidence\u00a0du majeur \u00e0 prot\u00e9ger ou du futur repr\u00e9sentant de celui-ci.\u00a0Pour des raisons pratiques, si le repr\u00e9sentant de la personne \u00e0 prot\u00e9ger ne r\u00e9side pas dans le m\u00eame ressort judiciaire, il convient de d\u00e9poser la demande au tribunal dont d\u00e9pend le repr\u00e9sentant. Ce dossier doit ensuite \u00eatre envoy\u00e9 ou d\u00e9pos\u00e9 au\u00a0greffe\u00a0du juge des contentieux et de la protection du\u00a0tribunal judiciaire\u00a0(incluant le\u00a0tribunal de proximit\u00e9)\u00a0dont d\u00e9pend le lieu de\u00a0r\u00e9sidence\u00a0du majeur \u00e0 prot\u00e9ger. Depuis le 1er janvier 2021, il est possible de saisir en ligne le juge des contentieux de la protection pour deux types de requ\u00eates : Requ\u00eate au juge des contentieux de la protection en cours de mesure de protection par le majeur prot\u00e9g\u00e9. Requ\u00eate au juge des contentieux de la protection en cours de mesure de protection par le repr\u00e9sentant l\u00e9gal. Pour vous aider dans votre d\u00e9marche en ligne, vous pouvez consulter cette\u00a0notice d&rsquo;information.<\/p>\n","protected":false},"author":3,"featured_media":0,"parent":0,"menu_order":0,"comment_status":"closed","ping_status":"closed","template":"","meta":{"_monsterinsights_skip_tracking":false,"_monsterinsights_sitenote_active":false,"_monsterinsights_sitenote_note":"","_monsterinsights_sitenote_category":0,"footnotes":""},"class_list":["post-2637","page","type-page","status-publish","hentry"],"_links":{"self":[{"href":"https:\/\/cdad83.fr\/index.php\/wp-json\/wp\/v2\/pages\/2637","targetHints":{"allow":["GET"]}}],"collection":[{"href":"https:\/\/cdad83.fr\/index.php\/wp-json\/wp\/v2\/pages"}],"about":[{"href":"https:\/\/cdad83.fr\/index.php\/wp-json\/wp\/v2\/types\/page"}],"author":[{"embeddable":true,"href":"https:\/\/cdad83.fr\/index.php\/wp-json\/wp\/v2\/users\/3"}],"replies":[{"embeddable":true,"href":"https:\/\/cdad83.fr\/index.php\/wp-json\/wp\/v2\/comments?post=2637"}],"version-history":[{"count":1,"href":"https:\/\/cdad83.fr\/index.php\/wp-json\/wp\/v2\/pages\/2637\/revisions"}],"predecessor-version":[{"id":5088,"href":"https:\/\/cdad83.fr\/index.php\/wp-json\/wp\/v2\/pages\/2637\/revisions\/5088"}],"wp:attachment":[{"href":"https:\/\/cdad83.fr\/index.php\/wp-json\/wp\/v2\/media?parent=2637"}],"curies":[{"name":"wp","href":"https:\/\/api.w.org\/{rel}","templated":true}]}}