{"id":2700,"date":"2021-04-06T09:46:48","date_gmt":"2021-04-06T07:46:48","guid":{"rendered":"http:\/\/cdad83.fr\/?page_id=2700"},"modified":"2021-06-02T16:26:11","modified_gmt":"2021-06-02T14:26:11","slug":"bureau-daide-aux-victimes-mineures-de-toulon","status":"publish","type":"page","link":"https:\/\/cdad83.fr\/index.php\/bureau-daide-aux-victimes-mineures-de-toulon\/","title":{"rendered":"Bureau d&rsquo;aide aux victimes mineures de Toulon"},"content":{"rendered":"<p>Le bureau d\u2019aide aux victimes (BAV) mineures est assur\u00e9 par l\u2019Association d\u2019Aide aux Victimes d\u2019Infractions du Var (AAVIV).<\/p>\n<p>Un\/e juriste vous accueille et accompagne les mineurs victimes d\u2019infraction(s) p\u00e9nale(s), ainsi que leurs proches, tous les mercredis apr\u00e8s-midi \u00e0 la chambre de proximit\u00e9 de Toulon.<\/p>\n<p>Le Bureau d\u2019aide aux victimes mineures propose aux enfants victimes, ainsi qu\u2019\u00e0 leurs proches :<\/p>\n<p>\u2013 une information juridique (fonctionnement du monde judiciaire, d\u00e9roul\u00e9 de la proc\u00e9dure p\u00e9nale, droits en tant que mineur, droits en tant que proches, \u2026)\u00a0;<br \/>\n\u2013 un soutien administratif, juridique mais \u00e9galement social\u00a0;<br \/>\n\u2013 un soutien psychologique, sur rendez-vous aupr\u00e8s de la structure\u00a0;<br \/>\n\u2013 une orientation personnalis\u00e9e vers les organismes comp\u00e9tents ou sp\u00e9cialis\u00e9s\u00a0;<br \/>\n\u2013 un accompagnement aux audiences.<\/p>\n<p>Le BAV vous re\u00e7oit gratuitement et confidentiellement, au cours d\u2019un entretien personnalis\u00e9. C\u2019est un lieu d\u2019information, d\u2019\u00e9coute et de bienveillance.<\/p>\n<p>Pour plus d\u2019informations, vous pouvez retrouver le flyer de l\u2019AAVIV <a style=\"color: #000000;\" href=\"https:\/\/cdad83.fr\/wp-content\/uploads\/2021\/04\/Plaquettes-2020_rotated.pdf\">ici<\/a>.<\/p>\n<h6>Coordonn\u00e9es de l\u2019AVVIV :<\/h6>\n<p>Immeuble de l&rsquo;Observatoire &#8211; 146, Avenue Mar\u00e9chal Foch, 83 000 Toulon.<a href=\"https:\/\/cdad83.fr\/wp-content\/uploads\/2021\/04\/V2-Logo-AAVIV-rvb-pour-le-web.png\"><img decoding=\"async\" src=\"https:\/\/cdad83.fr\/wp-content\/uploads\/2021\/04\/V2-Logo-AAVIV-rvb-pour-le-web.png\" alt=\"\" width=\"246\" height=\"50\" \/><\/a><\/p>\n<p>T\u00e9l\u00e9phone : 04.98.00.46.80<\/p>\n<h6>Coordonn\u00e9es du BAV pour mineures :<\/h6>\n<p>140, Boulevard Leclerc, 83 000 Toulon.<\/p>\n<p>T\u00e9l\u00e9phone de la chambre de proximit\u00e9 : 04.94.18.93.00<\/p>\n","protected":false},"excerpt":{"rendered":"<p>Le bureau d\u2019aide aux victimes (BAV) mineures est assur\u00e9 par l\u2019Association d\u2019Aide aux Victimes d\u2019Infractions du Var (AAVIV). Un\/e juriste vous accueille et accompagne les mineurs victimes d\u2019infraction(s) p\u00e9nale(s), ainsi que leurs proches, tous les mercredis apr\u00e8s-midi \u00e0 la chambre de proximit\u00e9 de Toulon. Le Bureau d\u2019aide aux victimes mineures propose aux enfants victimes, ainsi qu\u2019\u00e0 leurs proches : \u2013 une information juridique (fonctionnement du monde judiciaire, d\u00e9roul\u00e9 de la proc\u00e9dure p\u00e9nale, droits en tant que mineur, droits en tant que proches, \u2026)\u00a0; \u2013 un soutien administratif, juridique mais \u00e9galement social\u00a0; \u2013 un soutien psychologique, sur rendez-vous aupr\u00e8s de la structure\u00a0; \u2013 une orientation personnalis\u00e9e vers les organismes comp\u00e9tents ou sp\u00e9cialis\u00e9s\u00a0; \u2013 un accompagnement aux audiences. Le BAV vous re\u00e7oit gratuitement et confidentiellement, au cours d\u2019un entretien personnalis\u00e9. C\u2019est un lieu d\u2019information, d\u2019\u00e9coute et de bienveillance. Pour plus d\u2019informations, vous pouvez retrouver le flyer de l\u2019AAVIV ici. Coordonn\u00e9es de l\u2019AVVIV : Immeuble de l&rsquo;Observatoire &#8211; 146, Avenue Mar\u00e9chal Foch, 83 000 Toulon. T\u00e9l\u00e9phone : 04.98.00.46.80 Coordonn\u00e9es du BAV pour mineures : 140, Boulevard Leclerc, 83 000 Toulon. T\u00e9l\u00e9phone de la chambre de proximit\u00e9 : 04.94.18.93.00<\/p>\n","protected":false},"author":3,"featured_media":0,"parent":0,"menu_order":0,"comment_status":"closed","ping_status":"closed","template":"","meta":{"_monsterinsights_skip_tracking":false,"_monsterinsights_sitenote_active":false,"_monsterinsights_sitenote_note":"","_monsterinsights_sitenote_category":0,"footnotes":""},"class_list":["post-2700","page","type-page","status-publish","hentry"],"_links":{"self":[{"href":"https:\/\/cdad83.fr\/index.php\/wp-json\/wp\/v2\/pages\/2700","targetHints":{"allow":["GET"]}}],"collection":[{"href":"https:\/\/cdad83.fr\/index.php\/wp-json\/wp\/v2\/pages"}],"about":[{"href":"https:\/\/cdad83.fr\/index.php\/wp-json\/wp\/v2\/types\/page"}],"author":[{"embeddable":true,"href":"https:\/\/cdad83.fr\/index.php\/wp-json\/wp\/v2\/users\/3"}],"replies":[{"embeddable":true,"href":"https:\/\/cdad83.fr\/index.php\/wp-json\/wp\/v2\/comments?post=2700"}],"version-history":[{"count":0,"href":"https:\/\/cdad83.fr\/index.php\/wp-json\/wp\/v2\/pages\/2700\/revisions"}],"wp:attachment":[{"href":"https:\/\/cdad83.fr\/index.php\/wp-json\/wp\/v2\/media?parent=2700"}],"curies":[{"name":"wp","href":"https:\/\/api.w.org\/{rel}","templated":true}]}}