{"id":286,"date":"2018-02-06T16:52:12","date_gmt":"2018-02-06T15:52:12","guid":{"rendered":"http:\/\/cdad83.fr\/?page_id=286"},"modified":"2021-06-02T17:09:47","modified_gmt":"2021-06-02T15:09:47","slug":"missions","status":"publish","type":"page","link":"https:\/\/cdad83.fr\/index.php\/missions\/","title":{"rendered":"Nos missions"},"content":{"rendered":"<p>La loi n\u00b091-647 du 10 juillet 1991 relative \u00e0 l\u2019aide juridique, modifi\u00e9e par la loi du 18 d\u00e9cembre 1998 relative \u00e0 l\u2019acc\u00e8s au droit et \u00e0 la r\u00e9solution amiable des conflits et par la loi n\u00b02016-1547 du 18 novembre 2016 relative \u00e0 l\u2019acc\u00e8s au droit et au recours aux mesures alternatives de r\u00e8glements des diff\u00e9rends (MARD), pr\u00e9voit l\u2019institution, dans chaque d\u00e9partement, d\u2019un Conseil d\u00e9partemental de l&rsquo;acc\u00e8s au droit.<\/p>\n<p>Le CDAD dispose d\u2019un statut de groupement d\u2019int\u00e9r\u00eat public (GIP) lui permettant d\u2019associer des acteurs de statuts divers, <strong>plac\u00e9 sous la pr\u00e9sidence de la Pr\u00e9sidente du tribunal Judiciaire de Toulon.<\/strong><\/p>\n<p>La pr\u00e9sidente du CDAD du Var a en charge la d\u00e9finition et la mise en \u0153uvre de <strong><u>la politique d\u2019acc\u00e8s au droit sur le territoire d\u00e9partemental.<\/u><\/strong><\/p>\n<p>Le CDAD du Var est issu d\u2019une convention sign\u00e9e pour une dur\u00e9e de 10 ans et dont le dernier renouvellement a eu lieu le 16 novembre 2012.<\/p>\n<p>Le CDAD du Var constitue, anime et coordonne un r\u00e9seau de partenaires de l\u2019acc\u00e8s au droit : professionnels du droit (avocats, notaires, huissiers et \u00e9crivains publics), associations sp\u00e9cialis\u00e9es (AAVIV\u2026), collectivit\u00e9s locales (le Conseil r\u00e9gional PACA, le Conseil d\u00e9partemental du Var) et l\u2019\u00c9tat (Minist\u00e8re de la Justice et Pr\u00e9fecture).<\/p>\n<p>Le CDAD du Var d\u00e9veloppe un maillage territorial adapt\u00e9, dans un objectif de compl\u00e9mentarit\u00e9 et de coh\u00e9rence de l\u2019offre de service afin de r\u00e9pondre au mieux aux besoins des usagers. La d\u00e9marche doit donc \u00eatre ajust\u00e9e r\u00e9guli\u00e8rement, eu \u00e9gard aux besoins de la population du territoire varois. Dans cet objectif, le CDAD du Var recense les besoins des usagers, impulse des actions en ce sens et \u00e9value l&rsquo;efficacit\u00e9 des dispositifs \u00e9tablis dans sa politique d&rsquo;acc\u00e8s au droit.&nbsp;<\/p>\n<p>Ainsi, le CDAD du Var met en place <strong>des consultations juridiques et des permanences gratuites<\/strong>&nbsp;en mobilisant son r\u00e9seau de partenaires.<\/p>\n<p>Il participe \u00e0 la mise en \u0153uvre d\u2019une politique locale de r\u00e9solution amiable des diff\u00e9rends, en orientant le public vers le d\u00e9l\u00e9gu\u00e9 du d\u00e9fenseur des droits, les conciliateurs de justice et les m\u00e9diateurs.<\/p>\n<p><strong><u>Qu\u2019est-ce que l\u2019acc\u00e8s au droit&nbsp;?<\/u><\/strong><\/p>\n<p>Toute personne, quels que soient son \u00e2ge, sa nationalit\u00e9, son niveau de vie ou le lieu o\u00f9 elle habite, doit pouvoir en dehors de tout proc\u00e8s :<\/p>\n<ul>\n<li>Conna\u00eetre ses droits et ses devoirs.<\/li>\n<li>\u00catre inform\u00e9e sur les moyens de faire valoir ses droits ou d\u2019ex\u00e9cuter ses obligations.<\/li>\n<li>\u00catre orient\u00e9e vers les organismes, les services ou les professionnels charg\u00e9s d\u2019assurer ou de faciliter l\u2019exercice des droits et l\u2019ex\u00e9cution des obligations.<\/li>\n<li>B\u00e9n\u00e9ficier d\u2019une aide pour accomplir les d\u00e9marches administratives.<\/li>\n<li>Acc\u00e9der \u00e0 des consultations juridiques gratuites assur\u00e9es par des professionnels habilit\u00e9s (avocats, huissiers et notaires).<\/li>\n<\/ul>\n","protected":false},"excerpt":{"rendered":"<p>La loi n\u00b091-647 du 10 juillet 1991 relative \u00e0 l\u2019aide juridique, modifi\u00e9e par la loi du 18 d\u00e9cembre 1998 relative \u00e0 l\u2019acc\u00e8s au droit et \u00e0 la r\u00e9solution amiable des conflits et par la loi n\u00b02016-1547 du 18 novembre 2016 relative \u00e0 l\u2019acc\u00e8s au droit et au recours aux mesures alternatives de r\u00e8glements des diff\u00e9rends (MARD), pr\u00e9voit l\u2019institution, dans chaque d\u00e9partement, d\u2019un Conseil d\u00e9partemental de l&rsquo;acc\u00e8s au droit. Le CDAD dispose d\u2019un statut de groupement d\u2019int\u00e9r\u00eat public (GIP) lui permettant d\u2019associer des acteurs de statuts divers, plac\u00e9 sous la pr\u00e9sidence de la Pr\u00e9sidente du tribunal Judiciaire de Toulon. La pr\u00e9sidente du CDAD du Var a en charge la d\u00e9finition et la mise en \u0153uvre de la politique d\u2019acc\u00e8s au droit sur le territoire d\u00e9partemental. Le CDAD du Var est issu d\u2019une convention sign\u00e9e pour une dur\u00e9e de 10 ans et dont le dernier renouvellement a eu lieu le 16 novembre 2012. Le CDAD du Var constitue, anime et coordonne un r\u00e9seau de partenaires de l\u2019acc\u00e8s au droit : professionnels du droit (avocats, notaires, huissiers et \u00e9crivains publics), associations sp\u00e9cialis\u00e9es (AAVIV\u2026), collectivit\u00e9s locales (le Conseil r\u00e9gional PACA, le Conseil d\u00e9partemental du Var) et l\u2019\u00c9tat (Minist\u00e8re de la Justice et Pr\u00e9fecture). Le CDAD du Var d\u00e9veloppe un maillage territorial adapt\u00e9, dans un objectif de compl\u00e9mentarit\u00e9 et de coh\u00e9rence de l\u2019offre de service afin de r\u00e9pondre au mieux aux besoins des usagers. La d\u00e9marche doit donc \u00eatre ajust\u00e9e r\u00e9guli\u00e8rement, eu \u00e9gard aux besoins de la population du territoire varois. Dans cet objectif, le CDAD du Var recense les besoins des usagers, impulse des actions en ce sens et \u00e9value l&rsquo;efficacit\u00e9 des dispositifs \u00e9tablis dans sa politique d&rsquo;acc\u00e8s au droit.&nbsp; Ainsi, le CDAD du Var met en place des consultations juridiques et des permanences gratuites&nbsp;en mobilisant son r\u00e9seau de partenaires. Il participe \u00e0 la mise en \u0153uvre d\u2019une politique locale de r\u00e9solution amiable des diff\u00e9rends, en orientant le public vers le d\u00e9l\u00e9gu\u00e9 du d\u00e9fenseur des droits, les conciliateurs de justice et les m\u00e9diateurs. Qu\u2019est-ce que l\u2019acc\u00e8s au droit&nbsp;? Toute personne, quels que soient son \u00e2ge, sa nationalit\u00e9, son niveau de vie ou le lieu o\u00f9 elle habite, doit pouvoir en dehors de tout proc\u00e8s : Conna\u00eetre ses droits et ses devoirs. \u00catre inform\u00e9e sur les moyens de faire valoir ses droits ou d\u2019ex\u00e9cuter ses obligations. \u00catre orient\u00e9e vers les organismes, les services ou les professionnels charg\u00e9s d\u2019assurer ou de faciliter l\u2019exercice des droits et l\u2019ex\u00e9cution des obligations. B\u00e9n\u00e9ficier d\u2019une aide pour accomplir les d\u00e9marches administratives. Acc\u00e9der \u00e0 des consultations juridiques gratuites assur\u00e9es par des professionnels habilit\u00e9s (avocats, huissiers et notaires).<\/p>\n","protected":false},"author":1,"featured_media":0,"parent":0,"menu_order":0,"comment_status":"closed","ping_status":"closed","template":"","meta":{"_monsterinsights_skip_tracking":false,"_monsterinsights_sitenote_active":false,"_monsterinsights_sitenote_note":"","_monsterinsights_sitenote_category":0,"footnotes":""},"class_list":["post-286","page","type-page","status-publish","hentry"],"_links":{"self":[{"href":"https:\/\/cdad83.fr\/index.php\/wp-json\/wp\/v2\/pages\/286","targetHints":{"allow":["GET"]}}],"collection":[{"href":"https:\/\/cdad83.fr\/index.php\/wp-json\/wp\/v2\/pages"}],"about":[{"href":"https:\/\/cdad83.fr\/index.php\/wp-json\/wp\/v2\/types\/page"}],"author":[{"embeddable":true,"href":"https:\/\/cdad83.fr\/index.php\/wp-json\/wp\/v2\/users\/1"}],"replies":[{"embeddable":true,"href":"https:\/\/cdad83.fr\/index.php\/wp-json\/wp\/v2\/comments?post=286"}],"version-history":[{"count":0,"href":"https:\/\/cdad83.fr\/index.php\/wp-json\/wp\/v2\/pages\/286\/revisions"}],"wp:attachment":[{"href":"https:\/\/cdad83.fr\/index.php\/wp-json\/wp\/v2\/media?parent=286"}],"curies":[{"name":"wp","href":"https:\/\/api.w.org\/{rel}","templated":true}]}}