{"id":288,"date":"2018-02-06T16:52:27","date_gmt":"2018-02-06T15:52:27","guid":{"rendered":"http:\/\/cdad83.fr\/?page_id=288"},"modified":"2024-04-15T12:17:47","modified_gmt":"2024-04-15T10:17:47","slug":"membres-du-cdad","status":"publish","type":"page","link":"https:\/\/cdad83.fr\/index.php\/membres-du-cdad\/","title":{"rendered":"Membres du CDAD du Var"},"content":{"rendered":"<ul>\n<li style=\"text-align: justify;\">La Pr\u00e9sidente du CDAD du Var, Pr\u00e9sidente du<a href=\"https:\/\/www.cours-appel.justice.fr\/aix-en-provence\"> Tribunal judiciaire de Toulon<\/a>.<\/li>\n<li style=\"text-align: justify;\">L\u2019\u00c9tat, repr\u00e9sent\u00e9 par le Pr\u00e9fet.<\/li>\n<li style=\"text-align: justify;\">Le magistrat d\u00e9l\u00e9gu\u00e9 \u00e0 la politique associative de la Cour d\u2019Appel d\u2019Aix en Provence.<\/li>\n<li style=\"text-align: justify;\">Le Vice-pr\u00e9sident du CDAD du Var, Procureur de la R\u00e9publique du Tribunal Judiciaire de Toulon.<\/li>\n<li style=\"text-align: justify;\"><a href=\"http:\/\/www.regionpaca.fr\/\">Le Conseil R\u00e9gional PACA<\/a>.<\/li>\n<li style=\"text-align: justify;\"><a href=\"https:\/\/www.var.fr\/\">Le Conseil D\u00e9partemental du Var<\/a>.<\/li>\n<li style=\"text-align: justify;\">Les Barreaux de <a href=\"https:\/\/barreautoulon.fr\/\">Toulon<\/a> et <a href=\"http:\/\/www.avocazur.com\/fr\/\">Draguignan<\/a>.<\/li>\n<li style=\"text-align: justify;\"><a href=\"https:\/\/barreautoulon.fr\/barreau\/carpa\/\">La Caisse Autonome de R\u00e8glement P\u00e9cuniaire des Avocats de Toulon (CARPA)<\/a><\/li>\n<li style=\"text-align: justify;\"><a href=\"https:\/\/www.commissaire-justice-aix.fr\/\">Chambre R\u00e9gionale des Commissaires de Justice (huissiers).<\/a><\/li>\n<li style=\"text-align: justify;\"><a href=\"https:\/\/www.notaires.fr\/fr\/chambre-departementale-notaire-var-83\">La Chambre D\u00e9partementale des Notaires du Var<\/a>.<\/li>\n<li style=\"text-align: justify;\"><a href=\"https:\/\/amf83.fr\/\">L&rsquo;Association des Maires du Var<\/a>.<\/li>\n<li style=\"text-align: justify;\"><a href=\"http:\/\/aaviv.fr\/\">L&rsquo;Association d&rsquo;Aide aux Victimes d&rsquo;Infractions du Var (AAVIV)<\/a><\/li>\n<li style=\"text-align: justify;\"><a href=\"https:\/\/www.cours-appel.justice.fr\/aix-en-provence\/tj-de-draguignan\">Le Tribunal Judiciaire de Draguignan.<\/a><\/li>\n<li style=\"text-align: justify;\"><a href=\"http:\/\/var.cidff.info\/\">Le Centre d&rsquo;Information sur les Droits des Femmes et des Familles<\/a><\/li>\n<li style=\"text-align: justify;\"><a href=\"https:\/\/toulon.fr\/\">La Ville de Toulon<\/a><\/li>\n<li style=\"text-align: justify;\"><a href=\"http:\/\/www.la-seyne.fr\/\">La Ville de La Seyne-sur-Mer<\/a><\/li>\n<li style=\"text-align: justify;\"><a href=\"http:\/\/www.brignoles.fr\/\">La Ville de Brignoles<\/a><\/li>\n<li style=\"text-align: justify;\"><a href=\"http:\/\/www.caprovenceverte.fr\/\">La Communaut\u00e9 d&rsquo;Agglom\u00e9ration de la Provence Verte<\/a><\/li>\n<li style=\"text-align: justify;\"><a href=\"http:\/\/www.ville-frejus.fr\/\">La Ville de Fr\u00e9jus<\/a><\/li>\n<li style=\"text-align: justify;\"><a href=\"http:\/\/www.hyeres.fr\/\">La Ville d&rsquo;Hy\u00e8res-les-Palmiers<\/a><\/li>\n<li style=\"text-align: justify;\"><a href=\"http:\/\/dracenie.com\/fr\">La Communaut\u00e9 d&rsquo;Agglom\u00e9ration Drac\u00e9noise<\/a><\/li>\n<\/ul>\n\n<div class=\"wp-block-image\">\n<figure class=\"aligncenter size-full is-resized\"><img fetchpriority=\"high\" decoding=\"async\" width=\"500\" height=\"500\" src=\"https:\/\/cdad83.fr\/wp-content\/uploads\/2023\/10\/LOGO-PLAQUETTE-2023.png\" alt=\"\" class=\"wp-image-4331\" style=\"width:708px;height:708px\" srcset=\"https:\/\/cdad83.fr\/wp-content\/uploads\/2023\/10\/LOGO-PLAQUETTE-2023.png 500w, https:\/\/cdad83.fr\/wp-content\/uploads\/2023\/10\/LOGO-PLAQUETTE-2023-300x300.png 300w, https:\/\/cdad83.fr\/wp-content\/uploads\/2023\/10\/LOGO-PLAQUETTE-2023-150x150.png 150w, https:\/\/cdad83.fr\/wp-content\/uploads\/2023\/10\/LOGO-PLAQUETTE-2023-75x75.png 75w\" sizes=\"(max-width: 500px) 100vw, 500px\" \/><\/figure><\/div>","protected":false},"excerpt":{"rendered":"<p>La Pr\u00e9sidente du CDAD du Var, Pr\u00e9sidente du Tribunal judiciaire de Toulon. L\u2019\u00c9tat, repr\u00e9sent\u00e9 par le Pr\u00e9fet. Le magistrat d\u00e9l\u00e9gu\u00e9 \u00e0 la politique associative de la Cour d\u2019Appel d\u2019Aix en Provence. Le Vice-pr\u00e9sident du CDAD du Var, Procureur de la R\u00e9publique du Tribunal Judiciaire de Toulon. Le Conseil R\u00e9gional PACA. Le Conseil D\u00e9partemental du Var. Les Barreaux de Toulon et Draguignan. La Caisse Autonome de R\u00e8glement P\u00e9cuniaire des Avocats de Toulon (CARPA) Chambre R\u00e9gionale des Commissaires de Justice (huissiers). La Chambre D\u00e9partementale des Notaires du Var. L&rsquo;Association des Maires du Var. L&rsquo;Association d&rsquo;Aide aux Victimes d&rsquo;Infractions du Var (AAVIV) Le Tribunal Judiciaire de Draguignan. Le Centre d&rsquo;Information sur les Droits des Femmes et des Familles La Ville de Toulon La Ville de La Seyne-sur-Mer La Ville de Brignoles La Communaut\u00e9 d&rsquo;Agglom\u00e9ration de la Provence Verte La Ville de Fr\u00e9jus La Ville d&rsquo;Hy\u00e8res-les-Palmiers La Communaut\u00e9 d&rsquo;Agglom\u00e9ration Drac\u00e9noise<\/p>\n","protected":false},"author":1,"featured_media":0,"parent":0,"menu_order":0,"comment_status":"closed","ping_status":"closed","template":"","meta":{"_monsterinsights_skip_tracking":false,"_monsterinsights_sitenote_active":false,"_monsterinsights_sitenote_note":"","_monsterinsights_sitenote_category":0,"footnotes":""},"class_list":["post-288","page","type-page","status-publish","hentry"],"_links":{"self":[{"href":"https:\/\/cdad83.fr\/index.php\/wp-json\/wp\/v2\/pages\/288","targetHints":{"allow":["GET"]}}],"collection":[{"href":"https:\/\/cdad83.fr\/index.php\/wp-json\/wp\/v2\/pages"}],"about":[{"href":"https:\/\/cdad83.fr\/index.php\/wp-json\/wp\/v2\/types\/page"}],"author":[{"embeddable":true,"href":"https:\/\/cdad83.fr\/index.php\/wp-json\/wp\/v2\/users\/1"}],"replies":[{"embeddable":true,"href":"https:\/\/cdad83.fr\/index.php\/wp-json\/wp\/v2\/comments?post=288"}],"version-history":[{"count":0,"href":"https:\/\/cdad83.fr\/index.php\/wp-json\/wp\/v2\/pages\/288\/revisions"}],"wp:attachment":[{"href":"https:\/\/cdad83.fr\/index.php\/wp-json\/wp\/v2\/media?parent=288"}],"curies":[{"name":"wp","href":"https:\/\/api.w.org\/{rel}","templated":true}]}}