{"id":300,"date":"2018-02-06T16:57:00","date_gmt":"2018-02-06T15:57:00","guid":{"rendered":"http:\/\/cdad83.fr\/?page_id=300"},"modified":"2025-07-30T13:08:47","modified_gmt":"2025-07-30T11:08:47","slug":"avocats-specialistes","status":"publish","type":"page","link":"https:\/\/cdad83.fr\/index.php\/avocats-specialistes\/","title":{"rendered":"Avocats sp\u00e9cialistes"},"content":{"rendered":"\n<p>Le Conseil D\u00e9partemental de l&rsquo;Acc\u00e8s au Droit du Var vous propose des permanences assur\u00e9es par des avocats sp\u00e9cialis\u00e9s dans le droit du travail, le droit social et les violences intrafamiliales.<\/p>\n\n\n\n<p class=\"has-text-align-center\"><strong><span class=\"has-inline-color has-black-color\">Permanences avocats en droit du travail<\/span><\/strong><\/p>\n\n\n\n<figure class=\"wp-block-table is-style-stripes\"><table class=\"has-fixed-layout\"><thead><tr><th class=\"has-text-align-center\" data-align=\"center\">Ville<\/th><th class=\"has-text-align-center\" data-align=\"center\">Date<\/th><th class=\"has-text-align-center\" data-align=\"center\">T\u00e9l\u00e9phone<\/th><\/tr><\/thead><tbody><tr><td class=\"has-text-align-center\" data-align=\"center\">Draguignan<\/td><td class=\"has-text-align-center\" data-align=\"center\">1er jeudi du mois<\/td><td class=\"has-text-align-center\" data-align=\"center\">04 98 10 29 20<\/td><\/tr><tr><td class=\"has-text-align-center\" data-align=\"center\">Fr\u00e9jus<\/td><td class=\"has-text-align-center\" data-align=\"center\">1er jeudi du mois<\/td><td class=\"has-text-align-center\" data-align=\"center\">04 94 51 76 42<\/td><\/tr><tr><td class=\"has-text-align-center\" data-align=\"center\">La Seyne-sur-Mer<\/td><td class=\"has-text-align-center\" data-align=\"center\">1er vendredi du mois<\/td><td class=\"has-text-align-center\" data-align=\"center\">04 94 06 97 46<\/td><\/tr><tr><td class=\"has-text-align-center\" data-align=\"center\">Toulon (MJD)<\/td><td class=\"has-text-align-center\" data-align=\"center\">1er jeudi du mois<\/td><td class=\"has-text-align-center\" data-align=\"center\">04 94 87 14 60<\/td><\/tr><tr><td class=\"has-text-align-center\" data-align=\"center\">Toulon (Tribunal Judiciaire)<\/td><td class=\"has-text-align-center\" data-align=\"center\">1er jeudi du mois<\/td><td class=\"has-text-align-center\" data-align=\"center\"> sans rendez-vous \u00e0 partir de 9h<\/td><\/tr><\/tbody><\/table><figcaption class=\"wp-element-caption\">Pas de permanences durant les mois de ao\u00fbt. Reprise en septembre.<\/figcaption><\/figure>\n\n\n\n<div style=\"height:48px\" aria-hidden=\"true\" class=\"wp-block-spacer\"><\/div>\n\n\n\n<p class=\"has-text-align-center\"><strong><span class=\"has-inline-color has-black-color\">Permanences avocats en droit social<\/span><\/strong><\/p>\n\n\n\n<figure class=\"wp-block-table is-style-stripes\"><table class=\"has-fixed-layout\"><thead><tr><th class=\"has-text-align-center\" data-align=\"center\">Ville<\/th><th class=\"has-text-align-center\" data-align=\"center\">Date<\/th><th class=\"has-text-align-center\" data-align=\"center\">T\u00e9l\u00e9phone<\/th><\/tr><\/thead><tbody><tr><td class=\"has-text-align-center\" data-align=\"center\">Toulon (Conseil des Prud&rsquo;hommes)<\/td><td class=\"has-text-align-center\" data-align=\"center\">Tous les vendredis<\/td><td class=\"has-text-align-center\" data-align=\"center\">sans-rendez-vous \u00e0 partir de 9h<\/td><\/tr><\/tbody><\/table><figcaption class=\"wp-element-caption\">Pas de permanences durant les mois de ao\u00fbt. Reprise en septembre.<\/figcaption><\/figure>\n\n\n\n<div style=\"height:48px\" aria-hidden=\"true\" class=\"wp-block-spacer\"><\/div>\n\n\n\n<p class=\"has-text-align-center\"><strong><span class=\"has-inline-color has-black-color\">Permanences avocats en droit public<\/span><\/strong><\/p>\n\n\n\n<figure class=\"wp-block-table is-style-stripes\"><table class=\"has-fixed-layout\"><thead><tr><th class=\"has-text-align-center\" data-align=\"center\">Ville<\/th><th class=\"has-text-align-center\" data-align=\"center\">Date<\/th><th class=\"has-text-align-center\" data-align=\"center\">T\u00e9l\u00e9phone<\/th><\/tr><\/thead><tbody><tr><td class=\"has-text-align-center\" data-align=\"center\">Toulon Maison de Justice <br>et du droit <\/td><td class=\"has-text-align-center\" data-align=\"center\">4e mercredi &#8211; <br>tous les 2 mois<\/td><td class=\"has-text-align-center\" data-align=\"center\">04.94.87.14.60<\/td><\/tr><tr><td class=\"has-text-align-center\" data-align=\"center\">Draguignan <\/td><td class=\"has-text-align-center\" data-align=\"center\">4e vendredi du mois <br>tous les 2 mois<\/td><td class=\"has-text-align-center\" data-align=\"center\">04.98.10.29.20<\/td><\/tr><\/tbody><\/table><figcaption class=\"wp-element-caption\">Pas de permanences durant les mois de ao\u00fbt. Reprise en septembre.<\/figcaption><\/figure>\n\n\n\n<p><\/p>\n","protected":false},"excerpt":{"rendered":"<p>Le Conseil D\u00e9partemental de l&rsquo;Acc\u00e8s au Droit du Var vous propose des permanences assur\u00e9es par des avocats sp\u00e9cialis\u00e9s dans le droit du travail, le droit social et les violences intrafamiliales. Permanences avocats en droit du travail Ville Date T\u00e9l\u00e9phone Draguignan 1er jeudi du mois 04 98 10 29 20 Fr\u00e9jus 1er jeudi du mois 04 94 51 76 42 La Seyne-sur-Mer 1er vendredi du mois 04 94 06 97 46 Toulon (MJD) 1er jeudi du mois 04 94 87 14 60 Toulon (Tribunal Judiciaire) 1er jeudi du mois sans rendez-vous \u00e0 partir de 9h Pas de permanences durant les mois de ao\u00fbt. Reprise en septembre. Permanences avocats en droit social Ville Date T\u00e9l\u00e9phone Toulon (Conseil des Prud&rsquo;hommes) Tous les vendredis sans-rendez-vous \u00e0 partir de 9h Pas de permanences durant les mois de ao\u00fbt. Reprise en septembre. Permanences avocats en droit public Ville Date T\u00e9l\u00e9phone Toulon Maison de Justice et du droit 4e mercredi &#8211; tous les 2 mois 04.94.87.14.60 Draguignan 4e vendredi du mois tous les 2 mois 04.98.10.29.20 Pas de permanences durant les mois de ao\u00fbt. Reprise en septembre.<\/p>\n","protected":false},"author":1,"featured_media":0,"parent":0,"menu_order":0,"comment_status":"closed","ping_status":"closed","template":"","meta":{"_monsterinsights_skip_tracking":false,"_monsterinsights_sitenote_active":false,"_monsterinsights_sitenote_note":"","_monsterinsights_sitenote_category":0,"footnotes":""},"class_list":["post-300","page","type-page","status-publish","hentry"],"_links":{"self":[{"href":"https:\/\/cdad83.fr\/index.php\/wp-json\/wp\/v2\/pages\/300","targetHints":{"allow":["GET"]}}],"collection":[{"href":"https:\/\/cdad83.fr\/index.php\/wp-json\/wp\/v2\/pages"}],"about":[{"href":"https:\/\/cdad83.fr\/index.php\/wp-json\/wp\/v2\/types\/page"}],"author":[{"embeddable":true,"href":"https:\/\/cdad83.fr\/index.php\/wp-json\/wp\/v2\/users\/1"}],"replies":[{"embeddable":true,"href":"https:\/\/cdad83.fr\/index.php\/wp-json\/wp\/v2\/comments?post=300"}],"version-history":[{"count":0,"href":"https:\/\/cdad83.fr\/index.php\/wp-json\/wp\/v2\/pages\/300\/revisions"}],"wp:attachment":[{"href":"https:\/\/cdad83.fr\/index.php\/wp-json\/wp\/v2\/media?parent=300"}],"curies":[{"name":"wp","href":"https:\/\/api.w.org\/{rel}","templated":true}]}}