{"id":3151,"date":"2021-06-02T09:34:10","date_gmt":"2021-06-02T07:34:10","guid":{"rendered":"https:\/\/cdad83.fr\/?page_id=3151"},"modified":"2021-06-03T15:29:40","modified_gmt":"2021-06-03T13:29:40","slug":"violences-conjugales","status":"publish","type":"page","link":"https:\/\/cdad83.fr\/index.php\/violences-conjugales\/","title":{"rendered":"Violences intra-familiales"},"content":{"rendered":"<p>Le Conseil D\u00e9partemental de l&rsquo;Acc\u00e8s au Droit du Var s\u2019engage aux c\u00f4t\u00e9s <strong>des victimes de violences intra-familiales<\/strong>. A cette fin, une permanence sp\u00e9cialis\u00e9e gratuite d\u2019avocats est mise en place gratuitement, une fois par mois, au point-justice du Tribunal judiciaire de Toulon.<\/p>\n\n\n<figure class=\"wp-block-table aligncenter is-style-stripes\"><table class=\"has-subtle-pale-pink-background-color has-fixed-layout has-background\"><tbody><tr><td class=\"has-text-align-center\" data-align=\"center\">Tribunal Judiciaire de Toulon, Place Gabriel P\u00e9ri<\/td><td class=\"has-text-align-center\" data-align=\"center\">Sans rendez-vous<\/td><td class=\"has-text-align-center\" data-align=\"center\">Tous les 3\u00e8me jeudi du mois<\/td><\/tr><\/tbody><\/table><\/figure>\n\n\n<p>Des associations peuvent vous venir en aide que cela soit sur l&rsquo;\u00e9coute, l&rsquo;information, l&rsquo;orientation afin de vous prot\u00e9ger. <br \/><br \/><strong>Violences femmes infos<\/strong> : Une plateforme d&rsquo;\u00e9coute, d&rsquo;information et d&rsquo;orientation pour les victimes et t\u00e9moins de violences conjugales. <br \/><br \/><strong>Femmes d&rsquo;aujourd&rsquo;hui<\/strong> : Une intervenante au commissariat de Toulon pour aider et prot\u00e9ger les personnes dans des situations de violences intrafamiliales.<br \/><br \/><strong>F.N.A.C.A.V. (F\u00e9d\u00e9ration Nationale des Associations et des Centres de prise en charge des Auteurs de Violences conjugales et intrafamiliales)<\/strong> : une ligne d&rsquo;\u00e9coute pour les personnes qui se sentent bord du passage \u00e0 l&rsquo;acte afin de pr\u00e9venir et d&rsquo;\u00e9viter les violences. <\/p>\n\n\n<div class=\"wp-block-image is-style-default\"><figure class=\"aligncenter size-medium is-resized\"><a href=\"https:\/\/arretonslesviolences.gouv.fr\/\"><img fetchpriority=\"high\" decoding=\"async\" src=\"https:\/\/cdad83.fr\/wp-content\/uploads\/2021\/03\/Arretons-les-violences-300x223.jpg\" alt=\"\" class=\"wp-image-2453\" width=\"300\" height=\"223\" srcset=\"https:\/\/cdad83.fr\/wp-content\/uploads\/2021\/03\/Arretons-les-violences-300x223.jpg 300w, https:\/\/cdad83.fr\/wp-content\/uploads\/2021\/03\/Arretons-les-violences.jpg 380w\" sizes=\"(max-width: 300px) 100vw, 300px\" \/><\/a><\/figure><\/div>\n\n\n\n<p><\/p>\n","protected":false},"excerpt":{"rendered":"<p>Le Conseil D\u00e9partemental de l&rsquo;Acc\u00e8s au Droit du Var s\u2019engage aux c\u00f4t\u00e9s des victimes de violences intra-familiales. A cette fin, une permanence sp\u00e9cialis\u00e9e gratuite d\u2019avocats est mise en place gratuitement, une fois par mois, au point-justice du Tribunal judiciaire de Toulon. Tribunal Judiciaire de Toulon, Place Gabriel P\u00e9ri Sans rendez-vous Tous les 3\u00e8me jeudi du mois Des associations peuvent vous venir en aide que cela soit sur l&rsquo;\u00e9coute, l&rsquo;information, l&rsquo;orientation afin de vous prot\u00e9ger. Violences femmes infos : Une plateforme d&rsquo;\u00e9coute, d&rsquo;information et d&rsquo;orientation pour les victimes et t\u00e9moins de violences conjugales. Femmes d&rsquo;aujourd&rsquo;hui : Une intervenante au commissariat de Toulon pour aider et prot\u00e9ger les personnes dans des situations de violences intrafamiliales. F.N.A.C.A.V. (F\u00e9d\u00e9ration Nationale des Associations et des Centres de prise en charge des Auteurs de Violences conjugales et intrafamiliales) : une ligne d&rsquo;\u00e9coute pour les personnes qui se sentent bord du passage \u00e0 l&rsquo;acte afin de pr\u00e9venir et d&rsquo;\u00e9viter les violences.<\/p>\n","protected":false},"author":3,"featured_media":0,"parent":0,"menu_order":0,"comment_status":"closed","ping_status":"closed","template":"","meta":{"_monsterinsights_skip_tracking":false,"_monsterinsights_sitenote_active":false,"_monsterinsights_sitenote_note":"","_monsterinsights_sitenote_category":0,"footnotes":""},"class_list":["post-3151","page","type-page","status-publish","hentry"],"_links":{"self":[{"href":"https:\/\/cdad83.fr\/index.php\/wp-json\/wp\/v2\/pages\/3151","targetHints":{"allow":["GET"]}}],"collection":[{"href":"https:\/\/cdad83.fr\/index.php\/wp-json\/wp\/v2\/pages"}],"about":[{"href":"https:\/\/cdad83.fr\/index.php\/wp-json\/wp\/v2\/types\/page"}],"author":[{"embeddable":true,"href":"https:\/\/cdad83.fr\/index.php\/wp-json\/wp\/v2\/users\/3"}],"replies":[{"embeddable":true,"href":"https:\/\/cdad83.fr\/index.php\/wp-json\/wp\/v2\/comments?post=3151"}],"version-history":[{"count":0,"href":"https:\/\/cdad83.fr\/index.php\/wp-json\/wp\/v2\/pages\/3151\/revisions"}],"wp:attachment":[{"href":"https:\/\/cdad83.fr\/index.php\/wp-json\/wp\/v2\/media?parent=3151"}],"curies":[{"name":"wp","href":"https:\/\/api.w.org\/{rel}","templated":true}]}}