{"id":322,"date":"2018-02-06T17:03:02","date_gmt":"2018-02-06T16:03:02","guid":{"rendered":"http:\/\/cdad83.fr\/?page_id=322"},"modified":"2024-07-26T12:59:13","modified_gmt":"2024-07-26T10:59:13","slug":"mjd-de-la-seyne","status":"publish","type":"page","link":"https:\/\/cdad83.fr\/index.php\/mjd-de-la-seyne\/","title":{"rendered":"MJD de La Seyne-sur-Mer"},"content":{"rendered":"<div class=\"wp-block-image\">\n<figure class=\"aligncenter size-large is-resized\"><img fetchpriority=\"high\" decoding=\"async\" width=\"1024\" height=\"1024\" src=\"https:\/\/cdad83.fr\/wp-content\/uploads\/2024\/07\/Vacances-Ete-Aout-Depart-Fermeture-Post-Instagram-Minimaliste-2-1024x1024.png\" alt=\"\" class=\"wp-image-4479\" style=\"width:458px;height:auto\" srcset=\"https:\/\/cdad83.fr\/wp-content\/uploads\/2024\/07\/Vacances-Ete-Aout-Depart-Fermeture-Post-Instagram-Minimaliste-2-1024x1024.png 1024w, https:\/\/cdad83.fr\/wp-content\/uploads\/2024\/07\/Vacances-Ete-Aout-Depart-Fermeture-Post-Instagram-Minimaliste-2-300x300.png 300w, https:\/\/cdad83.fr\/wp-content\/uploads\/2024\/07\/Vacances-Ete-Aout-Depart-Fermeture-Post-Instagram-Minimaliste-2-150x150.png 150w, https:\/\/cdad83.fr\/wp-content\/uploads\/2024\/07\/Vacances-Ete-Aout-Depart-Fermeture-Post-Instagram-Minimaliste-2-768x768.png 768w, https:\/\/cdad83.fr\/wp-content\/uploads\/2024\/07\/Vacances-Ete-Aout-Depart-Fermeture-Post-Instagram-Minimaliste-2-75x75.png 75w, https:\/\/cdad83.fr\/wp-content\/uploads\/2024\/07\/Vacances-Ete-Aout-Depart-Fermeture-Post-Instagram-Minimaliste-2.png 1080w\" sizes=\"(max-width: 1024px) 100vw, 1024px\" \/><\/figure><\/div>\n\n\n<p>La maison de justice et du droit (MJD)\u00a0 est un \u00e9tablissement judiciaire qui permet \u00e0 l\u2019usager de mieux conna\u00eetre et d\u00e9fendre ses droits.<\/p>\n\n\n\n<p>La maison de la justice et du droit (MJD) assure une pr\u00e9sence judiciaire de proximit\u00e9 et concourt \u00e0 la pr\u00e9vention de la d\u00e9linquance, \u00e0 l&rsquo;aide aux victimes et \u00e0 l&rsquo;acc\u00e8s au droit.<\/p>\n\n\n\n<p>Tout citoyen peut ainsi obtenir des renseignements sur ses droits et devoirs, en rencontrant des professionnels du droit ou des associations sp\u00e9cialis\u00e9es.<\/p>\n\n\n\n<p>Les permanences du point-justice de la M.J.D. de la Seyne-sur-Mer :<\/p>\n\n\n\n<figure class=\"wp-block-table is-style-stripes\"><table class=\"has-fixed-layout\"><thead><tr><th class=\"has-text-align-center\" data-align=\"center\">Type<\/th><th class=\"has-text-align-center\" data-align=\"center\">Rendez-vous<\/th><th class=\"has-text-align-center\" data-align=\"center\">T\u00e9l\u00e9phone<\/th><\/tr><\/thead><tbody><tr><td class=\"has-text-align-center\" data-align=\"center\">Avocat<\/td><td class=\"has-text-align-center\" data-align=\"center\">Tous les lundis et mardis<\/td><td class=\"has-text-align-center\" data-align=\"center\">04.94.06.97.46<\/td><\/tr><tr><td class=\"has-text-align-center\" data-align=\"center\">Avocat &#8211; droit du travail<\/td><td class=\"has-text-align-center\" data-align=\"center\">Tous les 1er vendredis du mois<\/td><td class=\"has-text-align-center\" data-align=\"center\">04.94.06.97.46<\/td><\/tr><tr><td class=\"has-text-align-center\" data-align=\"center\">Huissier de Justice<\/td><td class=\"has-text-align-center\" data-align=\"center\">Tous les 1er jeudis du mois<\/td><td class=\"has-text-align-center\" data-align=\"center\">04.94.06.97.46<\/td><\/tr><tr><td class=\"has-text-align-center\" data-align=\"center\">Notaire<\/td><td class=\"has-text-align-center\" data-align=\"center\">Tous les 1er mardis du mois<\/td><td class=\"has-text-align-center\" data-align=\"center\">04.94.06.97.46<\/td><\/tr><tr><td class=\"has-text-align-center\" data-align=\"center\">\u00c9crivain public<\/td><td class=\"has-text-align-center\" data-align=\"center\">Tous les 1er, 2e et 3 lundis du mois<\/td><td class=\"has-text-align-center\" data-align=\"center\">04.94.06.97.46<\/td><\/tr><\/tbody><\/table><\/figure>\n\n\n\n<p>Afin d\u2019assurer une pr\u00e9sence judiciaire gratuite de proximit\u00e9 et de r\u00e9pondre aux besoins d\u2019information juridique des usagers, la MJD re\u00e7oit de nombreux intervenants :<\/p>\n\n\n\n<ul class=\"wp-block-list\">\n<li><em>les intervenants institutionnels <\/em>: les d\u00e9l\u00e9gu\u00e9s du procureur de la R\u00e9publique, les conciliateurs de justice, les d\u00e9l\u00e9gu\u00e9s du d\u00e9fenseur des droits, les services p\u00e9nitentiaires d\u2019insertion et de probation (SPIP),<\/li>\n\n\n\n<li><em>les associations<\/em> (aide aux victimes, associations tut\u00e9laires, m\u00e9diation familiale, etc \u2026)<\/li>\n\n\n\n<li><em>les professionnels du droit <\/em>: avocats, huissiers de justice et notaires<\/li>\n<\/ul>\n\n\n\n<p>La maison de justice et du droit concourt \u00e0 l\u2019exercice de plusieurs missions&nbsp;:<\/p>\n\n\n\n<ul class=\"wp-block-list\">\n<li>assure un accueil pour l\u2019information et l\u2019orientation du public<\/li>\n\n\n\n<li>facilite l\u2019ex\u00e9cution de mesures judiciaires p\u00e9nales (contr\u00f4les judiciaires, rappels \u00e0 la loi, composition p\u00e9nale&#8230;)<\/li>\n\n\n\n<li>permet une \u00e9coute privil\u00e9gi\u00e9e des victimes, un accompagnement dans leurs d\u00e9marches si n\u00e9cessaire, un soutien psychologique<\/li>\n\n\n\n<li>favorise l\u2019acc\u00e8s au droit par des permanences d\u2019informations et de consultations juridiques<\/li>\n\n\n\n<li>d\u00e9veloppe le recours aux modes alternatifs de r\u00e8glement des conflits (m\u00e9diation, conciliation) et le recours \u00e0 la m\u00e9diation familiale \u00e0 travers un entretien d\u2019information.<\/li>\n\n\n\n<li>organise des permanences avec les d\u00e9l\u00e9gu\u00e9s du d\u00e9fenseur des droits<\/li>\n<\/ul>\n\n\n\n<p><strong>Maison de justice et du droit de&nbsp; la Seyne sur Mer<br><\/strong><\/p>\n\n\n\n<p><strong>B\u00e2timent Berthe F \u2013 Place Emile ADJEDJ&nbsp; <\/strong><\/p>\n\n\n\n<p><strong>83500 LA SEYNE-SUR-MER<br><\/strong><\/p>\n\n\n\n<p><strong>T\u00e9l&nbsp;: 04.94.06.97.46<\/strong><\/p>\n","protected":false},"excerpt":{"rendered":"<p>La maison de justice et du droit (MJD)\u00a0 est un \u00e9tablissement judiciaire qui permet \u00e0 l\u2019usager de mieux conna\u00eetre et d\u00e9fendre ses droits. La maison de la justice et du droit (MJD) assure une pr\u00e9sence judiciaire de proximit\u00e9 et concourt \u00e0 la pr\u00e9vention de la d\u00e9linquance, \u00e0 l&rsquo;aide aux victimes et \u00e0 l&rsquo;acc\u00e8s au droit. Tout citoyen peut ainsi obtenir des renseignements sur ses droits et devoirs, en rencontrant des professionnels du droit ou des associations sp\u00e9cialis\u00e9es. Les permanences du point-justice de la M.J.D. de la Seyne-sur-Mer : Type Rendez-vous T\u00e9l\u00e9phone Avocat Tous les lundis et mardis 04.94.06.97.46 Avocat &#8211; droit du travail Tous les 1er vendredis du mois 04.94.06.97.46 Huissier de Justice Tous les 1er jeudis du mois 04.94.06.97.46 Notaire Tous les 1er mardis du mois 04.94.06.97.46 \u00c9crivain public Tous les 1er, 2e et 3 lundis du mois 04.94.06.97.46 Afin d\u2019assurer une pr\u00e9sence judiciaire gratuite de proximit\u00e9 et de r\u00e9pondre aux besoins d\u2019information juridique des usagers, la MJD re\u00e7oit de nombreux intervenants : La maison de justice et du droit concourt \u00e0 l\u2019exercice de plusieurs missions&nbsp;: Maison de justice et du droit de&nbsp; la Seyne sur Mer B\u00e2timent Berthe F \u2013 Place Emile ADJEDJ&nbsp; 83500 LA SEYNE-SUR-MER T\u00e9l&nbsp;: 04.94.06.97.46<\/p>\n","protected":false},"author":1,"featured_media":0,"parent":0,"menu_order":0,"comment_status":"closed","ping_status":"closed","template":"","meta":{"_monsterinsights_skip_tracking":false,"_monsterinsights_sitenote_active":false,"_monsterinsights_sitenote_note":"","_monsterinsights_sitenote_category":0,"footnotes":""},"class_list":["post-322","page","type-page","status-publish","hentry"],"_links":{"self":[{"href":"https:\/\/cdad83.fr\/index.php\/wp-json\/wp\/v2\/pages\/322","targetHints":{"allow":["GET"]}}],"collection":[{"href":"https:\/\/cdad83.fr\/index.php\/wp-json\/wp\/v2\/pages"}],"about":[{"href":"https:\/\/cdad83.fr\/index.php\/wp-json\/wp\/v2\/types\/page"}],"author":[{"embeddable":true,"href":"https:\/\/cdad83.fr\/index.php\/wp-json\/wp\/v2\/users\/1"}],"replies":[{"embeddable":true,"href":"https:\/\/cdad83.fr\/index.php\/wp-json\/wp\/v2\/comments?post=322"}],"version-history":[{"count":0,"href":"https:\/\/cdad83.fr\/index.php\/wp-json\/wp\/v2\/pages\/322\/revisions"}],"wp:attachment":[{"href":"https:\/\/cdad83.fr\/index.php\/wp-json\/wp\/v2\/media?parent=322"}],"curies":[{"name":"wp","href":"https:\/\/api.w.org\/{rel}","templated":true}]}}