{"id":3309,"date":"2021-06-03T14:15:08","date_gmt":"2021-06-03T12:15:08","guid":{"rendered":"https:\/\/cdad83.fr\/?page_id=3309"},"modified":"2026-03-23T10:05:31","modified_gmt":"2026-03-23T09:05:31","slug":"contact","status":"publish","type":"page","link":"https:\/\/cdad83.fr\/index.php\/contact\/","title":{"rendered":"Contact"},"content":{"rendered":"\n<p class=\"has-text-align-left\"><strong>Contactez-nous pour \u00eatre orient\u00e9 vers le professionnel ou la structure comp\u00e9tente.<\/strong><\/p>\n\n\n\n<p>Une orientation vous sera apport\u00e9e, par mail,  dans la journ\u00e9e, du lundi au vendredi, entre 9h30 et 16h30.<\/p>\n\n\n\n<p class=\"has-vivid-red-color has-text-color has-link-color wp-elements-67888c98f18fc2dc95c5f77e183042fa\"><strong>\u26a0\ufe0f Attention : le CDAD du Var ne d\u00e9livre pas de consultations juridiques par t\u00e9l\u00e9phone et ne peut pas prendre de rendez-vous \u00e0 votre place.<\/strong><\/p>\n\n\n\n<p><strong>Pour toute demande de prise de rendez-vous, merci de bien vouloir contacter la structure la plus proche de chez vous.<\/strong><\/p>\n\n\n\n<p class=\"has-text-align-left\">Nous vous invitons \u00e0 contacter directement les structures concern\u00e9es :<strong> planning et contact : <a href=\"https:\/\/cdad83.fr\/index.php\/les-permanences\/\">ICI<\/a><\/strong><\/p>\n\n\n\n<div class=\"wp-block-contact-form-7-contact-form-selector\">\n<div class=\"wpcf7 no-js\" id=\"wpcf7-f3305-o1\" lang=\"fr-FR\" dir=\"ltr\" data-wpcf7-id=\"3305\">\n<div class=\"screen-reader-response\"><p role=\"status\" aria-live=\"polite\" aria-atomic=\"true\"><\/p> <ul><\/ul><\/div>\n<form action=\"\/index.php\/wp-json\/wp\/v2\/pages\/3309#wpcf7-f3305-o1\" method=\"post\" class=\"wpcf7-form init\" aria-label=\"Formulaire de contact\" novalidate=\"novalidate\" data-status=\"init\">\n<fieldset class=\"hidden-fields-container\"><input type=\"hidden\" name=\"_wpcf7\" value=\"3305\" \/><input type=\"hidden\" name=\"_wpcf7_version\" value=\"6.1.5\" \/><input type=\"hidden\" name=\"_wpcf7_locale\" value=\"fr_FR\" \/><input type=\"hidden\" name=\"_wpcf7_unit_tag\" value=\"wpcf7-f3305-o1\" \/><input type=\"hidden\" name=\"_wpcf7_container_post\" value=\"0\" \/><input type=\"hidden\" name=\"_wpcf7_posted_data_hash\" value=\"\" \/><input type=\"hidden\" name=\"_wpcf7_recaptcha_response\" value=\"\" \/>\n<\/fieldset>\n<p><label> Votre nom<br \/>\n<span class=\"wpcf7-form-control-wrap\" data-name=\"your-name\"><input size=\"40\" maxlength=\"400\" class=\"wpcf7-form-control wpcf7-text wpcf7-validates-as-required\" aria-required=\"true\" aria-invalid=\"false\" value=\"\" type=\"text\" name=\"your-name\" \/><\/span> <\/label>\n<\/p>\n<p><label> Votre e-mail<br \/>\n<span class=\"wpcf7-form-control-wrap\" data-name=\"your-email\"><input size=\"40\" maxlength=\"400\" class=\"wpcf7-form-control wpcf7-email wpcf7-validates-as-required wpcf7-text wpcf7-validates-as-email\" aria-required=\"true\" aria-invalid=\"false\" value=\"\" type=\"email\" name=\"your-email\" \/><\/span> <\/label>\n<\/p>\n<p><label> Objet<br \/>\n<span class=\"wpcf7-form-control-wrap\" data-name=\"your-subject\"><input size=\"40\" maxlength=\"400\" class=\"wpcf7-form-control wpcf7-text wpcf7-validates-as-required\" aria-required=\"true\" aria-invalid=\"false\" value=\"\" type=\"text\" name=\"your-subject\" \/><\/span> <\/label>\n<\/p>\n<p><label> Votre message<br \/>\n<span class=\"wpcf7-form-control-wrap\" data-name=\"your-message\"><textarea cols=\"40\" rows=\"10\" maxlength=\"2000\" class=\"wpcf7-form-control wpcf7-textarea\" aria-invalid=\"false\" name=\"your-message\"><\/textarea><\/span> <\/label>\n<\/p>\n<p><input class=\"wpcf7-form-control wpcf7-submit has-spinner\" type=\"submit\" value=\"Envoyer\" \/>\n<\/p><div class=\"wpcf7-response-output\" aria-hidden=\"true\"><\/div>\n<\/form>\n<\/div>\n<\/div>\n","protected":false},"excerpt":{"rendered":"<p>Contactez-nous pour \u00eatre orient\u00e9 vers le professionnel ou la structure comp\u00e9tente. Une orientation vous sera apport\u00e9e, par mail, dans la journ\u00e9e, du lundi au vendredi, entre 9h30 et 16h30. \u26a0\ufe0f Attention : le CDAD du Var ne d\u00e9livre pas de consultations juridiques par t\u00e9l\u00e9phone et ne peut pas prendre de rendez-vous \u00e0 votre place. Pour toute demande de prise de rendez-vous, merci de bien vouloir contacter la structure la plus proche de chez vous. Nous vous invitons \u00e0 contacter directement les structures concern\u00e9es : planning et contact : ICI<\/p>\n","protected":false},"author":3,"featured_media":0,"parent":0,"menu_order":0,"comment_status":"closed","ping_status":"closed","template":"","meta":{"_monsterinsights_skip_tracking":false,"_monsterinsights_sitenote_active":false,"_monsterinsights_sitenote_note":"","_monsterinsights_sitenote_category":0,"footnotes":""},"class_list":["post-3309","page","type-page","status-publish","hentry"],"_links":{"self":[{"href":"https:\/\/cdad83.fr\/index.php\/wp-json\/wp\/v2\/pages\/3309","targetHints":{"allow":["GET"]}}],"collection":[{"href":"https:\/\/cdad83.fr\/index.php\/wp-json\/wp\/v2\/pages"}],"about":[{"href":"https:\/\/cdad83.fr\/index.php\/wp-json\/wp\/v2\/types\/page"}],"author":[{"embeddable":true,"href":"https:\/\/cdad83.fr\/index.php\/wp-json\/wp\/v2\/users\/3"}],"replies":[{"embeddable":true,"href":"https:\/\/cdad83.fr\/index.php\/wp-json\/wp\/v2\/comments?post=3309"}],"version-history":[{"count":1,"href":"https:\/\/cdad83.fr\/index.php\/wp-json\/wp\/v2\/pages\/3309\/revisions"}],"predecessor-version":[{"id":5185,"href":"https:\/\/cdad83.fr\/index.php\/wp-json\/wp\/v2\/pages\/3309\/revisions\/5185"}],"wp:attachment":[{"href":"https:\/\/cdad83.fr\/index.php\/wp-json\/wp\/v2\/media?parent=3309"}],"curies":[{"name":"wp","href":"https:\/\/api.w.org\/{rel}","templated":true}]}}