{"id":3348,"date":"2021-06-03T15:36:10","date_gmt":"2021-06-03T13:36:10","guid":{"rendered":"https:\/\/cdad83.fr\/?page_id=3348"},"modified":"2021-06-14T09:08:11","modified_gmt":"2021-06-14T07:08:11","slug":"harcelement-scolaire","status":"publish","type":"page","link":"https:\/\/cdad83.fr\/index.php\/harcelement-scolaire\/","title":{"rendered":"Le harc\u00e8lement scolaire"},"content":{"rendered":"<p>Le Conseil D\u00e9partemental de l&rsquo;Acc\u00e8s au Droit du Var accompagne les jeunes pour lutter contre le harc\u00e8lement scolaire. Pour cela, nous mettons \u00e0 votre disposition l&rsquo;actualit\u00e9 de nos actions et de nos interventions sur le d\u00e9partement afin de lutter contre le harc\u00e8lement scolaire.<\/p>\n\n<p>Si vous \u00eates<strong> victime, t\u00e9moin <\/strong>ou<strong> auteur <\/strong>d&rsquo;une situation de<strong> harc\u00e8lement scolaire<\/strong>. Vous pouvez prendre contact avec l&rsquo;un des organismes ci-dessous :<\/p>\n\n\n<div class=\"wp-block-buttons is-layout-flex wp-block-buttons-is-layout-flex\">\n<div class=\"wp-block-button has-custom-width wp-block-button__width-50 is-style-outline is-style-outline--1\"><a class=\"wp-block-button__link has-black-color has-white-background-color has-text-color has-background\" href=\"https:\/\/www.nonauharcelement.education.gouv.fr\/\"><strong>Non au harc\u00e8lement<\/strong><\/a><\/div>\n\n\n\n<div class=\"wp-block-button has-custom-width wp-block-button__width-50 is-style-outline is-style-outline--2\"><a class=\"wp-block-button__link has-black-color has-white-background-color has-text-color has-background\" href=\"https:\/\/www.netecoute.fr\/\"><strong>Net \u00c9coute<\/strong><\/a><\/div>\n<\/div>\n\n\n\n<p><br><strong>Non au harc\u00e8lement<\/strong> : plateforme d&rsquo;\u00e9coute qui sensibilise, informe et oriente les victimes et les t\u00e9moins de harc\u00e8lement scolaire. <br>Pour toute information, composez le <strong><span class=\"has-inline-color has-vivid-red-color\">30 20<\/span><\/strong>.<br><br><strong>Net Ecoute<\/strong> : plateforme en ligne pour aider et prot\u00e9ger les victimes de cyberharc\u00e8lement. Aide \u00e0 supprimer et \u00e0 prot\u00e9ger vos donn\u00e9es. <br>Pour toutes informations, composez le <strong><span class=\"has-inline-color has-vivid-red-color\">30 18<\/span><\/strong>. <br><br><strong>G.R.A.D.E. (Groupe de R\u00e9flexion et d&rsquo;Action pour la D\u00e9fense des Enfants)<\/strong> : groupement d&rsquo;avocats qui conseillent, accompagnent et assistent les enfants dans le cadre des proc\u00e9dures. <br>Pour toute information, composez le <span class=\"has-inline-color has-vivid-red-color\"><strong>04 94 24 07 97<\/strong><\/span>.<br><br><strong>BAV mineures (Bureau d&rsquo;Aide aux Victimes mineures)<\/strong> : un(e) juriste accueille et accompagne les victimes d&rsquo;infractions p\u00e9nales.<br>Pour toute information sur le BAV mineures, <a href=\"https:\/\/cdad83.fr\/index.php\/bureau-daide-aux-victimes-mineures-de-toulon\/\">cliquez ici<\/a>. <\/p>\n\n\n\n<p><\/p>\n","protected":false},"excerpt":{"rendered":"<p>Le Conseil D\u00e9partemental de l&rsquo;Acc\u00e8s au Droit du Var accompagne les jeunes pour lutter contre le harc\u00e8lement scolaire. Pour cela, nous mettons \u00e0 votre disposition l&rsquo;actualit\u00e9 de nos actions et de nos interventions sur le d\u00e9partement afin de lutter contre le harc\u00e8lement scolaire. Si vous \u00eates victime, t\u00e9moin ou auteur d&rsquo;une situation de harc\u00e8lement scolaire. Vous pouvez prendre contact avec l&rsquo;un des organismes ci-dessous : Non au harc\u00e8lement : plateforme d&rsquo;\u00e9coute qui sensibilise, informe et oriente les victimes et les t\u00e9moins de harc\u00e8lement scolaire. Pour toute information, composez le 30 20. Net Ecoute : plateforme en ligne pour aider et prot\u00e9ger les victimes de cyberharc\u00e8lement. Aide \u00e0 supprimer et \u00e0 prot\u00e9ger vos donn\u00e9es. Pour toutes informations, composez le 30 18. G.R.A.D.E. (Groupe de R\u00e9flexion et d&rsquo;Action pour la D\u00e9fense des Enfants) : groupement d&rsquo;avocats qui conseillent, accompagnent et assistent les enfants dans le cadre des proc\u00e9dures. Pour toute information, composez le 04 94 24 07 97. BAV mineures (Bureau d&rsquo;Aide aux Victimes mineures) : un(e) juriste accueille et accompagne les victimes d&rsquo;infractions p\u00e9nales.Pour toute information sur le BAV mineures, cliquez ici.<\/p>\n","protected":false},"author":3,"featured_media":0,"parent":0,"menu_order":0,"comment_status":"closed","ping_status":"closed","template":"","meta":{"_monsterinsights_skip_tracking":false,"_monsterinsights_sitenote_active":false,"_monsterinsights_sitenote_note":"","_monsterinsights_sitenote_category":0,"footnotes":""},"class_list":["post-3348","page","type-page","status-publish","hentry"],"_links":{"self":[{"href":"https:\/\/cdad83.fr\/index.php\/wp-json\/wp\/v2\/pages\/3348","targetHints":{"allow":["GET"]}}],"collection":[{"href":"https:\/\/cdad83.fr\/index.php\/wp-json\/wp\/v2\/pages"}],"about":[{"href":"https:\/\/cdad83.fr\/index.php\/wp-json\/wp\/v2\/types\/page"}],"author":[{"embeddable":true,"href":"https:\/\/cdad83.fr\/index.php\/wp-json\/wp\/v2\/users\/3"}],"replies":[{"embeddable":true,"href":"https:\/\/cdad83.fr\/index.php\/wp-json\/wp\/v2\/comments?post=3348"}],"version-history":[{"count":0,"href":"https:\/\/cdad83.fr\/index.php\/wp-json\/wp\/v2\/pages\/3348\/revisions"}],"wp:attachment":[{"href":"https:\/\/cdad83.fr\/index.php\/wp-json\/wp\/v2\/media?parent=3348"}],"curies":[{"name":"wp","href":"https:\/\/api.w.org\/{rel}","templated":true}]}}