{"id":3394,"date":"2021-06-04T14:58:29","date_gmt":"2021-06-04T12:58:29","guid":{"rendered":"https:\/\/cdad83.fr\/?page_id=3394"},"modified":"2024-04-25T13:29:04","modified_gmt":"2024-04-25T11:29:04","slug":"nos-contacts","status":"publish","type":"page","link":"https:\/\/cdad83.fr\/index.php\/nos-contacts\/","title":{"rendered":"Notre r\u00e9seau"},"content":{"rendered":"\n<p>Le Conseil D\u00e9partemental de l&rsquo;Acc\u00e8s au Droit du Var met \u00e0 votre disposition un acc\u00e8s \u00e0 son r\u00e9seau pour vous aider.<\/p>\n\n\n\n<div style=\"height:50px\" aria-hidden=\"true\" class=\"wp-block-spacer\"><\/div>\n\n\n\n<p class=\"has-text-align-center\"><strong>Les points-justice du C.D.A.D. du Var<\/strong><\/p>\n\n\n\n<div class=\"wp-block-buttons is-horizontal is-content-justification-center is-layout-flex wp-container-core-buttons-is-layout-1 wp-block-buttons-is-layout-flex\">\n<div class=\"wp-block-button is-style-outline is-style-outline--1\"><a class=\"wp-block-button__link has-black-color has-white-background-color has-text-color has-background wp-element-button\" href=\"https:\/\/cdad83.fr\/index.php\/point-justice-tj-de-toulon\/\"><strong>Tribunal Judiciaire de Toulon<\/strong><\/a><\/div>\n\n\n\n<div class=\"wp-block-button is-style-outline is-style-outline--2\"><a class=\"wp-block-button__link has-black-color has-white-background-color has-text-color has-background wp-element-button\" href=\"https:\/\/cdad83.fr\/index.php\/point-justice-tj-de-draguignan\/\"><strong>Tribunal Judiciaire de Draguignan<\/strong><\/a><\/div>\n<\/div>\n\n\n\n<div class=\"wp-block-buttons is-horizontal is-content-justification-center is-layout-flex wp-container-core-buttons-is-layout-2 wp-block-buttons-is-layout-flex\">\n<div class=\"wp-block-button is-style-outline is-style-outline--3\"><a class=\"wp-block-button__link has-black-color has-white-background-color has-text-color has-background wp-element-button\" href=\"https:\/\/cdad83.fr\/index.php\/mjd-de-toulon\/\"><strong>MJD de Toulon<\/strong><\/a><\/div>\n\n\n\n<div class=\"wp-block-button is-style-outline is-style-outline--4\"><a class=\"wp-block-button__link has-black-color has-white-background-color has-text-color has-background wp-element-button\" href=\"https:\/\/cdad83.fr\/index.php\/mjd-de-la-seyne\/\"><strong>MJD de la Seyne-sur-Mer<\/strong><\/a><\/div>\n<\/div>\n\n\n\n<div class=\"wp-block-buttons is-horizontal is-content-justification-center is-layout-flex wp-container-core-buttons-is-layout-3 wp-block-buttons-is-layout-flex\">\n<div class=\"wp-block-button is-style-outline is-style-outline--5\"><a class=\"wp-block-button__link has-black-color has-white-background-color has-text-color has-background wp-element-button\" href=\"https:\/\/cdad83.fr\/index.php\/point-justice-de-draguignan\/\"><strong>Draguignan<\/strong><\/a><\/div>\n\n\n\n<div class=\"wp-block-button is-style-outline is-style-outline--6\"><a class=\"wp-block-button__link has-black-color has-white-background-color has-text-color has-background wp-element-button\" href=\"https:\/\/cdad83.fr\/index.php\/point-justice-de-brignoles-et-de-st-maximin\/\"><strong>Brignoles \/ St Maximin<\/strong><\/a><\/div>\n\n\n\n<div class=\"wp-block-button is-style-outline is-style-outline--7\"><a class=\"wp-block-button__link has-black-color has-white-background-color has-text-color has-background wp-element-button\" href=\"https:\/\/cdad83.fr\/index.php\/point-justice-de-hyeres\/\"><strong>Hy\u00e8res<\/strong><\/a><\/div>\n\n\n\n<div class=\"wp-block-button is-style-outline is-style-outline--8\"><a class=\"wp-block-button__link has-black-color has-white-background-color has-text-color has-background wp-element-button\" href=\"https:\/\/cdad83.fr\/index.php\/point-justice-de-frejus\/\"><strong>Fr\u00e9jus<\/strong><\/a><\/div>\n<\/div>\n\n\n\n<p class=\"has-text-align-center\"><em><strong>Retrouver nos autres points-justice en tapant le nom de votre ville dans l&rsquo;outil de recherche. <\/strong><\/em><\/p>\n\n\n<form role=\"search\" method=\"get\" action=\"https:\/\/cdad83.fr\/\" class=\"wp-block-search__button-inside wp-block-search__text-button aligncenter wp-block-search\"    ><label class=\"wp-block-search__label\" for=\"wp-block-search__input-9\" >Rechercher<\/label><div class=\"wp-block-search__inside-wrapper \"  style=\"width: 100%\"><input class=\"wp-block-search__input\" id=\"wp-block-search__input-9\" placeholder=\"\" value=\"\" type=\"search\" name=\"s\" required \/><button aria-label=\"Rechercher\" class=\"wp-block-search__button wp-element-button\" type=\"submit\" >Rechercher<\/button><\/div><\/form>\n\n\n<div style=\"height:50px\" aria-hidden=\"true\" class=\"wp-block-spacer\"><\/div>\n\n\n\n<p class=\"has-text-align-center\"><strong>Les professionnels du droit<\/strong><\/p>\n\n\n\n<div class=\"wp-block-buttons is-horizontal is-content-justification-center is-layout-flex wp-container-core-buttons-is-layout-4 wp-block-buttons-is-layout-flex\">\n<div class=\"wp-block-button is-style-outline is-style-outline--10\"><a class=\"wp-block-button__link has-black-color has-white-background-color has-text-color has-background wp-element-button\" href=\"https:\/\/barreautoulon.fr\/\"><strong>Ordre des avocats &#8211; Toulon<\/strong><\/a><\/div>\n\n\n\n<div class=\"wp-block-button is-style-outline is-style-outline--11\"><a class=\"wp-block-button__link has-black-color has-white-background-color has-text-color has-background wp-element-button\" href=\"http:\/\/www.avocazur.com\/fr\/\"><strong>Ordre des avocats &#8211; Draguignan<\/strong><\/a><\/div>\n\n\n\n<div class=\"wp-block-button is-style-outline is-style-outline--12\"><a class=\"wp-block-button__link has-black-color has-white-background-color has-text-color has-background wp-element-button\" href=\"https:\/\/commissaire-justice.fr\/institutions\/les-chambres-regionales-des-commissaires-de-justice\/\"><strong>Chambre d\u00e9partementale des commissaires de justice<\/strong><\/a><\/div>\n\n\n\n<div class=\"wp-block-button is-style-outline is-style-outline--13\"><a class=\"wp-block-button__link has-black-color has-white-background-color has-text-color has-background wp-element-button\" href=\"https:\/\/www.notaires.fr\/fr\/chambre-departementale-notaire-var-83\"><strong>Chambre d\u00e9partementale des notaires<\/strong><\/a><\/div>\n<\/div>\n\n\n\n<div style=\"height:49px\" aria-hidden=\"true\" class=\"wp-block-spacer\"><\/div>\n\n\n\n<p class=\"has-text-align-center\"><strong>Les associations d&rsquo;\u00e9crivains publics<\/strong><\/p>\n\n\n\n<div class=\"wp-block-buttons is-horizontal is-content-justification-center is-layout-flex wp-container-core-buttons-is-layout-5 wp-block-buttons-is-layout-flex\">\n<div class=\"wp-block-button is-style-outline is-style-outline--14\"><a class=\"wp-block-button__link has-black-color has-white-background-color has-text-color has-background wp-element-button\" href=\"https:\/\/www.ecritplume.fr\/\"><strong>Ecrit Plume<\/strong><\/a><\/div>\n\n\n\n<div class=\"wp-block-button is-style-outline is-style-outline--15\"><a class=\"wp-block-button__link has-black-color has-white-background-color has-text-color has-background wp-element-button\" href=\"https:\/\/www.lmecrire.fr\/\"><strong>LM Ecrire<\/strong><\/a><\/div>\n\n\n\n<div class=\"wp-block-button is-style-outline is-style-outline--16\"><a class=\"wp-block-button__link has-black-color has-white-background-color has-text-color has-background wp-element-button\" href=\"https:\/\/epacasud.fr\/ecrivain-public-auteur-conseil\/contacter-un-ecrivain-public-auteur-conseil\/\"><strong>EPACA Sud<\/strong><\/a><\/div>\n<\/div>\n\n\n\n<p><\/p>\n\n\n\n<p><\/p>\n","protected":false},"excerpt":{"rendered":"<p>Le Conseil D\u00e9partemental de l&rsquo;Acc\u00e8s au Droit du Var met \u00e0 votre disposition un acc\u00e8s \u00e0 son r\u00e9seau pour vous aider. Les points-justice du C.D.A.D. du Var Retrouver nos autres points-justice en tapant le nom de votre ville dans l&rsquo;outil de recherche. Les professionnels du droit Les associations d&rsquo;\u00e9crivains publics<\/p>\n","protected":false},"author":3,"featured_media":0,"parent":0,"menu_order":0,"comment_status":"closed","ping_status":"closed","template":"","meta":{"_monsterinsights_skip_tracking":false,"_monsterinsights_sitenote_active":false,"_monsterinsights_sitenote_note":"","_monsterinsights_sitenote_category":0,"footnotes":""},"class_list":["post-3394","page","type-page","status-publish","hentry"],"_links":{"self":[{"href":"https:\/\/cdad83.fr\/index.php\/wp-json\/wp\/v2\/pages\/3394","targetHints":{"allow":["GET"]}}],"collection":[{"href":"https:\/\/cdad83.fr\/index.php\/wp-json\/wp\/v2\/pages"}],"about":[{"href":"https:\/\/cdad83.fr\/index.php\/wp-json\/wp\/v2\/types\/page"}],"author":[{"embeddable":true,"href":"https:\/\/cdad83.fr\/index.php\/wp-json\/wp\/v2\/users\/3"}],"replies":[{"embeddable":true,"href":"https:\/\/cdad83.fr\/index.php\/wp-json\/wp\/v2\/comments?post=3394"}],"version-history":[{"count":0,"href":"https:\/\/cdad83.fr\/index.php\/wp-json\/wp\/v2\/pages\/3394\/revisions"}],"wp:attachment":[{"href":"https:\/\/cdad83.fr\/index.php\/wp-json\/wp\/v2\/media?parent=3394"}],"curies":[{"name":"wp","href":"https:\/\/api.w.org\/{rel}","templated":true}]}}