{"id":3418,"date":"2021-06-07T14:52:52","date_gmt":"2021-06-07T12:52:52","guid":{"rendered":"https:\/\/cdad83.fr\/?page_id=3418"},"modified":"2024-08-22T16:28:20","modified_gmt":"2024-08-22T14:28:20","slug":"droit-des-etrangers","status":"publish","type":"page","link":"https:\/\/cdad83.fr\/index.php\/droit-des-etrangers\/","title":{"rendered":"Droit des \u00e9trangers"},"content":{"rendered":"<p>Les \u00e9trangers d\u00e9signent toutes les personnes ne poss\u00e9dant pas la nationalit\u00e9 fran\u00e7aise. Ce statut leur conf\u00e8re des droits diff\u00e9rents des citoyens fran\u00e7ais notamment politique et \u00e9conomique. Cependant dans certains domaines les \u00e9trangers jouissent des m\u00eames droits que les citoyens fran\u00e7ais notamment en mati\u00e8re sociale (s\u00e9curit\u00e9 sociale, cong\u00e9s, etc.) mais aussi en ce qui concerne l&rsquo;acc\u00e8s \u00e0 la justice : les \u00e9trangers ont le droit \u00e0 l&rsquo;aide juridictionnelle, le droit de faire des recours, de porter plainte, d&rsquo;\u00eatre partie dans un proc\u00e8s civil ou p\u00e9nal, etc.<\/p>\n<p>Si vous souhaitez avoir plus d&rsquo;informations ou vous faire accompagner sur le droit des \u00e9trangers vous pouvez prendre contact avec l&rsquo;une de ses associations :<\/p>\n<p><strong>E.S.P.A.C.E. (Espace de Soutien aux Professionnels de l&rsquo;Accueil et du Conseil aux Etrangers)<\/strong> : informe et accompagne en ce qui concerne toutes les questions juridiques li\u00e9es au droit des \u00e9trangers.<br \/>Renseignements au <span style=\"color: #ff0000;\"><strong>04 84 89 58 05 ( Du lundi au jeudi de 9h30 \u00e0 12h30) <\/strong><\/span>ou aux adresses mails : <b>juridique@espace.asso.fr\u00a0<\/b><\/p>\n<p>Pour toutes autres questions vous pouvez contacter le : <span style=\"color: #ff0000;\"><b>04 95 04 30 98.<\/b><\/span><\/p>\n<p><a href=\"http:\/\/espace.asso.fr\/permanences-daccueil\/\">http:\/\/espace.asso.fr\/permanences-daccueil\/<\/a><\/p>\n<p><strong>C.O.M.E.D.E. (Comit\u00e9 M\u00e9dical pour les exil\u00e9s)<\/strong> : Soutien et expertise pour l&rsquo;acc\u00e8s au soin des \u00e9trangers.<br \/>Renseignements au <span style=\"color: #ff0000;\"><strong>01 45 21 63 12<\/strong><\/span>.<\/p>\n<p><strong>B.R.R.J.I. (Bureau R\u00e9gional des Ressources Juridiques Internationales)<\/strong> : donne des conseils juridiques sur le droit international.<br \/>Renseignements au <span style=\"color: #ff0000;\"><strong>04 96 11 07 99<\/strong><\/span>.<\/p>\n\n\n<p><\/p>\n","protected":false},"excerpt":{"rendered":"<p>Les \u00e9trangers d\u00e9signent toutes les personnes ne poss\u00e9dant pas la nationalit\u00e9 fran\u00e7aise. Ce statut leur conf\u00e8re des droits diff\u00e9rents des citoyens fran\u00e7ais notamment politique et \u00e9conomique. Cependant dans certains domaines les \u00e9trangers jouissent des m\u00eames droits que les citoyens fran\u00e7ais notamment en mati\u00e8re sociale (s\u00e9curit\u00e9 sociale, cong\u00e9s, etc.) mais aussi en ce qui concerne l&rsquo;acc\u00e8s \u00e0 la justice : les \u00e9trangers ont le droit \u00e0 l&rsquo;aide juridictionnelle, le droit de faire des recours, de porter plainte, d&rsquo;\u00eatre partie dans un proc\u00e8s civil ou p\u00e9nal, etc. Si vous souhaitez avoir plus d&rsquo;informations ou vous faire accompagner sur le droit des \u00e9trangers vous pouvez prendre contact avec l&rsquo;une de ses associations : E.S.P.A.C.E. (Espace de Soutien aux Professionnels de l&rsquo;Accueil et du Conseil aux Etrangers) : informe et accompagne en ce qui concerne toutes les questions juridiques li\u00e9es au droit des \u00e9trangers.Renseignements au 04 84 89 58 05 ( Du lundi au jeudi de 9h30 \u00e0 12h30) ou aux adresses mails : juridique@espace.asso.fr\u00a0 Pour toutes autres questions vous pouvez contacter le : 04 95 04 30 98. http:\/\/espace.asso.fr\/permanences-daccueil\/ C.O.M.E.D.E. (Comit\u00e9 M\u00e9dical pour les exil\u00e9s) : Soutien et expertise pour l&rsquo;acc\u00e8s au soin des \u00e9trangers.Renseignements au 01 45 21 63 12. B.R.R.J.I. (Bureau R\u00e9gional des Ressources Juridiques Internationales) : donne des conseils juridiques sur le droit international.Renseignements au 04 96 11 07 99.<\/p>\n","protected":false},"author":3,"featured_media":0,"parent":0,"menu_order":0,"comment_status":"closed","ping_status":"closed","template":"","meta":{"_monsterinsights_skip_tracking":false,"_monsterinsights_sitenote_active":false,"_monsterinsights_sitenote_note":"","_monsterinsights_sitenote_category":0,"footnotes":""},"class_list":["post-3418","page","type-page","status-publish","hentry"],"_links":{"self":[{"href":"https:\/\/cdad83.fr\/index.php\/wp-json\/wp\/v2\/pages\/3418","targetHints":{"allow":["GET"]}}],"collection":[{"href":"https:\/\/cdad83.fr\/index.php\/wp-json\/wp\/v2\/pages"}],"about":[{"href":"https:\/\/cdad83.fr\/index.php\/wp-json\/wp\/v2\/types\/page"}],"author":[{"embeddable":true,"href":"https:\/\/cdad83.fr\/index.php\/wp-json\/wp\/v2\/users\/3"}],"replies":[{"embeddable":true,"href":"https:\/\/cdad83.fr\/index.php\/wp-json\/wp\/v2\/comments?post=3418"}],"version-history":[{"count":0,"href":"https:\/\/cdad83.fr\/index.php\/wp-json\/wp\/v2\/pages\/3418\/revisions"}],"wp:attachment":[{"href":"https:\/\/cdad83.fr\/index.php\/wp-json\/wp\/v2\/media?parent=3418"}],"curies":[{"name":"wp","href":"https:\/\/api.w.org\/{rel}","templated":true}]}}