{"id":3465,"date":"2021-06-08T14:38:17","date_gmt":"2021-06-08T12:38:17","guid":{"rendered":"https:\/\/cdad83.fr\/?page_id=3465"},"modified":"2021-06-08T14:38:53","modified_gmt":"2021-06-08T12:38:53","slug":"acces-au-droit-2","status":"publish","type":"page","link":"https:\/\/cdad83.fr\/index.php\/acces-au-droit-2\/","title":{"rendered":"Acc\u00e8s au Droit"},"content":{"rendered":"<p><strong>Qu\u2019est-ce que l\u2019acc\u00e8s au droit ?<\/strong><\/p>\n<p>Toute personne, quels que soient son \u00e2ge, sa nationalit\u00e9, son niveau de vie ou le lieu o\u00f9 elle habite, doit pouvoir en dehors de tout proc\u00e8s :<\/p>\n<p>\u2022 Conna\u00eetre ses droits et ses devoirs.<br \/>\n\u2022 \u00catre inform\u00e9e sur les moyens de faire valoir ses droits ou d\u2019ex\u00e9cuter ses obligations.<br \/>\n\u2022 \u00catre orient\u00e9e vers les organismes, les services ou les professionnels charg\u00e9s d\u2019assurer ou de faciliter l\u2019exercice des droits et l\u2019ex\u00e9cution des obligations.<br \/>\n\u2022 B\u00e9n\u00e9ficier d\u2019une aide pour accomplir les d\u00e9marches administratives.<br \/>\n\u2022 Acc\u00e9der \u00e0 des consultations juridiques gratuites assur\u00e9es par des professionnels habilit\u00e9s (avocats, huissiers et notaires).<\/p>\n","protected":false},"excerpt":{"rendered":"<p>Qu\u2019est-ce que l\u2019acc\u00e8s au droit ? Toute personne, quels que soient son \u00e2ge, sa nationalit\u00e9, son niveau de vie ou le lieu o\u00f9 elle habite, doit pouvoir en dehors de tout proc\u00e8s : \u2022 Conna\u00eetre ses droits et ses devoirs. \u2022 \u00catre inform\u00e9e sur les moyens de faire valoir ses droits ou d\u2019ex\u00e9cuter ses obligations. \u2022 \u00catre orient\u00e9e vers les organismes, les services ou les professionnels charg\u00e9s d\u2019assurer ou de faciliter l\u2019exercice des droits et l\u2019ex\u00e9cution des obligations. \u2022 B\u00e9n\u00e9ficier d\u2019une aide pour accomplir les d\u00e9marches administratives. \u2022 Acc\u00e9der \u00e0 des consultations juridiques gratuites assur\u00e9es par des professionnels habilit\u00e9s (avocats, huissiers et notaires).<\/p>\n","protected":false},"author":3,"featured_media":0,"parent":0,"menu_order":0,"comment_status":"closed","ping_status":"closed","template":"","meta":{"_monsterinsights_skip_tracking":false,"_monsterinsights_sitenote_active":false,"_monsterinsights_sitenote_note":"","_monsterinsights_sitenote_category":0,"footnotes":""},"class_list":["post-3465","page","type-page","status-publish","hentry"],"_links":{"self":[{"href":"https:\/\/cdad83.fr\/index.php\/wp-json\/wp\/v2\/pages\/3465","targetHints":{"allow":["GET"]}}],"collection":[{"href":"https:\/\/cdad83.fr\/index.php\/wp-json\/wp\/v2\/pages"}],"about":[{"href":"https:\/\/cdad83.fr\/index.php\/wp-json\/wp\/v2\/types\/page"}],"author":[{"embeddable":true,"href":"https:\/\/cdad83.fr\/index.php\/wp-json\/wp\/v2\/users\/3"}],"replies":[{"embeddable":true,"href":"https:\/\/cdad83.fr\/index.php\/wp-json\/wp\/v2\/comments?post=3465"}],"version-history":[{"count":0,"href":"https:\/\/cdad83.fr\/index.php\/wp-json\/wp\/v2\/pages\/3465\/revisions"}],"wp:attachment":[{"href":"https:\/\/cdad83.fr\/index.php\/wp-json\/wp\/v2\/media?parent=3465"}],"curies":[{"name":"wp","href":"https:\/\/api.w.org\/{rel}","templated":true}]}}