{"id":3476,"date":"2021-06-08T14:49:51","date_gmt":"2021-06-08T12:49:51","guid":{"rendered":"https:\/\/cdad83.fr\/?page_id=3476"},"modified":"2025-05-16T10:43:48","modified_gmt":"2025-05-16T08:43:48","slug":"les-permanences","status":"publish","type":"page","link":"https:\/\/cdad83.fr\/index.php\/les-permanences\/","title":{"rendered":"Les permanences"},"content":{"rendered":"\n<p><\/p>\n\n\n\n<p>Le Conseil D\u00e9partemental de l&rsquo;Acc\u00e8s au Droit du Var met \u00e0 votre disposition des permanences pour aider, informer et orienter.<\/p>\n\n\n\n<p class=\"has-text-align-center\"><strong>Il vous suffit de t\u00e9l\u00e9phoner au lieu de permanence le plus proche de chez vous, afin de prendre un rendez-vous avec un professionnel du droit. <\/strong><\/p>\n\n\n\n<p class=\"has-text-align-center has-vivid-red-color has-text-color has-link-color has-medium-font-size wp-elements-c5057f35341a7ba85a1b587a75acaf53\">Retrouver notre planning ainsi que les coordonn\u00e9es : <a href=\"https:\/\/cdad83.fr\/wp-content\/uploads\/2025\/05\/Plaquette-permanences-cdad-var_2025_mai-juin.pdf\"><strong>ICI<\/strong><\/a><\/p>\n\n\n\n<p class=\"has-text-align-center\"><strong>\u26a0\ufe0f ATTENTION : LE CDAD DU VAR \u200b\u200bNE PEUT PAS PRENDRE RENDEZ-VOUS POUR VOUS !<\/strong><br>Nous n&rsquo;avons pas acc\u00e8s aux 40 agendas des Points Justice du d\u00e9partement.<\/p>\n\n\n\n<p class=\"has-vivid-red-color has-text-color has-link-color wp-elements-c9365267f914bd71ea50e5e539e3962b\"><\/p>\n\n\n\n<div class=\"wp-block-buttons is-horizontal is-content-justification-center is-layout-flex wp-container-core-buttons-is-layout-1 wp-block-buttons-is-layout-flex\">\n<div class=\"wp-block-button is-style-outline is-style-outline--1\"><a class=\"wp-block-button__link has-black-color has-white-background-color has-text-color has-background wp-element-button\" href=\"https:\/\/cdad83.fr\/index.php\/avocats-generalistes\/\"><strong>Avocats g\u00e9n\u00e9ralistes<\/strong><\/a><\/div>\n\n\n\n<div class=\"wp-block-button is-style-outline is-style-outline--2\"><a class=\"wp-block-button__link has-black-color has-white-background-color has-text-color has-background wp-element-button\" href=\"https:\/\/cdad83.fr\/index.php\/avocats-specialistes\/\"><strong>Avocats sp\u00e9cialistes<\/strong><\/a><\/div>\n\n\n\n<div class=\"wp-block-button is-style-outline is-style-outline--3\"><a class=\"wp-block-button__link has-black-color has-white-background-color has-text-color has-background wp-element-button\" href=\"https:\/\/cdad83.fr\/index.php\/huissiers-de-justice\/\"><strong>Huissiers de justice<\/strong><\/a><\/div>\n\n\n\n<div class=\"wp-block-button is-style-outline is-style-outline--4\"><a class=\"wp-block-button__link has-black-color has-white-background-color has-text-color has-background wp-element-button\" href=\"https:\/\/cdad83.fr\/index.php\/notaires\/\"><strong>Notaires<\/strong><\/a><\/div>\n\n\n\n<div class=\"wp-block-button is-style-outline is-style-outline--5\"><a class=\"wp-block-button__link has-black-color has-white-background-color has-text-color has-background wp-element-button\" href=\"https:\/\/cdad83.fr\/index.php\/ecrivains-publics\/\"><strong>\u00c9crivains publics<\/strong><\/a><\/div>\n\n\n\n<div class=\"wp-block-button is-style-outline is-style-outline--6\"><a class=\"wp-block-button__link has-black-color has-white-background-color has-text-color has-background wp-element-button\" href=\"https:\/\/cdad83.fr\/index.php\/cidff\/\"><strong>C.I.D.F.F. &#8211; I.S.T.F. &#8211; A.A.V.I.V.<\/strong><\/a><\/div>\n\n\n\n<div class=\"wp-block-button is-style-outline is-style-outline--7\"><a class=\"wp-block-button__link has-black-color has-white-background-color has-text-color has-background wp-element-button\" href=\"https:\/\/cdad83.fr\/index.php\/violences-conjugales\/\"><strong>Violences intra-familiales<\/strong><\/a><\/div>\n\n\n\n<div class=\"wp-block-button is-style-outline is-style-outline--8\"><a class=\"wp-block-button__link has-black-color has-white-background-color has-text-color has-background wp-element-button\" href=\"https:\/\/cdad83.fr\/index.php\/bureau-daide-aux-victimes-mineures-de-toulon\/\"><strong>Bureau D&rsquo;aide aux Victimes<\/strong><\/a><\/div>\n\n\n\n<div class=\"wp-block-button is-style-outline is-style-outline--9\"><a class=\"wp-block-button__link has-black-color has-white-background-color has-text-color has-background wp-element-button\" href=\"https:\/\/cdad83.fr\/index.php\/conciliateurs-de-justice\/\"><strong>Conciliateurs de justice<\/strong><\/a><\/div>\n\n\n\n<div class=\"wp-block-button is-style-outline is-style-outline--10\"><a class=\"wp-block-button__link has-black-color has-white-background-color has-text-color has-background wp-element-button\" href=\"https:\/\/cdad83.fr\/index.php\/le-defenseur-des-droits\/\"><strong>D\u00e9fenseur des droits<\/strong><\/a><\/div>\n<\/div>\n\n\n\n<p><\/p>\n","protected":false},"excerpt":{"rendered":"<p>Le Conseil D\u00e9partemental de l&rsquo;Acc\u00e8s au Droit du Var met \u00e0 votre disposition des permanences pour aider, informer et orienter. Il vous suffit de t\u00e9l\u00e9phoner au lieu de permanence le plus proche de chez vous, afin de prendre un rendez-vous avec un professionnel du droit. Retrouver notre planning ainsi que les coordonn\u00e9es : ICI \u26a0\ufe0f ATTENTION : LE CDAD DU VAR \u200b\u200bNE PEUT PAS PRENDRE RENDEZ-VOUS POUR VOUS !Nous n&rsquo;avons pas acc\u00e8s aux 40 agendas des Points Justice du d\u00e9partement.<\/p>\n","protected":false},"author":3,"featured_media":0,"parent":0,"menu_order":0,"comment_status":"closed","ping_status":"closed","template":"","meta":{"_monsterinsights_skip_tracking":false,"_monsterinsights_sitenote_active":false,"_monsterinsights_sitenote_note":"","_monsterinsights_sitenote_category":0,"footnotes":""},"class_list":["post-3476","page","type-page","status-publish","hentry"],"_links":{"self":[{"href":"https:\/\/cdad83.fr\/index.php\/wp-json\/wp\/v2\/pages\/3476","targetHints":{"allow":["GET"]}}],"collection":[{"href":"https:\/\/cdad83.fr\/index.php\/wp-json\/wp\/v2\/pages"}],"about":[{"href":"https:\/\/cdad83.fr\/index.php\/wp-json\/wp\/v2\/types\/page"}],"author":[{"embeddable":true,"href":"https:\/\/cdad83.fr\/index.php\/wp-json\/wp\/v2\/users\/3"}],"replies":[{"embeddable":true,"href":"https:\/\/cdad83.fr\/index.php\/wp-json\/wp\/v2\/comments?post=3476"}],"version-history":[{"count":0,"href":"https:\/\/cdad83.fr\/index.php\/wp-json\/wp\/v2\/pages\/3476\/revisions"}],"wp:attachment":[{"href":"https:\/\/cdad83.fr\/index.php\/wp-json\/wp\/v2\/media?parent=3476"}],"curies":[{"name":"wp","href":"https:\/\/api.w.org\/{rel}","templated":true}]}}