{"id":3625,"date":"2021-06-14T15:30:31","date_gmt":"2021-06-14T13:30:31","guid":{"rendered":"https:\/\/cdad83.fr\/?page_id=3625"},"modified":"2021-06-16T09:24:44","modified_gmt":"2021-06-16T07:24:44","slug":"point-justice-aups","status":"publish","type":"page","link":"https:\/\/cdad83.fr\/index.php\/point-justice-aups\/","title":{"rendered":"point-justice Aups"},"content":{"rendered":"\n<p>Le point-justice de <strong>Aups<\/strong> est lieu d&rsquo;acc\u00e8s au droit gratuit et confidentiel, permettant d&rsquo;apporter une information de proximit\u00e9 aux personnes confront\u00e9s \u00e0 des probl\u00e8mes juridiques ou administratifs.<\/p>\n\n\n\n<p>Tout citoyen peut ainsi obtenir des renseignements sur ses droits et devoirs, en rencontrant des professionnels du droit ou des associations sp\u00e9cialis\u00e9es.<\/p>\n\n\n\n<p>Les permanences du point-justice de Aups :<\/p>\n\n\n\n<figure class=\"wp-block-table is-style-stripes\"><table class=\"has-fixed-layout\"><thead><tr><th class=\"has-text-align-center\" data-align=\"center\">Type<\/th><th class=\"has-text-align-center\" data-align=\"center\">Rendez-vous<\/th><th class=\"has-text-align-center\" data-align=\"center\">T\u00e9l\u00e9phone<\/th><\/tr><\/thead><tbody><tr><td class=\"has-text-align-center\" data-align=\"center\">Avocat<\/td><td class=\"has-text-align-center\" data-align=\"center\">Tous les 2e et 4e mardis du mois<\/td><td class=\"has-text-align-center\" data-align=\"center\">04 98 10 29 43<\/td><\/tr><tr><td class=\"has-text-align-center\" data-align=\"center\">Ecrivains publics<\/td><td class=\"has-text-align-center\" data-align=\"center\">Tous les 2e mardis <\/td><td class=\"has-text-align-center\" data-align=\"center\">04 98 10 29 43<\/td><\/tr><\/tbody><\/table><\/figure>\n","protected":false},"excerpt":{"rendered":"<p>Le point-justice de Aups est lieu d&rsquo;acc\u00e8s au droit gratuit et confidentiel, permettant d&rsquo;apporter une information de proximit\u00e9 aux personnes confront\u00e9s \u00e0 des probl\u00e8mes juridiques ou administratifs. Tout citoyen peut ainsi obtenir des renseignements sur ses droits et devoirs, en rencontrant des professionnels du droit ou des associations sp\u00e9cialis\u00e9es. Les permanences du point-justice de Aups : Type Rendez-vous T\u00e9l\u00e9phone Avocat Tous les 2e et 4e mardis du mois 04 98 10 29 43 Ecrivains publics Tous les 2e mardis 04 98 10 29 43<\/p>\n","protected":false},"author":3,"featured_media":0,"parent":0,"menu_order":0,"comment_status":"closed","ping_status":"closed","template":"","meta":{"_monsterinsights_skip_tracking":false,"_monsterinsights_sitenote_active":false,"_monsterinsights_sitenote_note":"","_monsterinsights_sitenote_category":0,"footnotes":""},"class_list":["post-3625","page","type-page","status-publish","hentry"],"_links":{"self":[{"href":"https:\/\/cdad83.fr\/index.php\/wp-json\/wp\/v2\/pages\/3625","targetHints":{"allow":["GET"]}}],"collection":[{"href":"https:\/\/cdad83.fr\/index.php\/wp-json\/wp\/v2\/pages"}],"about":[{"href":"https:\/\/cdad83.fr\/index.php\/wp-json\/wp\/v2\/types\/page"}],"author":[{"embeddable":true,"href":"https:\/\/cdad83.fr\/index.php\/wp-json\/wp\/v2\/users\/3"}],"replies":[{"embeddable":true,"href":"https:\/\/cdad83.fr\/index.php\/wp-json\/wp\/v2\/comments?post=3625"}],"version-history":[{"count":0,"href":"https:\/\/cdad83.fr\/index.php\/wp-json\/wp\/v2\/pages\/3625\/revisions"}],"wp:attachment":[{"href":"https:\/\/cdad83.fr\/index.php\/wp-json\/wp\/v2\/media?parent=3625"}],"curies":[{"name":"wp","href":"https:\/\/api.w.org\/{rel}","templated":true}]}}