{"id":3757,"date":"2021-06-17T11:45:53","date_gmt":"2021-06-17T09:45:53","guid":{"rendered":"https:\/\/cdad83.fr\/?page_id=3757"},"modified":"2021-06-17T11:49:16","modified_gmt":"2021-06-17T09:49:16","slug":"action-de-sensibilisation-au-harcelement-scolaire-lycee-paul-langevin-31-mai-2021","status":"publish","type":"page","link":"https:\/\/cdad83.fr\/index.php\/action-de-sensibilisation-au-harcelement-scolaire-lycee-paul-langevin-31-mai-2021\/","title":{"rendered":"Action de sensibilisation au harc\u00e8lement scolaire &#8211; Lyc\u00e9e Paul Langevin 31 mai 2021"},"content":{"rendered":"\n<p>Le 31 mai 2021, le Conseil d\u00e9partemental de l\u2019acc\u00e8s au droit du Var a coordonn\u00e9 une intervention au sein du lyc\u00e9e Paul Langevin, sur le ressort de la Seyne-sur-Mer. Cette action visait \u00e0 sensibiliser les \u00e9l\u00e8ves de l\u2019\u00e9tablissement au harc\u00e8lement scolaire.<\/p>\n\n\n\n<p>Les objectifs poursuivis, dans le cadre de cette intervention, sont d\u2019identifier, de r\u00e9agir et de communiquer sur le ph\u00e9nom\u00e8ne du harc\u00e8lement scolaire. En effet, celui-ci est d\u00e9fini \u00ab&nbsp;comme une violence r\u00e9p\u00e9t\u00e9e qui peut \u00eatre verbale physique ou psychologique&nbsp;\u00bb.<\/p>\n\n\n\n<p>Cette intervention a \u00e9galement permis d\u2019aborder des sujets connexes, tels que le cyberharc\u00e8lement ou le \u00ab&nbsp;revenge porn&nbsp;\u00bb, ainsi que des th\u00e9matiques en lien avec ces ph\u00e9nom\u00e8nes extr\u00eamement violents pour les victimes.<\/p>\n\n\n\n<p>L\u2019action \u00e9tait anim\u00e9e par quatre intervenants du monde judiciaire et de la jeunesse&nbsp;:<\/p>\n\n\n\n<ul class=\"wp-block-list\"><li>Un d\u00e9l\u00e9gu\u00e9 du Procureur de la R\u00e9publique&nbsp;;<\/li><li>Un membre de l\u2019\u00e9quipe mobile acad\u00e9mique de s\u00e9curit\u00e9&nbsp;;<\/li><li>Un \u00e9ducateur de la protection judiciaire de la jeunesse&nbsp;;<\/li><li>Une avocate du Barreau de Toulon.<\/li><\/ul>\n\n\n\n<p>Cette journ\u00e9e a \u00e9t\u00e9 l\u2019occasion, pour les \u00e9l\u00e8ves, de mieux conna\u00eetre les professionnels, ainsi que leur fonction. Ces actions s\u2019inscrivent dans les missions du CDAD, concernant l\u2019am\u00e9lioration de l\u2019acc\u00e8s au droit dans le d\u00e9partement du Var.<\/p>\n\n\n\n<p>Les intervenants ont \u00e9galement pu effectuer une sensibilisation en \u00ab&nbsp;table ronde&nbsp;\u00bb avec des \u00e9l\u00e8ves scolaris\u00e9e dans une classe sp\u00e9cialis\u00e9e en d\u00e9crochage scolaire. Cela a \u00e9t\u00e9 une opportunit\u00e9 pour ces derniers, d\u2019\u00e9changer avec les professionnels sur des sujets personnels en lien avec le harc\u00e8lement scolaire.<\/p>\n\n\n\n<p>Vous pouvez retrouver les num\u00e9ros nationaux et d\u00e9partementaux d\u2019information et d\u2019aide \u00e0 la lutte contre le harc\u00e8lement scolaire\u00a0en <strong><a href=\"https:\/\/cdad83.fr\/index.php\/harcelement-scolaire\/\">cliquant ici<\/a>.<\/strong> \u00a0<\/p>\n","protected":false},"excerpt":{"rendered":"<p>Le 31 mai 2021, le Conseil d\u00e9partemental de l\u2019acc\u00e8s au droit du Var a coordonn\u00e9 une intervention au sein du lyc\u00e9e Paul Langevin, sur le ressort de la Seyne-sur-Mer. Cette action visait \u00e0 sensibiliser les \u00e9l\u00e8ves de l\u2019\u00e9tablissement au harc\u00e8lement scolaire. Les objectifs poursuivis, dans le cadre de cette intervention, sont d\u2019identifier, de r\u00e9agir et de communiquer sur le ph\u00e9nom\u00e8ne du harc\u00e8lement scolaire. En effet, celui-ci est d\u00e9fini \u00ab&nbsp;comme une violence r\u00e9p\u00e9t\u00e9e qui peut \u00eatre verbale physique ou psychologique&nbsp;\u00bb. Cette intervention a \u00e9galement permis d\u2019aborder des sujets connexes, tels que le cyberharc\u00e8lement ou le \u00ab&nbsp;revenge porn&nbsp;\u00bb, ainsi que des th\u00e9matiques en lien avec ces ph\u00e9nom\u00e8nes extr\u00eamement violents pour les victimes. L\u2019action \u00e9tait anim\u00e9e par quatre intervenants du monde judiciaire et de la jeunesse&nbsp;: Un d\u00e9l\u00e9gu\u00e9 du Procureur de la R\u00e9publique&nbsp;; Un membre de l\u2019\u00e9quipe mobile acad\u00e9mique de s\u00e9curit\u00e9&nbsp;; Un \u00e9ducateur de la protection judiciaire de la jeunesse&nbsp;; Une avocate du Barreau de Toulon. Cette journ\u00e9e a \u00e9t\u00e9 l\u2019occasion, pour les \u00e9l\u00e8ves, de mieux conna\u00eetre les professionnels, ainsi que leur fonction. Ces actions s\u2019inscrivent dans les missions du CDAD, concernant l\u2019am\u00e9lioration de l\u2019acc\u00e8s au droit dans le d\u00e9partement du Var. Les intervenants ont \u00e9galement pu effectuer une sensibilisation en \u00ab&nbsp;table ronde&nbsp;\u00bb avec des \u00e9l\u00e8ves scolaris\u00e9e dans une classe sp\u00e9cialis\u00e9e en d\u00e9crochage scolaire. Cela a \u00e9t\u00e9 une opportunit\u00e9 pour ces derniers, d\u2019\u00e9changer avec les professionnels sur des sujets personnels en lien avec le harc\u00e8lement scolaire. Vous pouvez retrouver les num\u00e9ros nationaux et d\u00e9partementaux d\u2019information et d\u2019aide \u00e0 la lutte contre le harc\u00e8lement scolaire\u00a0en cliquant ici. \u00a0<\/p>\n","protected":false},"author":3,"featured_media":0,"parent":0,"menu_order":0,"comment_status":"closed","ping_status":"closed","template":"","meta":{"_monsterinsights_skip_tracking":false,"_monsterinsights_sitenote_active":false,"_monsterinsights_sitenote_note":"","_monsterinsights_sitenote_category":0,"footnotes":""},"class_list":["post-3757","page","type-page","status-publish","hentry"],"_links":{"self":[{"href":"https:\/\/cdad83.fr\/index.php\/wp-json\/wp\/v2\/pages\/3757","targetHints":{"allow":["GET"]}}],"collection":[{"href":"https:\/\/cdad83.fr\/index.php\/wp-json\/wp\/v2\/pages"}],"about":[{"href":"https:\/\/cdad83.fr\/index.php\/wp-json\/wp\/v2\/types\/page"}],"author":[{"embeddable":true,"href":"https:\/\/cdad83.fr\/index.php\/wp-json\/wp\/v2\/users\/3"}],"replies":[{"embeddable":true,"href":"https:\/\/cdad83.fr\/index.php\/wp-json\/wp\/v2\/comments?post=3757"}],"version-history":[{"count":0,"href":"https:\/\/cdad83.fr\/index.php\/wp-json\/wp\/v2\/pages\/3757\/revisions"}],"wp:attachment":[{"href":"https:\/\/cdad83.fr\/index.php\/wp-json\/wp\/v2\/media?parent=3757"}],"curies":[{"name":"wp","href":"https:\/\/api.w.org\/{rel}","templated":true}]}}