{"id":4044,"date":"2022-05-19T09:45:47","date_gmt":"2022-05-19T07:45:47","guid":{"rendered":"https:\/\/cdad83.fr\/?page_id=4044"},"modified":"2023-09-26T10:19:22","modified_gmt":"2023-09-26T08:19:22","slug":"ouverture-de-la-maison-france-services-de-hyeres","status":"publish","type":"page","link":"https:\/\/cdad83.fr\/index.php\/accueil\/ouverture-de-la-maison-france-services-de-hyeres\/","title":{"rendered":"Ouverture de la Maison France Services de Hy\u00e8res et Porquerolles !"},"content":{"rendered":"<p><img fetchpriority=\"high\" decoding=\"async\" class=\"wp-image-4047 aligncenter\" src=\"https:\/\/cdad83.fr\/wp-content\/uploads\/2022\/05\/MFS-hyeres-1-300x76.jpg\" alt=\"\" width=\"455\" height=\"115\" srcset=\"https:\/\/cdad83.fr\/wp-content\/uploads\/2022\/05\/MFS-hyeres-1-300x76.jpg 300w, https:\/\/cdad83.fr\/wp-content\/uploads\/2022\/05\/MFS-hyeres-1-1024x258.jpg 1024w, https:\/\/cdad83.fr\/wp-content\/uploads\/2022\/05\/MFS-hyeres-1-768x193.jpg 768w, https:\/\/cdad83.fr\/wp-content\/uploads\/2022\/05\/MFS-hyeres-1-1536x387.jpg 1536w, https:\/\/cdad83.fr\/wp-content\/uploads\/2022\/05\/MFS-hyeres-1-2048x516.jpg 2048w, https:\/\/cdad83.fr\/wp-content\/uploads\/2022\/05\/MFS-hyeres-1-1140x287.jpg 1140w\" sizes=\"(max-width: 455px) 100vw, 455px\" \/><\/p>\n<h3 style=\"text-align: center;\"><strong><u>Ouverture <\/u><\/strong><strong><u>de l&rsquo;espace France services de Hy\u00e8res et Porquerolles !\u00a0<\/u><\/strong><\/h3>\n<h5 style=\"text-align: center;\">\u00a0<\/h5>\n<p>Le programme France services est pilot\u00e9 par l&rsquo;Agence Nationale de la Coh\u00e9sion des Territoires (ANCT) et la Banque des Territoires\/Direction de la Caisse des D\u00e9p\u00f4ts et consignations. Elle est port\u00e9e au niveau d\u00e9partemental par les pr\u00e9fectures.<\/p>\n<p><span style=\"text-decoration: underline;\">Les espaces France services sont des structures relais des 9 op\u00e9rateurs nationaux suivants :<\/span><\/p>\n<ul>\n<li>le Minist\u00e8re de l&rsquo;Int\u00e9rieur<\/li>\n<li>le Minist\u00e8re de la Justice<\/li>\n<li>la Direction G\u00e9n\u00e9rale des Finances Publiques<\/li>\n<li>la Caisse d&rsquo;Allocations Familiales<\/li>\n<li>la Mutualit\u00e9 Sociale Agricole<\/li>\n<li>le P\u00f4le emploi<\/li>\n<li>l&rsquo;Assurance retraite<\/li>\n<li>l&rsquo;Assurance maladie<\/li>\n<li>la Poste<\/li>\n<\/ul>\n<p>Une aide aux d\u00e9marches administratives d\u00e9mat\u00e9rialis\u00e9es sera propos\u00e9e, gratuitement, pour tous, hy\u00e9rois ou non hy\u00e9rois :<\/p>\n<p><strong>l&rsquo;objectif est \u00ab\u00a0<span style=\"text-decoration: underline;\">DE FAIRE AVEC\u00a0<\/span>\u00bb et d&rsquo;accompagner les usagers vers l&rsquo;autonomie num\u00e9rique. <\/strong><\/p>\n<p>Les missions des agents France services s&rsquo;articulent autour des services suivants :<\/p>\n<ul>\n<li><strong>Accompagner<\/strong> les usagers dans les d\u00e9marches administratives quotidiennes et r\u00e9pondre \u00e0 leurs questions en toute confidentialit\u00e9 (d\u00e9claration de revenu, actualisation p\u00f4le emploi, pr\u00e9 demande pi\u00e8ce d&rsquo;identit\u00e9 et permis, carte grise, actualisation RSA, prime d&rsquo;activit\u00e9, demande d&rsquo;allocations diverses CAF ou MSA&#8230;)<\/li>\n<li><strong>Aider<\/strong> les usagers dans les d\u00e9marches en ligne (navigation sur les sites des op\u00e9rateurs, simulation d&rsquo;allocations, demande de document en ligne)<\/li>\n<li><strong>R\u00e9soudre les situations plus complexes en s&rsquo;appuyant <\/strong>sur un correspondant au sein de chacune des administrations partenaires (Administration+) et le cas \u00e9ch\u00e9ant via un appel vid\u00e9o entre l&rsquo;administration concern\u00e9e et l&rsquo; administr\u00e9<\/li>\n<li>Mettre \u00e0 disposition des usagers des ordinateurs en libre service et les accompagner dans l&rsquo;utilisation de ces outils : cr\u00e9ation d&rsquo;une adresse e mail, cr\u00e9ation de compte ANTS et France connect, recherche d&#8217;emploi, impression ou scan de pi\u00e8ces n\u00e9cessaires \u00e0 la constitution de dossiers administratifs,&#8230;<\/li>\n<\/ul>\n<p><span style=\"color: #333399;\"><strong>Pour rappel, les agents n&rsquo;ont pas vocation \u00e0 remplacer les services de l\u2019\u00c9tat et du D\u00e9partement mais \u00e0 accompagner les usagers dans leur d\u00e9marches aupr\u00e8s des 9 partenaires.<\/strong><\/span><\/p>\n<p><span style=\"text-decoration: underline;\"><b>Adresse : <\/b><\/span><\/p>\n<p>Espace France Services\u00a0 \u00a0 \u00a0 \u00a0 \u00a0 \u00a0 \u00a0 \u00a0 \u00a0 \u00a0 \u00a0 \u00a0 \u00a0 \u00a0 \u00a0 \u00a0 \u00a0 \u00a0 \u00a0 \u00a0 \u00a0 \u00a0 \u00a0 \u00a0 \u00a0 \u00a0Bureau de Police Municipale &#8211; <strong>PORQUEROLLES<\/strong><br \/>46, chemin de l&rsquo;Excelsior\u00a0 \u00a0 \u00a0 \u00a0 \u00a0 \u00a0 \u00a0 \u00a0 \u00a0 \u00a0 \u00a0 \u00a0 \u00a0 \u00a0 \u00a0 \u00a0 \u00a0 \u00a0 \u00a0 \u00a0 \u00a0 \u00a0 \u00a0 \u00a0 Rue de la ferme\u00a0<br \/>Hy\u00e8res Est \u2013 Face \u00e0 Intermarch\u00e9\u00a0 \u00a0 \u00a0 \u00a0 \u00a0 \u00a0 \u00a0 \u00a0 \u00a0 \u00a0 \u00a0 \u00a0 \u00a0 \u00a0 \u00a0 \u00a0 \u00a0 \u00a0 Porquerolles 83400<br \/>BP 709\u00a0 &#8211;\u00a0 83412 HYERES cedex\u00a0 \u00a0 \u00a0 \u00a0 \u00a0 \u00a0 \u00a0 \u00a0 \u00a0 \u00a0 \u00a0 \u00a0 \u00a0 \u00a0 \u00a0 \u00a0 \u00a0 \u00a0\u00a09h30 \u00e0 12h30 et de 13h30 \u00e0 16h sur rdv l&rsquo;apr\u00e8s midi\u00a0<\/p>\n<p><strong>T\u00e9l : <\/strong>04 94 00 79 27\u00a0 \u00a0 \u00a0 \u00a0 \u00a0 \u00a0 \u00a0 \u00a0 \u00a0 \u00a0 \u00a0 \u00a0 \u00a0 \u00a0 \u00a0 \u00a0 \u00a0 \u00a0 \u00a0 \u00a0 \u00a0 \u00a0 \u00a0 \u00a0 \u00a0 \u00a0 \u00a0 \u00a0<strong>T\u00e9l<\/strong> : 04 94 00 79 27\u00a0<\/p>\n<p><a href=\"mailto:france-services@mairie-hyeres.com\"><strong>france-services@mairie-hyeres.com<\/strong><\/a><\/p>\n<p>\u00a0<\/p>\n<p><strong><u>Les horaires seront les suivants :<\/u><\/strong><\/p>\n<p>Lundi, mardi, vendredi : 8h30-12h \/ 13h30-17h (avec ou sans rendez-vous)<\/p>\n<p>Mercredi, jeudi : 8h30-13h (uniquement sur rendez-vous l&rsquo;apr\u00e8s-midi)<\/p>\n<h4><span style=\"text-decoration: underline;\">Prochainement :\u00a0<\/span><\/h4>\n<p><strong><u>Des permanences associatives compl\u00e9mentaires seront d\u00e9velopp\u00e9es \u00e0 compter de septembre <\/u><\/strong><strong>: <\/strong><\/p>\n<ul>\n<li>Face Var : inclusion num\u00e9rique, \u00e9crivain public autre que les d\u00e9marches administratives des op\u00e9rateurs (r\u00e9daction de courriers, CV, lettre de motivation), droit des \u00e9trangers (titre de s\u00e9jours et autres&#8230;) en lien avec le Point justice.<\/li>\n<li>Mission locale CORAIL et association En chemin : insertion par l&#8217;emploi.<\/li>\n<\/ul>\n<p><img decoding=\"async\" class=\"size-medium wp-image-4051 aligncenter\" src=\"https:\/\/cdad83.fr\/wp-content\/uploads\/2022\/05\/logo_point_justice-265x300.jpg\" alt=\"\" width=\"265\" height=\"300\" srcset=\"https:\/\/cdad83.fr\/wp-content\/uploads\/2022\/05\/logo_point_justice-265x300.jpg 265w, https:\/\/cdad83.fr\/wp-content\/uploads\/2022\/05\/logo_point_justice.jpg 462w\" sizes=\"(max-width: 265px) 100vw, 265px\" \/><\/p>\n\n\n<div class=\"wp-block-buttons is-layout-flex wp-block-buttons-is-layout-flex\">\n<div class=\"wp-block-button aligncenter\"><a class=\"wp-block-button__link wp-element-button\" href=\"https:\/\/cdad83.fr\/wp-content\/uploads\/2023\/09\/Flyer.pdf\">DEPLIANT MAISON FRANCE SERVICE HYERES <\/a><\/div>\n\n\n\n<div class=\"wp-block-button aligncenter\"><a class=\"wp-block-button__link wp-element-button\" href=\"https:\/\/cdad83.fr\/wp-content\/uploads\/2023\/09\/Document-Sans-Finition-1.pdf\">HORAIRES PORQUEROLLES<\/a><\/div>\n<\/div>\n","protected":false},"excerpt":{"rendered":"<p>Ouverture de l&rsquo;espace France services de Hy\u00e8res et Porquerolles !\u00a0 \u00a0 Le programme France services est pilot\u00e9 par l&rsquo;Agence Nationale de la Coh\u00e9sion des Territoires (ANCT) et la Banque des Territoires\/Direction de la Caisse des D\u00e9p\u00f4ts et consignations. Elle est port\u00e9e au niveau d\u00e9partemental par les pr\u00e9fectures. Les espaces France services sont des structures relais des 9 op\u00e9rateurs nationaux suivants : le Minist\u00e8re de l&rsquo;Int\u00e9rieur le Minist\u00e8re de la Justice la Direction G\u00e9n\u00e9rale des Finances Publiques la Caisse d&rsquo;Allocations Familiales la Mutualit\u00e9 Sociale Agricole le P\u00f4le emploi l&rsquo;Assurance retraite l&rsquo;Assurance maladie la Poste Une aide aux d\u00e9marches administratives d\u00e9mat\u00e9rialis\u00e9es sera propos\u00e9e, gratuitement, pour tous, hy\u00e9rois ou non hy\u00e9rois : l&rsquo;objectif est \u00ab\u00a0DE FAIRE AVEC\u00a0\u00bb et d&rsquo;accompagner les usagers vers l&rsquo;autonomie num\u00e9rique. Les missions des agents France services s&rsquo;articulent autour des services suivants : Accompagner les usagers dans les d\u00e9marches administratives quotidiennes et r\u00e9pondre \u00e0 leurs questions en toute confidentialit\u00e9 (d\u00e9claration de revenu, actualisation p\u00f4le emploi, pr\u00e9 demande pi\u00e8ce d&rsquo;identit\u00e9 et permis, carte grise, actualisation RSA, prime d&rsquo;activit\u00e9, demande d&rsquo;allocations diverses CAF ou MSA&#8230;) Aider les usagers dans les d\u00e9marches en ligne (navigation sur les sites des op\u00e9rateurs, simulation d&rsquo;allocations, demande de document en ligne) R\u00e9soudre les situations plus complexes en s&rsquo;appuyant sur un correspondant au sein de chacune des administrations partenaires (Administration+) et le cas \u00e9ch\u00e9ant via un appel vid\u00e9o entre l&rsquo;administration concern\u00e9e et l&rsquo; administr\u00e9 Mettre \u00e0 disposition des usagers des ordinateurs en libre service et les accompagner dans l&rsquo;utilisation de ces outils : cr\u00e9ation d&rsquo;une adresse e mail, cr\u00e9ation de compte ANTS et France connect, recherche d&#8217;emploi, impression ou scan de pi\u00e8ces n\u00e9cessaires \u00e0 la constitution de dossiers administratifs,&#8230; Pour rappel, les agents n&rsquo;ont pas vocation \u00e0 remplacer les services de l\u2019\u00c9tat et du D\u00e9partement mais \u00e0 accompagner les usagers dans leur d\u00e9marches aupr\u00e8s des 9 partenaires. Adresse : Espace France Services\u00a0 \u00a0 \u00a0 \u00a0 \u00a0 \u00a0 \u00a0 \u00a0 \u00a0 \u00a0 \u00a0 \u00a0 \u00a0 \u00a0 \u00a0 \u00a0 \u00a0 \u00a0 \u00a0 \u00a0 \u00a0 \u00a0 \u00a0 \u00a0 \u00a0 \u00a0Bureau de Police Municipale &#8211; PORQUEROLLES46, chemin de l&rsquo;Excelsior\u00a0 \u00a0 \u00a0 \u00a0 \u00a0 \u00a0 \u00a0 \u00a0 \u00a0 \u00a0 \u00a0 \u00a0 \u00a0 \u00a0 \u00a0 \u00a0 \u00a0 \u00a0 \u00a0 \u00a0 \u00a0 \u00a0 \u00a0 \u00a0 Rue de la ferme\u00a0Hy\u00e8res Est \u2013 Face \u00e0 Intermarch\u00e9\u00a0 \u00a0 \u00a0 \u00a0 \u00a0 \u00a0 \u00a0 \u00a0 \u00a0 \u00a0 \u00a0 \u00a0 \u00a0 \u00a0 \u00a0 \u00a0 \u00a0 \u00a0 Porquerolles 83400BP 709\u00a0 &#8211;\u00a0 83412 HYERES cedex\u00a0 \u00a0 \u00a0 \u00a0 \u00a0 \u00a0 \u00a0 \u00a0 \u00a0 \u00a0 \u00a0 \u00a0 \u00a0 \u00a0 \u00a0 \u00a0 \u00a0 \u00a0\u00a09h30 \u00e0 12h30 et de 13h30 \u00e0 16h sur rdv l&rsquo;apr\u00e8s midi\u00a0 T\u00e9l : 04 94 00 79 27\u00a0 \u00a0 \u00a0 \u00a0 \u00a0 \u00a0 \u00a0 \u00a0 \u00a0 \u00a0 \u00a0 \u00a0 \u00a0 \u00a0 \u00a0 \u00a0 \u00a0 \u00a0 \u00a0 \u00a0 \u00a0 \u00a0 \u00a0 \u00a0 \u00a0 \u00a0 \u00a0 \u00a0T\u00e9l : 04 94 00 79 27\u00a0 france-services@mairie-hyeres.com \u00a0 Les horaires seront les suivants : Lundi, mardi, vendredi : 8h30-12h \/ 13h30-17h (avec ou sans rendez-vous) Mercredi, jeudi : 8h30-13h (uniquement sur rendez-vous l&rsquo;apr\u00e8s-midi) Prochainement :\u00a0 Des permanences associatives compl\u00e9mentaires seront d\u00e9velopp\u00e9es \u00e0 compter de septembre : Face Var : inclusion num\u00e9rique, \u00e9crivain public autre que les d\u00e9marches administratives des op\u00e9rateurs (r\u00e9daction de courriers, CV, lettre de motivation), droit des \u00e9trangers (titre de s\u00e9jours et autres&#8230;) en lien avec le Point justice. Mission locale CORAIL et association En chemin : insertion par l&#8217;emploi.<\/p>\n","protected":false},"author":3,"featured_media":0,"parent":199,"menu_order":1,"comment_status":"closed","ping_status":"closed","template":"","meta":{"_monsterinsights_skip_tracking":false,"_monsterinsights_sitenote_active":false,"_monsterinsights_sitenote_note":"","_monsterinsights_sitenote_category":0,"footnotes":""},"class_list":["post-4044","page","type-page","status-publish","hentry"],"_links":{"self":[{"href":"https:\/\/cdad83.fr\/index.php\/wp-json\/wp\/v2\/pages\/4044","targetHints":{"allow":["GET"]}}],"collection":[{"href":"https:\/\/cdad83.fr\/index.php\/wp-json\/wp\/v2\/pages"}],"about":[{"href":"https:\/\/cdad83.fr\/index.php\/wp-json\/wp\/v2\/types\/page"}],"author":[{"embeddable":true,"href":"https:\/\/cdad83.fr\/index.php\/wp-json\/wp\/v2\/users\/3"}],"replies":[{"embeddable":true,"href":"https:\/\/cdad83.fr\/index.php\/wp-json\/wp\/v2\/comments?post=4044"}],"version-history":[{"count":0,"href":"https:\/\/cdad83.fr\/index.php\/wp-json\/wp\/v2\/pages\/4044\/revisions"}],"up":[{"embeddable":true,"href":"https:\/\/cdad83.fr\/index.php\/wp-json\/wp\/v2\/pages\/199"}],"wp:attachment":[{"href":"https:\/\/cdad83.fr\/index.php\/wp-json\/wp\/v2\/media?parent=4044"}],"curies":[{"name":"wp","href":"https:\/\/api.w.org\/{rel}","templated":true}]}}