{"id":4075,"date":"2022-05-25T14:40:40","date_gmt":"2022-05-25T12:40:40","guid":{"rendered":"https:\/\/cdad83.fr\/?page_id=4075"},"modified":"2023-03-23T15:47:07","modified_gmt":"2023-03-23T14:47:07","slug":"maisons-france-services","status":"publish","type":"page","link":"https:\/\/cdad83.fr\/index.php\/accueil\/maisons-france-services\/","title":{"rendered":"Maisons France Services"},"content":{"rendered":"\n<div style=\"height:23px\" aria-hidden=\"true\" class=\"wp-block-spacer\"><\/div>\n\n\n\n<p><\/p>\n\n\n\n<h4 class=\"wp-block-heading\"><strong>Besoin d&rsquo;aide pour vos d\u00e9marches administrative ?&nbsp; Les <a href=\"https:\/\/www.economie.gouv.fr\/particuliers\/france-services\">espaces France Services<\/a> sont l\u00e0 pour vous accompagner.&nbsp;<\/strong><\/h4>\n\n\n\n<div style=\"height:35px\" aria-hidden=\"true\" class=\"wp-block-spacer\"><\/div>\n\n\n\n<p><span style=\"text-decoration: underline;\"><strong>24 Maison France Services sont \u00e0 votre disposition dans le Var.<\/strong><\/span><\/p>\n\n\n\n<h4 class=\"wp-block-heading\">Retrouvez la carte <a href=\"https:\/\/cdad83.fr\/wp-content\/uploads\/2023\/03\/carte_var_fs_20230103_v8-1.pdf\">ICI<\/a><\/h4>\n\n\n\n<div style=\"height:20px\" aria-hidden=\"true\" class=\"wp-block-spacer\"><\/div>\n\n\n\n<p>Prime d\u2019activit\u00e9, allocation logement ou familiale, permis de conduire, carte grise\u2026 France Services vous accompagne dans l\u2019ensemble de vos d\u00e9marches administratives du quotidien quel que soit l\u2019endroit o\u00f9 vous vivez, en ville ou \u00e0 la campagne, \u00e0 moins de 30 minutes de chez vous.<br class=\"autobr\">France Services c\u2019est en un seul et m\u00eame endroit la CAF, la CPAM, la CARSAT, la MSA, P\u00f4le Emploi, les imp\u00f4ts, La Poste, les services des minist\u00e8res de l\u2019Int\u00e9rieur, de la Justice et de la Direction g\u00e9n\u00e9rale des finances publiques.<\/p>\n\n\n\n<p>Vous serez accueilli par un agent qui est form\u00e9 pour trouver des solutions imm\u00e9diates. Chaque demande fait l\u2019objet d\u2019une r\u00e9ponse pr\u00e9cise.<\/p>\n","protected":false},"excerpt":{"rendered":"<p>Besoin d&rsquo;aide pour vos d\u00e9marches administrative ?&nbsp; Les espaces France Services sont l\u00e0 pour vous accompagner.&nbsp; 24 Maison France Services sont \u00e0 votre disposition dans le Var. Retrouvez la carte ICI Prime d\u2019activit\u00e9, allocation logement ou familiale, permis de conduire, carte grise\u2026 France Services vous accompagne dans l\u2019ensemble de vos d\u00e9marches administratives du quotidien quel que soit l\u2019endroit o\u00f9 vous vivez, en ville ou \u00e0 la campagne, \u00e0 moins de 30 minutes de chez vous.France Services c\u2019est en un seul et m\u00eame endroit la CAF, la CPAM, la CARSAT, la MSA, P\u00f4le Emploi, les imp\u00f4ts, La Poste, les services des minist\u00e8res de l\u2019Int\u00e9rieur, de la Justice et de la Direction g\u00e9n\u00e9rale des finances publiques. Vous serez accueilli par un agent qui est form\u00e9 pour trouver des solutions imm\u00e9diates. Chaque demande fait l\u2019objet d\u2019une r\u00e9ponse pr\u00e9cise.<\/p>\n","protected":false},"author":3,"featured_media":0,"parent":199,"menu_order":0,"comment_status":"closed","ping_status":"closed","template":"","meta":{"_monsterinsights_skip_tracking":false,"_monsterinsights_sitenote_active":false,"_monsterinsights_sitenote_note":"","_monsterinsights_sitenote_category":0,"footnotes":""},"class_list":["post-4075","page","type-page","status-publish","hentry"],"_links":{"self":[{"href":"https:\/\/cdad83.fr\/index.php\/wp-json\/wp\/v2\/pages\/4075","targetHints":{"allow":["GET"]}}],"collection":[{"href":"https:\/\/cdad83.fr\/index.php\/wp-json\/wp\/v2\/pages"}],"about":[{"href":"https:\/\/cdad83.fr\/index.php\/wp-json\/wp\/v2\/types\/page"}],"author":[{"embeddable":true,"href":"https:\/\/cdad83.fr\/index.php\/wp-json\/wp\/v2\/users\/3"}],"replies":[{"embeddable":true,"href":"https:\/\/cdad83.fr\/index.php\/wp-json\/wp\/v2\/comments?post=4075"}],"version-history":[{"count":0,"href":"https:\/\/cdad83.fr\/index.php\/wp-json\/wp\/v2\/pages\/4075\/revisions"}],"up":[{"embeddable":true,"href":"https:\/\/cdad83.fr\/index.php\/wp-json\/wp\/v2\/pages\/199"}],"wp:attachment":[{"href":"https:\/\/cdad83.fr\/index.php\/wp-json\/wp\/v2\/media?parent=4075"}],"curies":[{"name":"wp","href":"https:\/\/api.w.org\/{rel}","templated":true}]}}