{"id":465,"date":"2018-06-04T16:03:08","date_gmt":"2018-06-04T14:03:08","guid":{"rendered":"http:\/\/cdad83.fr\/?page_id=465"},"modified":"2019-02-18T17:02:08","modified_gmt":"2019-02-18T16:02:08","slug":"le-tribunal-de-commerce","status":"publish","type":"page","link":"https:\/\/cdad83.fr\/index.php\/les-principales-juridictions\/le-tribunal-de-commerce\/","title":{"rendered":"Le tribunal de commerce"},"content":{"rendered":"<h3 style=\"text-align: center;\"><span style=\"color: #3366ff;\">Le tribunal de commerce<br \/>\n<\/span><\/h3>\n<hr \/>\n<p style=\"text-align: justify;\"><a href=\"https:\/\/www.justice.fr\/fiche\/deroulement-affaire-devant-tribunal-commerce\">Le tribunal de commerce<\/a> tranche, de mani\u00e8re g\u00e9n\u00e9rale, les litiges entre commer\u00e7ants ou entre commer\u00e7ants et soci\u00e9t\u00e9s commerciales, et ceux qui portent sur les actes de commerce.<\/p>\n<p style=\"text-align: justify;\">Il juge notamment :<\/p>\n<ul style=\"text-align: justify;\">\n<li>les litiges entre les entreprises, y compris les \u00e9tablissements de cr\u00e9dit ou les soci\u00e9t\u00e9s de financement (L. 721-3 du code de commerce), en droit communautaire et en droit national en mati\u00e8re de commerce et de concurrence ;<\/li>\n<li>les litiges relatifs aux actes de commerce entre toutes les personnes ;<\/li>\n<li>les litiges relatifs \u00e0 une lettre de change ;<\/li>\n<li>les litiges opposant des particuliers \u00e0 des commer\u00e7ants ou \u00e0 des soci\u00e9t\u00e9s commerciales dans l&rsquo;exercice de leur commerce lorsque les particuliers optent pour la saisine du tribunal de commerce;<\/li>\n<li>les contestations entre les associ\u00e9s d&rsquo;une soci\u00e9t\u00e9 commerciale ;<\/li>\n<li>les difficult\u00e9s des entreprises : sauvegarde, redressement et liquidation.<\/li>\n<\/ul>\n<p style=\"text-align: justify;\">Le greffe du tribunal de commerce assure des fonctions diverses : il conserve les actes et d\u00e9livre les copies des d\u00e9cisions du tribunal permettant leur ex\u00e9cution, tient le Registre du commerce et des soci\u00e9t\u00e9s, assure la c\u00f4te et le paraphe des livres des commer\u00e7ants et soci\u00e9t\u00e9s commerciales\u2026<\/p>\n<p><strong>Composition<\/strong><\/p>\n<p style=\"text-align: justify;\">Le tribunal de commerce est compos\u00e9 de juges non professionnels, appel\u00e9s \u00ab\u00a0juges consulaires\u00a0\u00bb. Ce sont des b\u00e9n\u00e9voles, choisis parmi des commer\u00e7ants ou des dirigeants d&rsquo;entreprises ils sont \u00e9lus par les d\u00e9l\u00e9gu\u00e9s consulaires et par leurs pairs (L. 723-1 du code de commerce).<\/p>\n<p style=\"text-align: justify;\">La formation de jugement doit comporter au moins trois juges, sauf dispositions contraires.<\/p>\n<p style=\"text-align: justify;\">Le minist\u00e8re public repr\u00e9sente les int\u00e9r\u00eats de la soci\u00e9t\u00e9 devant le tribunal de commerce. Il s&rsquo;exprime obligatoirement dans les dossiers d&rsquo;entreprises en difficult\u00e9 (redressement ou liquidation judiciaire).<\/p>\n<p style=\"text-align: justify;\">Le greffe du tribunal de commerce est tenu par un officier public et minist\u00e9riel (L.741-1 du code de commerce).<\/p>\n<p>&nbsp;<\/p>\n<p>Adresse :<\/p>\n<p><strong>Tribunal de commerce de Toulon<\/strong><\/p>\n<p>140, bd Marechal Leclerc<\/p>\n<p>83000 TOULON<\/p>\n<p><strong>Tribunal de commercede Draguignan<\/strong><\/p>\n<p>11 rue Pierre Cl\u00e9ment<\/p>\n<p>CS 60223<\/p>\n<p>83006 DRAGUIGNAN c\u00e9dex<\/p>\n<p>&nbsp;<\/p>\n","protected":false},"excerpt":{"rendered":"<p>Le tribunal de commerce Le tribunal de commerce tranche, de mani\u00e8re g\u00e9n\u00e9rale, les litiges entre commer\u00e7ants ou entre commer\u00e7ants et soci\u00e9t\u00e9s commerciales, et ceux qui portent sur les actes de commerce. Il juge notamment : les litiges entre les entreprises, y compris les \u00e9tablissements de cr\u00e9dit ou les soci\u00e9t\u00e9s de financement (L. 721-3 du code de commerce), en droit communautaire et en droit national en mati\u00e8re de commerce et de concurrence ; les litiges relatifs aux actes de commerce entre toutes les personnes ; les litiges relatifs \u00e0 une lettre de change ; les litiges opposant des particuliers \u00e0 des commer\u00e7ants ou \u00e0 des soci\u00e9t\u00e9s commerciales dans l&rsquo;exercice de leur commerce lorsque les particuliers optent pour la saisine du tribunal de commerce; les contestations entre les associ\u00e9s d&rsquo;une soci\u00e9t\u00e9 commerciale ; les difficult\u00e9s des entreprises : sauvegarde, redressement et liquidation. Le greffe du tribunal de commerce assure des fonctions diverses : il conserve les actes et d\u00e9livre les copies des d\u00e9cisions du tribunal permettant leur ex\u00e9cution, tient le Registre du commerce et des soci\u00e9t\u00e9s, assure la c\u00f4te et le paraphe des livres des commer\u00e7ants et soci\u00e9t\u00e9s commerciales\u2026 Composition Le tribunal de commerce est compos\u00e9 de juges non professionnels, appel\u00e9s \u00ab\u00a0juges consulaires\u00a0\u00bb. Ce sont des b\u00e9n\u00e9voles, choisis parmi des commer\u00e7ants ou des dirigeants d&rsquo;entreprises ils sont \u00e9lus par les d\u00e9l\u00e9gu\u00e9s consulaires et par leurs pairs (L. 723-1 du code de commerce). La formation de jugement doit comporter au moins trois juges, sauf dispositions contraires. Le minist\u00e8re public repr\u00e9sente les int\u00e9r\u00eats de la soci\u00e9t\u00e9 devant le tribunal de commerce. Il s&rsquo;exprime obligatoirement dans les dossiers d&rsquo;entreprises en difficult\u00e9 (redressement ou liquidation judiciaire). Le greffe du tribunal de commerce est tenu par un officier public et minist\u00e9riel (L.741-1 du code de commerce). &nbsp; Adresse : Tribunal de commerce de Toulon 140, bd Marechal Leclerc 83000 TOULON Tribunal de commercede Draguignan 11 rue Pierre Cl\u00e9ment CS 60223 83006 DRAGUIGNAN c\u00e9dex &nbsp;<\/p>\n","protected":false},"author":3,"featured_media":0,"parent":157,"menu_order":0,"comment_status":"closed","ping_status":"closed","template":"","meta":{"_monsterinsights_skip_tracking":false,"_monsterinsights_sitenote_active":false,"_monsterinsights_sitenote_note":"","_monsterinsights_sitenote_category":0,"footnotes":""},"class_list":["post-465","page","type-page","status-publish","hentry"],"_links":{"self":[{"href":"https:\/\/cdad83.fr\/index.php\/wp-json\/wp\/v2\/pages\/465","targetHints":{"allow":["GET"]}}],"collection":[{"href":"https:\/\/cdad83.fr\/index.php\/wp-json\/wp\/v2\/pages"}],"about":[{"href":"https:\/\/cdad83.fr\/index.php\/wp-json\/wp\/v2\/types\/page"}],"author":[{"embeddable":true,"href":"https:\/\/cdad83.fr\/index.php\/wp-json\/wp\/v2\/users\/3"}],"replies":[{"embeddable":true,"href":"https:\/\/cdad83.fr\/index.php\/wp-json\/wp\/v2\/comments?post=465"}],"version-history":[{"count":0,"href":"https:\/\/cdad83.fr\/index.php\/wp-json\/wp\/v2\/pages\/465\/revisions"}],"up":[{"embeddable":true,"href":"https:\/\/cdad83.fr\/index.php\/wp-json\/wp\/v2\/pages\/157"}],"wp:attachment":[{"href":"https:\/\/cdad83.fr\/index.php\/wp-json\/wp\/v2\/media?parent=465"}],"curies":[{"name":"wp","href":"https:\/\/api.w.org\/{rel}","templated":true}]}}