{"id":567,"date":"2020-02-17T14:00:33","date_gmt":"2020-02-17T13:00:33","guid":{"rendered":"http:\/\/cdad83.fr\/?page_id=567"},"modified":"2020-04-27T14:52:24","modified_gmt":"2020-04-27T12:52:24","slug":"le-tribunal-de-proximite","status":"publish","type":"page","link":"https:\/\/cdad83.fr\/index.php\/le-tribunal-de-proximite\/","title":{"rendered":"Le tribunal de proximit\u00e9"},"content":{"rendered":"<h3 style=\"text-align: center;\"><span style=\"color: #3366ff;\">Tribunal de proximit\u00e9<\/span><\/h3>\n<hr \/>\n<p><span style=\"text-decoration: underline;\"><strong>D\u00e9finition :\u00a0<\/strong><\/span><\/p>\n<p>La loi du 23 mars 2019 met en oeuvre la fusion des Tribunaux de grande instance et des Tribunaux d&rsquo;instance, afin de rassembler les juridictions de premi\u00e8re instance en un <strong>Tribunal judiciaire<\/strong>. Ce dernier peut comprendre en dehors de son si\u00e8ge des<strong> chambres de proximit\u00e9<\/strong>.<\/p>\n<p>Les chambres de proximit\u00e9 op\u00e8rent sur des petits litiges. En effet, elles sont comp\u00e9tentes pour les actions personnelles ou mobili\u00e8res dont le montant est inf\u00e9rieur \u00e0 10 000 euros, ainsi que pour d&rsquo;autres litiges sp\u00e9cifiques relevant anciennement de la comp\u00e9tence du Tribunal d&rsquo;instance. Elles peuvent avoir des comp\u00e9tences suppl\u00e9mentaires en fonction des besoins locaux.<\/p>\n<p><span style=\"text-decoration: underline;\"><strong>Le si\u00e8ge<\/strong><\/span> :<\/p>\n<p>Les anciens tribunaux d&rsquo;instance situ\u00e9s en dehors du si\u00e8ge du Tribunal judiciaire, deviennent des chambres de proximit\u00e9. Ainsi, dans le var le d\u00e9cret du 30 aout 2019 r\u00e9partis les si\u00e8ges de la mani\u00e8re suivante:\u00a0<a href=\"https:\/\/cdad83.fr\/wp-content\/uploads\/2020\/02\/R\u00e9partition-du-Tribunal-judiciaire-et-chambre-de-proximit\u00e9.pdf\">R\u00e9partition du Tribunal judiciaire et chambre de proximit\u00e9<\/a><\/p>\n<ul style=\"text-align: justify;\">\n<li><strong>Tribunal de proximit\u00e9 de Fr\u00e9jus<\/strong><\/li>\n<\/ul>\n<p style=\"text-align: justify;\">Palais de Justice, 268 rue Jean-Jaur\u00e8s, BP 118 83608 FREJUS CEDEX<\/p>\n<p style=\"text-align: justify;\">N\u00b0 de T\u00e9l\u00e9phone\u00a0: 04-94-44-54-10<\/p>\n<ul style=\"text-align: justify;\">\n<li><strong>Tribunal de proximit\u00e9 de Brignoles<\/strong><\/li>\n<\/ul>\n<p style=\"text-align: justify;\">Place du Palais de Justice, 83170 BRIGNOLES<\/p>\n<p style=\"text-align: justify;\">N\u00b0 de T\u00e9l\u00e9phone\u00a0: 04-94-69-63-83<\/p>\n","protected":false},"excerpt":{"rendered":"<p>Tribunal de proximit\u00e9 D\u00e9finition :\u00a0 La loi du 23 mars 2019 met en oeuvre la fusion des Tribunaux de grande instance et des Tribunaux d&rsquo;instance, afin de rassembler les juridictions de premi\u00e8re instance en un Tribunal judiciaire. Ce dernier peut comprendre en dehors de son si\u00e8ge des chambres de proximit\u00e9. Les chambres de proximit\u00e9 op\u00e8rent sur des petits litiges. En effet, elles sont comp\u00e9tentes pour les actions personnelles ou mobili\u00e8res dont le montant est inf\u00e9rieur \u00e0 10 000 euros, ainsi que pour d&rsquo;autres litiges sp\u00e9cifiques relevant anciennement de la comp\u00e9tence du Tribunal d&rsquo;instance. Elles peuvent avoir des comp\u00e9tences suppl\u00e9mentaires en fonction des besoins locaux. Le si\u00e8ge : Les anciens tribunaux d&rsquo;instance situ\u00e9s en dehors du si\u00e8ge du Tribunal judiciaire, deviennent des chambres de proximit\u00e9. Ainsi, dans le var le d\u00e9cret du 30 aout 2019 r\u00e9partis les si\u00e8ges de la mani\u00e8re suivante:\u00a0R\u00e9partition du Tribunal judiciaire et chambre de proximit\u00e9 Tribunal de proximit\u00e9 de Fr\u00e9jus Palais de Justice, 268 rue Jean-Jaur\u00e8s, BP 118 83608 FREJUS CEDEX N\u00b0 de T\u00e9l\u00e9phone\u00a0: 04-94-44-54-10 Tribunal de proximit\u00e9 de Brignoles Place du Palais de Justice, 83170 BRIGNOLES N\u00b0 de T\u00e9l\u00e9phone\u00a0: 04-94-69-63-83<\/p>\n","protected":false},"author":3,"featured_media":0,"parent":0,"menu_order":0,"comment_status":"closed","ping_status":"closed","template":"","meta":{"_monsterinsights_skip_tracking":false,"_monsterinsights_sitenote_active":false,"_monsterinsights_sitenote_note":"","_monsterinsights_sitenote_category":0,"footnotes":""},"class_list":["post-567","page","type-page","status-publish","hentry"],"_links":{"self":[{"href":"https:\/\/cdad83.fr\/index.php\/wp-json\/wp\/v2\/pages\/567","targetHints":{"allow":["GET"]}}],"collection":[{"href":"https:\/\/cdad83.fr\/index.php\/wp-json\/wp\/v2\/pages"}],"about":[{"href":"https:\/\/cdad83.fr\/index.php\/wp-json\/wp\/v2\/types\/page"}],"author":[{"embeddable":true,"href":"https:\/\/cdad83.fr\/index.php\/wp-json\/wp\/v2\/users\/3"}],"replies":[{"embeddable":true,"href":"https:\/\/cdad83.fr\/index.php\/wp-json\/wp\/v2\/comments?post=567"}],"version-history":[{"count":0,"href":"https:\/\/cdad83.fr\/index.php\/wp-json\/wp\/v2\/pages\/567\/revisions"}],"wp:attachment":[{"href":"https:\/\/cdad83.fr\/index.php\/wp-json\/wp\/v2\/media?parent=567"}],"curies":[{"name":"wp","href":"https:\/\/api.w.org\/{rel}","templated":true}]}}