{"id":572,"date":"2018-07-04T17:02:41","date_gmt":"2018-07-04T15:02:41","guid":{"rendered":"http:\/\/cdad83.fr\/?page_id=572"},"modified":"2020-02-14T17:07:42","modified_gmt":"2020-02-14T16:07:42","slug":"le-tribunal-judiciaire","status":"publish","type":"page","link":"https:\/\/cdad83.fr\/index.php\/le-tribunal-judiciaire\/","title":{"rendered":"Le tribunal judiciaire"},"content":{"rendered":"<h4 style=\"text-align: center;\"><span style=\"color: #3366ff;\">Le tribunal judiciaire<\/span><\/h4>\n<hr \/>\n<p style=\"text-align: justify;\">\u00a0La<b>\u00a0loi du 23 mars 2019\u00a0visant \u00e0 am\u00e9liorer le fonctionnement de l\u2019organisation des juridictions, modifie l&rsquo;organisation des tribunaux. <\/b><b>Ainsi, \u00e0 compter du 1er janvier 2020, les tribunaux de grande instance et les tribunaux d\u2019instance fusionnent pour former les tribunaux judiciaires.\u00a0<\/b><\/p>\n<p style=\"text-align: justify;\"><b>Le tribunal judiciaire peut comprendre, en dehors de son si\u00e8ge, des chambres de proximit\u00e9 d\u00e9nomm\u00e9es \u00ab\u00a0tribunaux de proximit\u00e9\u00a0\u00bb\u00a0<\/b>dont le si\u00e8ge et le ressort ainsi que les comp\u00e9tences mat\u00e9rielles sont fix\u00e9es par d\u00e9cret.<\/p>\n<p style=\"text-align: justify;\">D\u00e9sormais, le tribunal judiciaire devient la seule\u00a0<a class=\"pts-lexicon-term\" title=\"\" href=\"https:\/\/www.justice.fr\/lexique\/letter_j#Juridiction\" data-original-title=\"Juridiction est un terme g\u00e9n\u00e9ral pour d\u00e9signer un tribunal\" data-placement=\"top\" data-toggle=\"tooltip\">juridiction<\/a>\u00a0de droit commun de premi\u00e8re instance en mati\u00e8re civile, p\u00e9nale et commerciale comp\u00e9tente pour les litiges n\u2019ayant pas \u00e9t\u00e9 attribu\u00e9s \u00e0 une autre\u00a0<a class=\"pts-lexicon-term\" title=\"\" href=\"https:\/\/www.justice.fr\/lexique\/letter_j#Juridiction\" data-original-title=\"Juridiction est un terme g\u00e9n\u00e9ral pour d\u00e9signer un tribunal\" data-placement=\"top\" data-toggle=\"tooltip\">juridiction<\/a>.\u00a0Le\u00a0<a class=\"pts-lexicon-term\" title=\"\" href=\"https:\/\/www.justice.fr\/lexique\/letter_t#Tribunal\" data-original-title=\"Lieu de justice o\u00f9 sont jug\u00e9s les dossiers judiciaires\" data-placement=\"top\" data-toggle=\"tooltip\">tribunal<\/a>\u00a0judiciaire reprend enti\u00e8rement les comp\u00e9tences des tribunaux d\u2019instance et de grande instance, quel que soit le montant du\u00a0<a class=\"pts-lexicon-term\" title=\"\" href=\"https:\/\/www.justice.fr\/lexique\/letter_l#Litige\" data-original-title=\"Il existe un litige lorsque des personnes sont en d\u00e9saccord.\" data-placement=\"top\" data-toggle=\"tooltip\">litige<\/a>.<\/p>\n<p><strong>Adresse :<\/strong><\/p>\n<ul>\n<li><strong><span style=\"color: #333333;\">Tribunal judiciaire de Toulon<\/span><\/strong><\/li>\n<\/ul>\n<p>Place Gabriel P\u00e9ri<br \/>\nBP 506<br \/>\n83041 Toulon Cedex<\/p>\n<ul>\n<li><strong><span style=\"color: #333333;\">Tribunal judiciaire de Draguignan<\/span><\/strong><\/li>\n<\/ul>\n<p>11 rue Pierre Cl\u00e9ment<br \/>\n83300 Draguignan<\/p>\n","protected":false},"excerpt":{"rendered":"<p>Le tribunal judiciaire \u00a0La\u00a0loi du 23 mars 2019\u00a0visant \u00e0 am\u00e9liorer le fonctionnement de l\u2019organisation des juridictions, modifie l&rsquo;organisation des tribunaux. Ainsi, \u00e0 compter du 1er janvier 2020, les tribunaux de grande instance et les tribunaux d\u2019instance fusionnent pour former les tribunaux judiciaires.\u00a0 Le tribunal judiciaire peut comprendre, en dehors de son si\u00e8ge, des chambres de proximit\u00e9 d\u00e9nomm\u00e9es \u00ab\u00a0tribunaux de proximit\u00e9\u00a0\u00bb\u00a0dont le si\u00e8ge et le ressort ainsi que les comp\u00e9tences mat\u00e9rielles sont fix\u00e9es par d\u00e9cret. D\u00e9sormais, le tribunal judiciaire devient la seule\u00a0juridiction\u00a0de droit commun de premi\u00e8re instance en mati\u00e8re civile, p\u00e9nale et commerciale comp\u00e9tente pour les litiges n\u2019ayant pas \u00e9t\u00e9 attribu\u00e9s \u00e0 une autre\u00a0juridiction.\u00a0Le\u00a0tribunal\u00a0judiciaire reprend enti\u00e8rement les comp\u00e9tences des tribunaux d\u2019instance et de grande instance, quel que soit le montant du\u00a0litige. Adresse : Tribunal judiciaire de Toulon Place Gabriel P\u00e9ri BP 506 83041 Toulon Cedex Tribunal judiciaire de Draguignan 11 rue Pierre Cl\u00e9ment 83300 Draguignan<\/p>\n","protected":false},"author":3,"featured_media":0,"parent":0,"menu_order":0,"comment_status":"closed","ping_status":"closed","template":"","meta":{"_monsterinsights_skip_tracking":false,"_monsterinsights_sitenote_active":false,"_monsterinsights_sitenote_note":"","_monsterinsights_sitenote_category":0,"footnotes":""},"class_list":["post-572","page","type-page","status-publish","hentry"],"_links":{"self":[{"href":"https:\/\/cdad83.fr\/index.php\/wp-json\/wp\/v2\/pages\/572","targetHints":{"allow":["GET"]}}],"collection":[{"href":"https:\/\/cdad83.fr\/index.php\/wp-json\/wp\/v2\/pages"}],"about":[{"href":"https:\/\/cdad83.fr\/index.php\/wp-json\/wp\/v2\/types\/page"}],"author":[{"embeddable":true,"href":"https:\/\/cdad83.fr\/index.php\/wp-json\/wp\/v2\/users\/3"}],"replies":[{"embeddable":true,"href":"https:\/\/cdad83.fr\/index.php\/wp-json\/wp\/v2\/comments?post=572"}],"version-history":[{"count":0,"href":"https:\/\/cdad83.fr\/index.php\/wp-json\/wp\/v2\/pages\/572\/revisions"}],"wp:attachment":[{"href":"https:\/\/cdad83.fr\/index.php\/wp-json\/wp\/v2\/media?parent=572"}],"curies":[{"name":"wp","href":"https:\/\/api.w.org\/{rel}","templated":true}]}}