{"id":577,"date":"2018-07-04T17:06:45","date_gmt":"2018-07-04T15:06:45","guid":{"rendered":"http:\/\/cdad83.fr\/?page_id=577"},"modified":"2021-06-14T09:49:42","modified_gmt":"2021-06-14T07:49:42","slug":"action-en-direction-des-jeunes","status":"publish","type":"page","link":"https:\/\/cdad83.fr\/index.php\/action-en-direction-des-jeunes\/","title":{"rendered":"Acc\u00e8s au droit en faveur des jeunes"},"content":{"rendered":"\n<p>Depuis plusieurs ann\u00e9es, le Conseil d\u00e9partemental de l&rsquo;acc\u00e8s au droit du Var d\u00e9veloppe des dispositifs en faveur des jeunes autour de :<\/p>\n\n\n\n<ul class=\"wp-block-list\"><li>la sensibilisation \u00e0 la justice et de son fonctionnement,<\/li><li>de la pr\u00e9vention,<\/li><li>de l\u2019engagement citoyen,<\/li><li>de l\u2019accompagnement au projet professionnel,<\/li><li>du soutien \u00e0 des projets d\u2019\u00e9quipes \u00e9ducatives.<\/li><\/ul>\n\n\n\n<p>Le CDAD du Var est r\u00e9guli\u00e8rement sollicit\u00e9 par les \u00e9tablissements scolaires pour intervenir aupr\u00e8s des \u00e9l\u00e8ves sur diff\u00e9rentes th\u00e9matiques telles que la citoyennet\u00e9, la la\u00efcit\u00e9, le harc\u00e8lement ou, encore, la libert\u00e9 d\u2019expression.<\/p>\n\n\n\n<p>L&rsquo;\u00e9quipe du CDAD du Var se mobilise afin d&rsquo;organiser, r\u00e9guli\u00e8rement, des \u00ab Cin\u00e9-Justice \u00bb ; et participe, avec des professionnels du droit (avocats, magistrats \u2026), \u00e0 des proc\u00e8s p\u00e9naux interactifs.<\/p>\n\n\n\n<p>Le but est d\u2019informer les jeunes sur leurs droits, les sensibiliser \u00e0 leurs devoirs et les amener \u00e0 une r\u00e9flexion sur les cons\u00e9quences de leurs actes, tant envers la victime que pour eux-m\u00eames.<\/p>\n\n\n\n<p>Le CDAD du Var se donne \u00e9galement pour objectif de les accompagner dans leurs projets de vie, de les orienter vers des organismes ou professionnels qualifi\u00e9s.<\/p>\n\n\n\n<p>Pour tout renseignement, vous pouvez nous contacter par mail \u00e0 l&rsquo;adresse suivante : <a href=\"mailto:cdad.acces.au.droit.des.jeunes@gmail.com\">cdad.acces.au.droit.des.jeunes@gmail.com<\/a><\/p>\n","protected":false},"excerpt":{"rendered":"<p>Depuis plusieurs ann\u00e9es, le Conseil d\u00e9partemental de l&rsquo;acc\u00e8s au droit du Var d\u00e9veloppe des dispositifs en faveur des jeunes autour de : la sensibilisation \u00e0 la justice et de son fonctionnement, de la pr\u00e9vention, de l\u2019engagement citoyen, de l\u2019accompagnement au projet professionnel, du soutien \u00e0 des projets d\u2019\u00e9quipes \u00e9ducatives. Le CDAD du Var est r\u00e9guli\u00e8rement sollicit\u00e9 par les \u00e9tablissements scolaires pour intervenir aupr\u00e8s des \u00e9l\u00e8ves sur diff\u00e9rentes th\u00e9matiques telles que la citoyennet\u00e9, la la\u00efcit\u00e9, le harc\u00e8lement ou, encore, la libert\u00e9 d\u2019expression. L&rsquo;\u00e9quipe du CDAD du Var se mobilise afin d&rsquo;organiser, r\u00e9guli\u00e8rement, des \u00ab Cin\u00e9-Justice \u00bb ; et participe, avec des professionnels du droit (avocats, magistrats \u2026), \u00e0 des proc\u00e8s p\u00e9naux interactifs. Le but est d\u2019informer les jeunes sur leurs droits, les sensibiliser \u00e0 leurs devoirs et les amener \u00e0 une r\u00e9flexion sur les cons\u00e9quences de leurs actes, tant envers la victime que pour eux-m\u00eames. Le CDAD du Var se donne \u00e9galement pour objectif de les accompagner dans leurs projets de vie, de les orienter vers des organismes ou professionnels qualifi\u00e9s. Pour tout renseignement, vous pouvez nous contacter par mail \u00e0 l&rsquo;adresse suivante : cdad.acces.au.droit.des.jeunes@gmail.com<\/p>\n","protected":false},"author":3,"featured_media":0,"parent":0,"menu_order":0,"comment_status":"closed","ping_status":"closed","template":"","meta":{"_monsterinsights_skip_tracking":false,"_monsterinsights_sitenote_active":false,"_monsterinsights_sitenote_note":"","_monsterinsights_sitenote_category":0,"footnotes":""},"class_list":["post-577","page","type-page","status-publish","hentry"],"_links":{"self":[{"href":"https:\/\/cdad83.fr\/index.php\/wp-json\/wp\/v2\/pages\/577","targetHints":{"allow":["GET"]}}],"collection":[{"href":"https:\/\/cdad83.fr\/index.php\/wp-json\/wp\/v2\/pages"}],"about":[{"href":"https:\/\/cdad83.fr\/index.php\/wp-json\/wp\/v2\/types\/page"}],"author":[{"embeddable":true,"href":"https:\/\/cdad83.fr\/index.php\/wp-json\/wp\/v2\/users\/3"}],"replies":[{"embeddable":true,"href":"https:\/\/cdad83.fr\/index.php\/wp-json\/wp\/v2\/comments?post=577"}],"version-history":[{"count":0,"href":"https:\/\/cdad83.fr\/index.php\/wp-json\/wp\/v2\/pages\/577\/revisions"}],"wp:attachment":[{"href":"https:\/\/cdad83.fr\/index.php\/wp-json\/wp\/v2\/media?parent=577"}],"curies":[{"name":"wp","href":"https:\/\/api.w.org\/{rel}","templated":true}]}}