{"id":592,"date":"2018-07-04T17:27:46","date_gmt":"2018-07-04T15:27:46","guid":{"rendered":"http:\/\/cdad83.fr\/?page_id=592"},"modified":"2018-08-17T15:30:49","modified_gmt":"2018-08-17T13:30:49","slug":"la-cour-dassises","status":"publish","type":"page","link":"https:\/\/cdad83.fr\/index.php\/la-cour-dassises\/","title":{"rendered":"La cour d&rsquo;assises"},"content":{"rendered":"<h3 style=\"text-align: center;\"><span style=\"color: #3366ff;\">La cour d&rsquo;assises<strong><br \/>\n<\/strong><\/span><\/h3>\n<hr \/>\n<p style=\"text-align: justify;\">Appel\u00e9e \u00e0 juger les auteurs d\u2019infractions les plus graves (les crimes), la cour d\u2019assises est une juridiction non permanente et \u00e0 la particularit\u00e9 d\u2019associer aux magistrats professionnels, des citoyens tir\u00e9s au sort (les jur\u00e9s), au jugement des criminels pr\u00e9sum\u00e9s.<\/p>\n<p style=\"text-align: justify;\"><strong>Comp\u00e9tence<\/strong><\/p>\n<p style=\"text-align: justify;\">La cour d\u2019assises juge les personnes accus\u00e9es de crime, de tentatives et de complicit\u00e9s de crime : meurtre, viol, vol \u00e0 main arm\u00e9e\u2026<\/p>\n<p style=\"text-align: justify;\">Elle est comp\u00e9tente pour tous les crimes de droit commun commis par des majeurs. Elle si\u00e8ge en formation de cour d\u2019assises des mineurs avec des jur\u00e9s, quand il s\u2019agit de crimes commis par des mineurs de plus de 16 ans.<\/p>\n<p style=\"text-align: justify;\">Certains crimes relatifs aux terrorismes, aux crimes militaires ou relatifs au trafic de drogue sont jug\u00e9s par la cour d\u2019assises sp\u00e9ciale. Dans ce cas, les jur\u00e9s sont remplac\u00e9s par des magistrats professionnels.<\/p>\n<p style=\"text-align: justify;\">C\u2019est une juridiction d\u00e9partementale non permanente, elle se r\u00e9unit p\u00e9riodiquement au cours de sessions, les assises. Chaque cour d&rsquo;assises a pour ressort le d\u00e9partement o\u00f9 elle a son si\u00e8ge, \u00e0 l&rsquo;exception de la Cour d\u2019assises du Var, qui se situe \u00e0 Draguignan.<\/p>\n<p style=\"text-align: justify;\"><strong>Saisine de la cour d\u2019assises<\/strong><\/p>\n<p style=\"text-align: justify;\">La cour d&rsquo;assises est saisie par la d\u00e9cision de mise en accusation rendue par la juridiction d&rsquo;instruction. Cette d\u00e9cision est l&rsquo;ordonnance du juge d&rsquo;instruction, ou l\u2019arr\u00eat de la chambre d\u2019instruction, renvoyant l&rsquo;accus\u00e9 devant la cour d&rsquo;assises. La d\u00e9cision de mise en accusation fixe d\u00e9finitivement la comp\u00e9tence de la cour d&rsquo;assises qu&rsquo;elle saisit.<\/p>\n<p style=\"text-align: justify;\"><strong>Assistance et repr\u00e9sentation<br \/>\n<\/strong><\/p>\n<p style=\"text-align: justify;\">Comme la cour d\u2019assisses juge les infractions les plus graves, en cas de poursuite devant cette derni\u00e8re, l\u2019assistance par avocat est obligatoire. Si l\u2019accus\u00e9 ne connait pas d\u2019avocat, le juge demandera au b\u00e2tonnier de l\u2019ordre des avocats de lui en d\u00e9signer un d\u2019office.<\/p>\n<p style=\"text-align: justify;\">Si l\u2019accus\u00e9 ne dispose pas de ressources suffisantes pour prendre les services d\u2019un avocat, il peut faire une demande d\u2019aide juridictionnelle qui consistera pour l\u2019Etat, \u00e0 prendre en charge la r\u00e9tribution des auxiliaires de justice qui l\u2019assistent et le repr\u00e9sentent.<\/p>\n<p style=\"text-align: justify;\"><strong>La composition de<\/strong><strong> la<\/strong><strong> cour d\u2019assises<\/strong><\/p>\n<p style=\"text-align: justify;\">La cour d&rsquo;assises est compos\u00e9e de trois magistrats professionnels, un pr\u00e9sident et deux assesseurs, qui forment la cour proprement dite, et des jur\u00e9s d\u00e9sign\u00e9s par le sort. On retrouve \u00e9galement, l\u2019avocat g\u00e9n\u00e9ral et le greffier.<a href=\"https:\/\/cdad83.fr\/wp-content\/uploads\/2018\/07\/Composition-de-la-Cour-dassisses.pdf\">Composition de la Cour d&rsquo;assisses<\/a><\/p>\n<p style=\"text-align: justify;\"><strong>Le jury<\/strong><\/p>\n<p style=\"text-align: justify;\"><strong>Les conditions d&rsquo;aptitude aux fonctions de jur\u00e9<\/strong> :<\/p>\n<ul style=\"text-align: justify;\">\n<li><strong>Etre citoyen fran\u00e7ais<\/strong><\/li>\n<li><strong>Etre \u00e2g\u00e9 de plus de vingt-trois<\/strong> <strong>ans<\/strong> \u00e0 la date du tirage au sort du jury de jugement.<\/li>\n<li><strong>Savoir lire <\/strong><\/li>\n<li><strong>Ne pas se trouver dans l&rsquo;un des cas d&rsquo;incapacit\u00e9<\/strong> \u00e9num\u00e9r\u00e9s par l&rsquo;article 256 du Code de proc\u00e9dure p\u00e9nale, parmi lesquels figurent les personnes dont le casier judiciaire mentionne <strong>une condamnation pour crime ou pour d\u00e9lit<\/strong> et <strong>celles qui ont \u00e9t\u00e9 condamn\u00e9es pour n&rsquo;avoir pas d\u00e9f\u00e9r\u00e9 \u00e0 une convocation pour \u00eatre jur\u00e9<\/strong> ou auxquelles les fonctions de jur\u00e9 sont interdites pour avoir \u00e9t\u00e9 condamn\u00e9es \u00e0 l&rsquo;interdiction des droits civiques.<\/li>\n<li><strong>Il ne faut pas<\/strong> <strong>exercer l&rsquo;une des fonctions<\/strong>, <strong>incompatibles avec celles de jur\u00e9<\/strong> parmi lesquelles figurent, notamment, les membres du gouvernement, du parlement ou du Conseil constitutionnel, les magistrats de l&rsquo;ordre administratif, judiciaire ou financier, les directeurs de minist\u00e8re et membres du corps pr\u00e9fectoral ou enfin les fonctionnaires de police ou de l&rsquo;administration p\u00e9nitentiaire et militaire de la gendarmerie.<\/li>\n<\/ul>\n<p style=\"text-align: justify;\"><strong>La constitution des \u00ab\u00a0jur\u00e9s\u00a0\u00bb de jugement.<\/strong><\/p>\n<p style=\"text-align: justify;\">Avant l&rsquo;examen de chaque affaire, la cour proc\u00e8de, \u00e0 partir de la liste de session, au tirage au sort du jury de jugement, compos\u00e9 de six jur\u00e9s en premier ressort, de neuf jur\u00e9s si elle statue en appel. Elle tire, obligatoirement les noms d&rsquo;un ou plusieurs jur\u00e9s suppl\u00e9mentaires.<\/p>\n<p style=\"text-align: justify;\">Lors du tirage au sort, l&rsquo;accus\u00e9 ou son avocat peut r\u00e9cuser (refuser), \u00e0 mesure que leurs noms sortent de l&rsquo;urne, quatre jur\u00e9s lorsque la cour d&rsquo;assises statue en premier ressort, cinq lorsqu&rsquo;elle le fait en appel. Le minist\u00e8re public peut, dans les m\u00eames conditions, r\u00e9cuser trois jur\u00e9s en premier ressort, quatre en appel.<\/p>\n<p style=\"text-align: justify;\">Lorsque les jur\u00e9s ont pris place dans l&rsquo;ordre d\u00e9sign\u00e9 par le sort, ils pr\u00eatent le serment dans les termes, dont le pr\u00e9sident leur donne lecture. Apr\u00e8s quoi le pr\u00e9sident d\u00e9clare le jury d\u00e9finitivement constitu\u00e9.<\/p>\n<p style=\"text-align: justify;\"><strong>Le minist\u00e8re public<\/strong><\/p>\n<p style=\"text-align: justify;\">Le minist\u00e8re public est une partie int\u00e9grante de la cour d\u2019assises dont la pr\u00e9sence \u00e0 l&rsquo;int\u00e9gralit\u00e9 des d\u00e9bats est indispensable \u00e0 leur validit\u00e9, il est repr\u00e9sent\u00e9 par un procureur g\u00e9n\u00e9ral ou par l&rsquo;un de ses substituts. C\u2019est l\u2019autorit\u00e9 de poursuite, il repr\u00e9sente la soci\u00e9t\u00e9.<\/p>\n<p style=\"text-align: justify;\">Au cours de l\u2019audience de jugement, il prend des r\u00e9quisitions. C\u2019est-\u00e0-dire qu\u2019il demande l\u2019application de la loi, et manifeste la position du minist\u00e8re public dans le proc\u00e8s p\u00e9nal. Il peut poser directement des questions \u00e0 l&rsquo;accus\u00e9 ainsi qu&rsquo;\u00e0 toutes les personnes appel\u00e9es \u00e0 la barre.<\/p>\n<p style=\"text-align: justify;\"><strong>Le greffier<\/strong><\/p>\n<p style=\"text-align: justify;\">La cour d&rsquo;assises est, \u00e0 l&rsquo;audience, assist\u00e9e d&rsquo;un greffier. Comme celle du minist\u00e8re public, sa pr\u00e9sence est indispensable et, en son absence, la cour d&rsquo;assises ne peut valablement si\u00e9ger.<\/p>\n<p style=\"text-align: justify;\"><strong>Le d\u00e9roulement des d\u00e9bats<br \/>\n<\/strong><\/p>\n<p style=\"text-align: justify;\">Les d\u00e9bats de la cour d&rsquo;assises s&rsquo;ouvrent d\u00e8s que le pr\u00e9sident a d\u00e9clar\u00e9 le jury d\u00e9finitivement constitu\u00e9.<\/p>\n<p style=\"text-align: justify;\">S\u2019ensuit alors l\u2019appel des experts et des t\u00e9moins et le retrait de ces derniers, dans la salle qui leur est r\u00e9serv\u00e9e.<\/p>\n<p style=\"text-align: justify;\">Ensuite, le pr\u00e9sident de la cour d&rsquo;assises pr\u00e9sente, de fa\u00e7on concise, les faits reproch\u00e9s \u00e0 l&rsquo;accus\u00e9 tels qu&rsquo;ils r\u00e9sultent de la d\u00e9cision de renvoi et il expose les \u00e9l\u00e9ments \u00e0 charge et \u00e0 d\u00e9charge mentionn\u00e9s dans la d\u00e9cision de renvoi.<\/p>\n<p style=\"text-align: justify;\">\u00c0 l&rsquo;issue de sa pr\u00e9sentation, le pr\u00e9sident donne lecture de la qualification l\u00e9gale des faits objets de l&rsquo;accusation.<\/p>\n<p style=\"text-align: justify;\">Lorsque la cour d&rsquo;assises statue en appel, le pr\u00e9sident donne \u00e9galement connaissance du sens de la d\u00e9cision rendue en premier ressort, de sa motivation et, le cas \u00e9ch\u00e9ant, de la condamnation prononc\u00e9e.<\/p>\n<p style=\"text-align: justify;\">A peine de nullit\u00e9 des d\u00e9bats, le pr\u00e9sident informe l\u2019accus\u00e9 de son droit de garder le silence.<\/p>\n<p style=\"text-align: justify;\">Puis il proc\u00e8de \u00e0 l\u2019interrogatoire de l\u2019accus\u00e9, \u00e0 l\u2019audition des experts, des t\u00e9moins, des victimes.<\/p>\n<p style=\"text-align: justify;\">Apr\u00e8s ach\u00e8vement de l&rsquo;instruction \u00e0 l&rsquo;audience, le pr\u00e9sident donne la parole aux parties afin qu&rsquo;ils exposent leurs demandes et arguments. La cour entend d\u2019abord, la partie civile ou son avocat, ensuite le minist\u00e8re public, enfin l&rsquo;accus\u00e9 et son avocat. Il est d&rsquo;usage qu&rsquo;apr\u00e8s la plaidoirie du d\u00e9fenseur, le pr\u00e9sident demande \u00e0 l&rsquo;accus\u00e9 s&rsquo;il a quelque chose \u00e0 ajouter \u00e0 sa d\u00e9fense.<\/p>\n<p style=\"text-align: justify;\">Enfin, le pr\u00e9sident d\u00e9clare les d\u00e9bats termin\u00e9s, et la cour se retire pour d\u00e9lib\u00e9rer.<\/p>\n<p style=\"text-align: justify;\"><strong>La cl\u00f4ture des d\u00e9bats<\/strong><\/p>\n<p style=\"text-align: justify;\">Apr\u00e8s la cl\u00f4ture des d\u00e9bats, les magistrats de la cour et les jur\u00e9s se retirent pour d\u00e9lib\u00e9rer en commun. Cette d\u00e9lib\u00e9ration est secr\u00e8te et ni le minist\u00e8re public ni le greffier n&rsquo;y assistent. En cons\u00e9quence, il n&rsquo;en est pas dress\u00e9 proc\u00e8s-verbal.<\/p>\n<p style=\"text-align: justify;\">La cour et le jury d\u00e9lib\u00e8rent et votent \u00ab par bulletins \u00e9crits et scrutins distincts et successifs \u00bb d\u2019abord, en r\u00e9pondant aux questions qui leur sont pos\u00e9es, sur la culpabilit\u00e9 des accus\u00e9s, puis, en cas de r\u00e9ponse affirmative, sur l&rsquo;application de la peine.<\/p>\n<p style=\"text-align: justify;\">Subs\u00e9quemment la d\u00e9lib\u00e9ration de la cour et du jury, le pr\u00e9sident donne lecture des r\u00e9ponses aux questions et prononce l&rsquo;arr\u00eat p\u00e9nal.<\/p>\n<p style=\"text-align: justify;\"><strong>Les voies de recours<br \/>\n<\/strong><\/p>\n<p style=\"text-align: justify;\">En cas d\u2019arr\u00eat de condamnation, l\u2019accus\u00e9 peut interjeter appel dans le d\u00e9lai de 10 jours \u00e0 compter du lendemain de la d\u00e9cision.<\/p>\n<p style=\"text-align: justify;\">Le minist\u00e8re public dispose \u00e9galement de ce droit, y compris \u00e0 l&rsquo;encontre d&rsquo;une d\u00e9cision d&rsquo;acquittement.<\/p>\n<p style=\"text-align: justify;\">La partie civile ne peut interjeter appel que de la d\u00e9cision rendue sur int\u00e9r\u00eats civils.<\/p>\n<p style=\"text-align: justify;\">S&rsquo;agissant des d\u00e9cisions rendues par la cour d&rsquo;assises d&rsquo;appel, le seul recours possible est le pourvoi en cassation, qui doit \u00eatre exerc\u00e9 dans les 5 jours francs apr\u00e8s la condamnation. Mais le pourvoi en cassation est limit\u00e9 aux violations de la loi et aux vices de proc\u00e9dure.<\/p>\n<p style=\"text-align: justify;\"><em>Sources\u00a0: H.Angevin, Conseiller honoraire \u00e0 la Cour de cassation, J.Y. Mar\u00e9chal Ma\u00eetre de conf\u00e9rences HDR en droit priv\u00e9 et sciences criminelles et Codirecteur de l\u2019Institut de criminologie de Lille\u00a0; Lexis 360, synth\u00e8se 50\u00a0: Cour d\u2019assisses.<\/em><\/p>\n<p><a href=\"http:\/\/www.justice.gouv.fr\/organisation-de-la-justice-10031\/lordre-judiciaire-10033\/cour-dassises-12027.html\">La cour d&rsquo;assises<\/a><\/p>\n<p>&nbsp;<\/p>\n<p>Adresse :<\/p>\n<p><strong>Cour d&rsquo;assises de Draguignan <\/strong><\/p>\n<p>11 rue Pierre Cl\u00e9ment<br \/>\n83300 DRAGUIGNAN<\/p>\n<p style=\"text-align: justify;\">\n","protected":false},"excerpt":{"rendered":"<p>La cour d&rsquo;assises Appel\u00e9e \u00e0 juger les auteurs d\u2019infractions les plus graves (les crimes), la cour d\u2019assises est une juridiction non permanente et \u00e0 la particularit\u00e9 d\u2019associer aux magistrats professionnels, des citoyens tir\u00e9s au sort (les jur\u00e9s), au jugement des criminels pr\u00e9sum\u00e9s. Comp\u00e9tence La cour d\u2019assises juge les personnes accus\u00e9es de crime, de tentatives et de complicit\u00e9s de crime : meurtre, viol, vol \u00e0 main arm\u00e9e\u2026 Elle est comp\u00e9tente pour tous les crimes de droit commun commis par des majeurs. Elle si\u00e8ge en formation de cour d\u2019assises des mineurs avec des jur\u00e9s, quand il s\u2019agit de crimes commis par des mineurs de plus de 16 ans. Certains crimes relatifs aux terrorismes, aux crimes militaires ou relatifs au trafic de drogue sont jug\u00e9s par la cour d\u2019assises sp\u00e9ciale. Dans ce cas, les jur\u00e9s sont remplac\u00e9s par des magistrats professionnels. C\u2019est une juridiction d\u00e9partementale non permanente, elle se r\u00e9unit p\u00e9riodiquement au cours de sessions, les assises. Chaque cour d&rsquo;assises a pour ressort le d\u00e9partement o\u00f9 elle a son si\u00e8ge, \u00e0 l&rsquo;exception de la Cour d\u2019assises du Var, qui se situe \u00e0 Draguignan. Saisine de la cour d\u2019assises La cour d&rsquo;assises est saisie par la d\u00e9cision de mise en accusation rendue par la juridiction d&rsquo;instruction. Cette d\u00e9cision est l&rsquo;ordonnance du juge d&rsquo;instruction, ou l\u2019arr\u00eat de la chambre d\u2019instruction, renvoyant l&rsquo;accus\u00e9 devant la cour d&rsquo;assises. La d\u00e9cision de mise en accusation fixe d\u00e9finitivement la comp\u00e9tence de la cour d&rsquo;assises qu&rsquo;elle saisit. Assistance et repr\u00e9sentation Comme la cour d\u2019assisses juge les infractions les plus graves, en cas de poursuite devant cette derni\u00e8re, l\u2019assistance par avocat est obligatoire. Si l\u2019accus\u00e9 ne connait pas d\u2019avocat, le juge demandera au b\u00e2tonnier de l\u2019ordre des avocats de lui en d\u00e9signer un d\u2019office. Si l\u2019accus\u00e9 ne dispose pas de ressources suffisantes pour prendre les services d\u2019un avocat, il peut faire une demande d\u2019aide juridictionnelle qui consistera pour l\u2019Etat, \u00e0 prendre en charge la r\u00e9tribution des auxiliaires de justice qui l\u2019assistent et le repr\u00e9sentent. La composition de la cour d\u2019assises La cour d&rsquo;assises est compos\u00e9e de trois magistrats professionnels, un pr\u00e9sident et deux assesseurs, qui forment la cour proprement dite, et des jur\u00e9s d\u00e9sign\u00e9s par le sort. On retrouve \u00e9galement, l\u2019avocat g\u00e9n\u00e9ral et le greffier.Composition de la Cour d&rsquo;assisses Le jury Les conditions d&rsquo;aptitude aux fonctions de jur\u00e9 : Etre citoyen fran\u00e7ais Etre \u00e2g\u00e9 de plus de vingt-trois ans \u00e0 la date du tirage au sort du jury de jugement. Savoir lire Ne pas se trouver dans l&rsquo;un des cas d&rsquo;incapacit\u00e9 \u00e9num\u00e9r\u00e9s par l&rsquo;article 256 du Code de proc\u00e9dure p\u00e9nale, parmi lesquels figurent les personnes dont le casier judiciaire mentionne une condamnation pour crime ou pour d\u00e9lit et celles qui ont \u00e9t\u00e9 condamn\u00e9es pour n&rsquo;avoir pas d\u00e9f\u00e9r\u00e9 \u00e0 une convocation pour \u00eatre jur\u00e9 ou auxquelles les fonctions de jur\u00e9 sont interdites pour avoir \u00e9t\u00e9 condamn\u00e9es \u00e0 l&rsquo;interdiction des droits civiques. Il ne faut pas exercer l&rsquo;une des fonctions, incompatibles avec celles de jur\u00e9 parmi lesquelles figurent, notamment, les membres du gouvernement, du parlement ou du Conseil constitutionnel, les magistrats de l&rsquo;ordre administratif, judiciaire ou financier, les directeurs de minist\u00e8re et membres du corps pr\u00e9fectoral ou enfin les fonctionnaires de police ou de l&rsquo;administration p\u00e9nitentiaire et militaire de la gendarmerie. La constitution des \u00ab\u00a0jur\u00e9s\u00a0\u00bb de jugement. Avant l&rsquo;examen de chaque affaire, la cour proc\u00e8de, \u00e0 partir de la liste de session, au tirage au sort du jury de jugement, compos\u00e9 de six jur\u00e9s en premier ressort, de neuf jur\u00e9s si elle statue en appel. Elle tire, obligatoirement les noms d&rsquo;un ou plusieurs jur\u00e9s suppl\u00e9mentaires. Lors du tirage au sort, l&rsquo;accus\u00e9 ou son avocat peut r\u00e9cuser (refuser), \u00e0 mesure que leurs noms sortent de l&rsquo;urne, quatre jur\u00e9s lorsque la cour d&rsquo;assises statue en premier ressort, cinq lorsqu&rsquo;elle le fait en appel. Le minist\u00e8re public peut, dans les m\u00eames conditions, r\u00e9cuser trois jur\u00e9s en premier ressort, quatre en appel. Lorsque les jur\u00e9s ont pris place dans l&rsquo;ordre d\u00e9sign\u00e9 par le sort, ils pr\u00eatent le serment dans les termes, dont le pr\u00e9sident leur donne lecture. Apr\u00e8s quoi le pr\u00e9sident d\u00e9clare le jury d\u00e9finitivement constitu\u00e9. Le minist\u00e8re public Le minist\u00e8re public est une partie int\u00e9grante de la cour d\u2019assises dont la pr\u00e9sence \u00e0 l&rsquo;int\u00e9gralit\u00e9 des d\u00e9bats est indispensable \u00e0 leur validit\u00e9, il est repr\u00e9sent\u00e9 par un procureur g\u00e9n\u00e9ral ou par l&rsquo;un de ses substituts. C\u2019est l\u2019autorit\u00e9 de poursuite, il repr\u00e9sente la soci\u00e9t\u00e9. Au cours de l\u2019audience de jugement, il prend des r\u00e9quisitions. C\u2019est-\u00e0-dire qu\u2019il demande l\u2019application de la loi, et manifeste la position du minist\u00e8re public dans le proc\u00e8s p\u00e9nal. Il peut poser directement des questions \u00e0 l&rsquo;accus\u00e9 ainsi qu&rsquo;\u00e0 toutes les personnes appel\u00e9es \u00e0 la barre. Le greffier La cour d&rsquo;assises est, \u00e0 l&rsquo;audience, assist\u00e9e d&rsquo;un greffier. Comme celle du minist\u00e8re public, sa pr\u00e9sence est indispensable et, en son absence, la cour d&rsquo;assises ne peut valablement si\u00e9ger. Le d\u00e9roulement des d\u00e9bats Les d\u00e9bats de la cour d&rsquo;assises s&rsquo;ouvrent d\u00e8s que le pr\u00e9sident a d\u00e9clar\u00e9 le jury d\u00e9finitivement constitu\u00e9. S\u2019ensuit alors l\u2019appel des experts et des t\u00e9moins et le retrait de ces derniers, dans la salle qui leur est r\u00e9serv\u00e9e. Ensuite, le pr\u00e9sident de la cour d&rsquo;assises pr\u00e9sente, de fa\u00e7on concise, les faits reproch\u00e9s \u00e0 l&rsquo;accus\u00e9 tels qu&rsquo;ils r\u00e9sultent de la d\u00e9cision de renvoi et il expose les \u00e9l\u00e9ments \u00e0 charge et \u00e0 d\u00e9charge mentionn\u00e9s dans la d\u00e9cision de renvoi. \u00c0 l&rsquo;issue de sa pr\u00e9sentation, le pr\u00e9sident donne lecture de la qualification l\u00e9gale des faits objets de l&rsquo;accusation. Lorsque la cour d&rsquo;assises statue en appel, le pr\u00e9sident donne \u00e9galement connaissance du sens de la d\u00e9cision rendue en premier ressort, de sa motivation et, le cas \u00e9ch\u00e9ant, de la condamnation prononc\u00e9e. A peine de nullit\u00e9 des d\u00e9bats, le pr\u00e9sident informe l\u2019accus\u00e9 de son droit de garder le silence. Puis il proc\u00e8de \u00e0 l\u2019interrogatoire de l\u2019accus\u00e9, \u00e0 l\u2019audition des experts, des t\u00e9moins, des victimes. Apr\u00e8s ach\u00e8vement de l&rsquo;instruction \u00e0 l&rsquo;audience, le pr\u00e9sident donne la parole aux parties afin qu&rsquo;ils exposent leurs demandes et arguments. La cour entend d\u2019abord, la partie civile ou son avocat, ensuite le minist\u00e8re public, enfin l&rsquo;accus\u00e9 et son avocat. Il est d&rsquo;usage qu&rsquo;apr\u00e8s la plaidoirie du d\u00e9fenseur, le pr\u00e9sident demande \u00e0 l&rsquo;accus\u00e9 s&rsquo;il a quelque chose \u00e0 ajouter \u00e0 sa d\u00e9fense. Enfin, le pr\u00e9sident d\u00e9clare les d\u00e9bats termin\u00e9s, et la cour se retire pour d\u00e9lib\u00e9rer. La cl\u00f4ture des d\u00e9bats Apr\u00e8s la cl\u00f4ture des d\u00e9bats, les magistrats de la cour et les jur\u00e9s se retirent pour d\u00e9lib\u00e9rer en commun. Cette d\u00e9lib\u00e9ration est secr\u00e8te et ni le minist\u00e8re public ni le greffier n&rsquo;y assistent. En cons\u00e9quence, il n&rsquo;en est pas dress\u00e9 proc\u00e8s-verbal. La cour et le jury d\u00e9lib\u00e8rent et votent \u00ab par bulletins \u00e9crits et scrutins distincts et successifs \u00bb d\u2019abord, en r\u00e9pondant aux questions qui leur sont pos\u00e9es, sur la culpabilit\u00e9 des accus\u00e9s, puis, en cas de r\u00e9ponse affirmative, sur l&rsquo;application de la peine. Subs\u00e9quemment la d\u00e9lib\u00e9ration de la cour et du jury, le pr\u00e9sident donne lecture des r\u00e9ponses aux questions et prononce l&rsquo;arr\u00eat p\u00e9nal. Les voies de recours En cas d\u2019arr\u00eat de condamnation, l\u2019accus\u00e9 peut interjeter appel dans le d\u00e9lai de 10 jours \u00e0 compter du lendemain de la d\u00e9cision. Le minist\u00e8re public dispose \u00e9galement de ce droit, y compris \u00e0 l&rsquo;encontre d&rsquo;une d\u00e9cision d&rsquo;acquittement. La partie civile ne peut interjeter appel que de la d\u00e9cision rendue sur int\u00e9r\u00eats civils. S&rsquo;agissant des d\u00e9cisions rendues par la cour d&rsquo;assises d&rsquo;appel, le seul recours possible est le pourvoi en cassation, qui doit \u00eatre exerc\u00e9 dans les 5 jours francs apr\u00e8s la condamnation. Mais le pourvoi en cassation est limit\u00e9 aux violations de la loi et aux vices de proc\u00e9dure. Sources\u00a0: H.Angevin, Conseiller honoraire \u00e0 la Cour de cassation, J.Y. Mar\u00e9chal Ma\u00eetre de conf\u00e9rences HDR en droit priv\u00e9 et sciences criminelles et Codirecteur de l\u2019Institut de criminologie de Lille\u00a0; Lexis 360, synth\u00e8se 50\u00a0: Cour d\u2019assisses. La cour d&rsquo;assises &nbsp; Adresse : Cour d&rsquo;assises de Draguignan 11 rue Pierre Cl\u00e9ment 83300 DRAGUIGNAN<\/p>\n","protected":false},"author":3,"featured_media":0,"parent":0,"menu_order":0,"comment_status":"closed","ping_status":"closed","template":"","meta":{"_monsterinsights_skip_tracking":false,"_monsterinsights_sitenote_active":false,"_monsterinsights_sitenote_note":"","_monsterinsights_sitenote_category":0,"footnotes":""},"class_list":["post-592","page","type-page","status-publish","hentry"],"_links":{"self":[{"href":"https:\/\/cdad83.fr\/index.php\/wp-json\/wp\/v2\/pages\/592","targetHints":{"allow":["GET"]}}],"collection":[{"href":"https:\/\/cdad83.fr\/index.php\/wp-json\/wp\/v2\/pages"}],"about":[{"href":"https:\/\/cdad83.fr\/index.php\/wp-json\/wp\/v2\/types\/page"}],"author":[{"embeddable":true,"href":"https:\/\/cdad83.fr\/index.php\/wp-json\/wp\/v2\/users\/3"}],"replies":[{"embeddable":true,"href":"https:\/\/cdad83.fr\/index.php\/wp-json\/wp\/v2\/comments?post=592"}],"version-history":[{"count":0,"href":"https:\/\/cdad83.fr\/index.php\/wp-json\/wp\/v2\/pages\/592\/revisions"}],"wp:attachment":[{"href":"https:\/\/cdad83.fr\/index.php\/wp-json\/wp\/v2\/media?parent=592"}],"curies":[{"name":"wp","href":"https:\/\/api.w.org\/{rel}","templated":true}]}}