{"id":745,"date":"2018-08-16T12:03:33","date_gmt":"2018-08-16T10:03:33","guid":{"rendered":"http:\/\/cdad83.fr\/?page_id=745"},"modified":"2026-01-15T10:10:15","modified_gmt":"2026-01-15T09:10:15","slug":"point-justice-de-frejus","status":"publish","type":"page","link":"https:\/\/cdad83.fr\/index.php\/point-justice-de-frejus\/","title":{"rendered":"Point-justice de Fr\u00e9jus"},"content":{"rendered":"\n<p>Le point-justice de Fr\u00e9jus a \u00e9t\u00e9 cr\u00e9\u00e9 en novembre 2007.<\/p>\n\n\n\n<p>Le point-justice de Fr\u00e9jus est un lieu d\u2019accueil <strong>gratuit et confidentiel<\/strong> permettant d\u2019apporter une information de proximit\u00e9 aux personnes confront\u00e9es \u00e0 un probl\u00e8me juridique ou administratif.<\/p>\n\n\n\n<p>Tout citoyen peut ainsi obtenir des renseignements sur ses droits et devoirs en rencontrant des professionnels du droit ou des associations sp\u00e9cialis\u00e9es.<\/p>\n\n\n\n<figure class=\"wp-block-table is-style-stripes\"><table class=\"has-fixed-layout\"><thead><tr><th class=\"has-text-align-center\" data-align=\"center\">Type<\/th><th class=\"has-text-align-center\" data-align=\"center\">Rendez-vous<\/th><th class=\"has-text-align-center\" data-align=\"center\">T\u00e9l\u00e9phone<\/th><\/tr><\/thead><tbody><tr><td class=\"has-text-align-center\" data-align=\"center\">Avocat<\/td><td class=\"has-text-align-center\" data-align=\"center\">2\u00e8me et 4\u00e8me vendredi du mois<\/td><td class=\"has-text-align-center\" data-align=\"center\">04 94 51 76 42<\/td><\/tr><tr><td class=\"has-text-align-center\" data-align=\"center\">Avocat &#8211; droit du travail<\/td><td class=\"has-text-align-center\" data-align=\"center\">Tous les 1er lundis du mois<\/td><td class=\"has-text-align-center\" data-align=\"center\">04 94 51 76 42<\/td><\/tr><tr><td class=\"has-text-align-center\" data-align=\"center\">Huissier de Justice<\/td><td class=\"has-text-align-center\" data-align=\"center\">Tous les 2e jeudi du mois<\/td><td class=\"has-text-align-center\" data-align=\"center\">04 94 51 76 42<\/td><\/tr><tr><td class=\"has-text-align-center\" data-align=\"center\">Notaire<\/td><td class=\"has-text-align-center\" data-align=\"center\">Tous les 1er vendredis du mois<\/td><td class=\"has-text-align-center\" data-align=\"center\">04 94 51 76 42<\/td><\/tr><tr><td class=\"has-text-align-center\" data-align=\"center\">\u00c9crivain Public<\/td><td class=\"has-text-align-center\" data-align=\"center\">Tous les 1er et 3e lundis du mois<\/td><td class=\"has-text-align-center\" data-align=\"center\">04 94 51 76 42<\/td><\/tr><tr><td class=\"has-text-align-center\" data-align=\"center\">C.I.D.F.F.<\/td><td class=\"has-text-align-center\" data-align=\"center\">tous les 4\u00e8me lundi par mois<\/td><td class=\"has-text-align-center\" data-align=\"center\">04 94 51 76 42<\/td><\/tr><\/tbody><\/table><\/figure>\n\n\n\n<p>Pour conna\u00eetre toutes les permanences propos\u00e9es au sein du PAD, ainsi que les horaires et rendez-vous de consultations,&nbsp;vous pouvez vous rendre sur le <a href=\"http:\/\/www.ville-frejus.fr\/fr\/vivre-a-frejus\/vie-sociale\/point-dacces-au-droit\/\">site internet de la mairie de Fr\u00e9jus<\/a> ou t\u00e9l\u00e9charger la <a href=\"https:\/\/cdad83.fr\/wp-content\/uploads\/2018\/08\/2016-D\u00e9pliant-PAD-Fr\u00e9jus.pdf\">brochure du point-justice<\/a>.<\/p>\n\n\n\n<p><strong>Point-justice de Fr\u00e9jus<\/strong><br>34, rue Montgolfier (anciennement 63 rue de l\u2019argenti\u00e8re)<br>83600 Fr\u00e9jus<br>04 94 51 76 42<br>&nbsp;<a href=\"mailto:pad@ville-frejus.fr\">pad@ville-frejus.fr<\/a><\/p>\n\n\n\n<p>Horaires : du lundi au vendredi, de 9h \u00e0 12h et de 14h30 \u00e0 17h, sauf le mercredi apr\u00e8s-midi.<\/p>\n","protected":false},"excerpt":{"rendered":"<p>Le point-justice de Fr\u00e9jus a \u00e9t\u00e9 cr\u00e9\u00e9 en novembre 2007. Le point-justice de Fr\u00e9jus est un lieu d\u2019accueil gratuit et confidentiel permettant d\u2019apporter une information de proximit\u00e9 aux personnes confront\u00e9es \u00e0 un probl\u00e8me juridique ou administratif. Tout citoyen peut ainsi obtenir des renseignements sur ses droits et devoirs en rencontrant des professionnels du droit ou des associations sp\u00e9cialis\u00e9es. Type Rendez-vous T\u00e9l\u00e9phone Avocat 2\u00e8me et 4\u00e8me vendredi du mois 04 94 51 76 42 Avocat &#8211; droit du travail Tous les 1er lundis du mois 04 94 51 76 42 Huissier de Justice Tous les 2e jeudi du mois 04 94 51 76 42 Notaire Tous les 1er vendredis du mois 04 94 51 76 42 \u00c9crivain Public Tous les 1er et 3e lundis du mois 04 94 51 76 42 C.I.D.F.F. tous les 4\u00e8me lundi par mois 04 94 51 76 42 Pour conna\u00eetre toutes les permanences propos\u00e9es au sein du PAD, ainsi que les horaires et rendez-vous de consultations,&nbsp;vous pouvez vous rendre sur le site internet de la mairie de Fr\u00e9jus ou t\u00e9l\u00e9charger la brochure du point-justice. Point-justice de Fr\u00e9jus34, rue Montgolfier (anciennement 63 rue de l\u2019argenti\u00e8re)83600 Fr\u00e9jus04 94 51 76 42&nbsp;pad@ville-frejus.fr Horaires : du lundi au vendredi, de 9h \u00e0 12h et de 14h30 \u00e0 17h, sauf le mercredi apr\u00e8s-midi.<\/p>\n","protected":false},"author":3,"featured_media":0,"parent":0,"menu_order":0,"comment_status":"closed","ping_status":"closed","template":"","meta":{"_monsterinsights_skip_tracking":false,"_monsterinsights_sitenote_active":false,"_monsterinsights_sitenote_note":"","_monsterinsights_sitenote_category":0,"footnotes":""},"class_list":["post-745","page","type-page","status-publish","hentry"],"_links":{"self":[{"href":"https:\/\/cdad83.fr\/index.php\/wp-json\/wp\/v2\/pages\/745","targetHints":{"allow":["GET"]}}],"collection":[{"href":"https:\/\/cdad83.fr\/index.php\/wp-json\/wp\/v2\/pages"}],"about":[{"href":"https:\/\/cdad83.fr\/index.php\/wp-json\/wp\/v2\/types\/page"}],"author":[{"embeddable":true,"href":"https:\/\/cdad83.fr\/index.php\/wp-json\/wp\/v2\/users\/3"}],"replies":[{"embeddable":true,"href":"https:\/\/cdad83.fr\/index.php\/wp-json\/wp\/v2\/comments?post=745"}],"version-history":[{"count":2,"href":"https:\/\/cdad83.fr\/index.php\/wp-json\/wp\/v2\/pages\/745\/revisions"}],"predecessor-version":[{"id":5135,"href":"https:\/\/cdad83.fr\/index.php\/wp-json\/wp\/v2\/pages\/745\/revisions\/5135"}],"wp:attachment":[{"href":"https:\/\/cdad83.fr\/index.php\/wp-json\/wp\/v2\/media?parent=745"}],"curies":[{"name":"wp","href":"https:\/\/api.w.org\/{rel}","templated":true}]}}