{"id":749,"date":"2018-08-16T12:06:07","date_gmt":"2018-08-16T10:06:07","guid":{"rendered":"http:\/\/cdad83.fr\/?page_id=749"},"modified":"2021-06-14T15:07:10","modified_gmt":"2021-06-14T13:07:10","slug":"point-justice-tj-de-draguignan","status":"publish","type":"page","link":"https:\/\/cdad83.fr\/index.php\/point-justice-tj-de-draguignan\/","title":{"rendered":"Point-justice du Tribunal judiciaire de Draguignan"},"content":{"rendered":"<p style=\"text-align: justify;\">Cr\u00e9\u00e9 le 16 septembre 2016, le point-justice du TJ de Draguignan, accol\u00e9 au bureau d&rsquo;aide juridictionnelle, est n\u00e9 de la volont\u00e9 du minist\u00e8re de la justice d&rsquo;encourager et de favoriser l&rsquo;acc\u00e8s au droit pour tous au sein des palais de justice.<\/p>\n<p style=\"text-align: justify;\">Le point-justice du TJ de Draguignan offre ainsi la possibilit\u00e9 de rencontrer gratuitement un<strong> \u00e9crivain public, les 1er et 3\u00e8me lundis du mois, sur rendez-vous<\/strong> (prise de rendez-vous au 04.98.10.29.43.)<\/p>\n<p>Pour rencontrer un avocat ou un autre auxiliaire de justice, merci de bien vouloir vous rendre sur la page du <a href=\"https:\/\/cdad83.fr\/index.php\/pad-de-draguignan\/\">point-justice de Draguignan<\/a>.<\/p>\n<p><strong>Point-justice du TJ de Draguignan<\/strong><\/p>\n<p><strong>11 rue Pierre Cl\u00e9ment<br \/>\n83300 DRAGUIGNAN<\/strong><\/p>\n<p>Horaires : horaires d&rsquo;ouverture du palais de justice de Draguignan.<\/p>\n","protected":false},"excerpt":{"rendered":"<p>Cr\u00e9\u00e9 le 16 septembre 2016, le point-justice du TJ de Draguignan, accol\u00e9 au bureau d&rsquo;aide juridictionnelle, est n\u00e9 de la volont\u00e9 du minist\u00e8re de la justice d&rsquo;encourager et de favoriser l&rsquo;acc\u00e8s au droit pour tous au sein des palais de justice. Le point-justice du TJ de Draguignan offre ainsi la possibilit\u00e9 de rencontrer gratuitement un \u00e9crivain public, les 1er et 3\u00e8me lundis du mois, sur rendez-vous (prise de rendez-vous au 04.98.10.29.43.) Pour rencontrer un avocat ou un autre auxiliaire de justice, merci de bien vouloir vous rendre sur la page du point-justice de Draguignan. Point-justice du TJ de Draguignan 11 rue Pierre Cl\u00e9ment 83300 DRAGUIGNAN Horaires : horaires d&rsquo;ouverture du palais de justice de Draguignan.<\/p>\n","protected":false},"author":3,"featured_media":0,"parent":0,"menu_order":0,"comment_status":"closed","ping_status":"closed","template":"","meta":{"_monsterinsights_skip_tracking":false,"_monsterinsights_sitenote_active":false,"_monsterinsights_sitenote_note":"","_monsterinsights_sitenote_category":0,"footnotes":""},"class_list":["post-749","page","type-page","status-publish","hentry"],"_links":{"self":[{"href":"https:\/\/cdad83.fr\/index.php\/wp-json\/wp\/v2\/pages\/749","targetHints":{"allow":["GET"]}}],"collection":[{"href":"https:\/\/cdad83.fr\/index.php\/wp-json\/wp\/v2\/pages"}],"about":[{"href":"https:\/\/cdad83.fr\/index.php\/wp-json\/wp\/v2\/types\/page"}],"author":[{"embeddable":true,"href":"https:\/\/cdad83.fr\/index.php\/wp-json\/wp\/v2\/users\/3"}],"replies":[{"embeddable":true,"href":"https:\/\/cdad83.fr\/index.php\/wp-json\/wp\/v2\/comments?post=749"}],"version-history":[{"count":0,"href":"https:\/\/cdad83.fr\/index.php\/wp-json\/wp\/v2\/pages\/749\/revisions"}],"wp:attachment":[{"href":"https:\/\/cdad83.fr\/index.php\/wp-json\/wp\/v2\/media?parent=749"}],"curies":[{"name":"wp","href":"https:\/\/api.w.org\/{rel}","templated":true}]}}