{"id":833,"date":"2018-08-21T10:41:28","date_gmt":"2018-08-21T08:41:28","guid":{"rendered":"http:\/\/cdad83.fr\/?page_id=833"},"modified":"2021-06-02T17:06:08","modified_gmt":"2021-06-02T15:06:08","slug":"le-mot-de-la-presidente","status":"publish","type":"page","link":"https:\/\/cdad83.fr\/index.php\/le-mot-de-la-presidente\/","title":{"rendered":"Le mot de la pr\u00e9sidente"},"content":{"rendered":"<p style=\"text-align: justify;\">Le constat de l\u2019augmentation des litiges dans notre soci\u00e9t\u00e9 a rendu n\u00e9cessaire la naissance des conseils d\u00e9partementaux d\u2019acc\u00e8s au droit. Cr\u00e9\u00e9s en 1991, ils permettent \u00e0 tout citoyen, sans condition de ressources, de rencontrer un professionnel du droit gratuitement pour une premi\u00e8re consultation juridique, garantissant ainsi un acc\u00e8s le plus large possible au droit et \u00e0 la justice.<\/p>\n<p style=\"text-align: justify;\">D\u00e9j\u00e0 dot\u00e9 d\u2019un site internet, le site internet du CDAD du Var a \u00e9t\u00e9 profond\u00e9ment r\u00e9nov\u00e9 en 2018 pour r\u00e9pondre de mani\u00e8re plus pr\u00e9cise \u00e0 cet objectif. Celui-ci est ainsi plus intuitif, plus facile d\u2019acc\u00e8s et contient une information actualis\u00e9e.<\/p>\n<p style=\"text-align: justify;\">Vous trouverez une carte interactive des consultations juridiques financ\u00e9es par le CDAD du Var (<a href=\"https:\/\/cdad83.fr\/index.php\/cartes-des-consultations\/\">Carte des consultations<\/a>). Elle indique les lieux et horaires de toutes les permanences dans tous les relais d\u2019acc\u00e8s au droit du d\u00e9partement. Au-del\u00e0 des consultations dispens\u00e9es par des auxiliaires de justice (avocat, notaire, huissier), le CDAD du Var a fait le choix depuis 2016 de diversifier son offre de consultations et de financer des permanences tenues par des \u00e9crivains publics et des associations sp\u00e9cialis\u00e9es en droit de la famille et du travail.<\/p>\n<p style=\"text-align: justify;\">Cet acc\u00e8s au droit renforc\u00e9 est rendu possible gr\u00e2ce \u00e0 l\u2019appui des mairies du d\u00e9partement, des partenaires institutionnels et des ordres professionnels. On d\u00e9nombre \u00e0 ce jour plus de 40 points-justice, dont 2 maisons de justice et du droit (MJD) qui favorisent l\u2019acc\u00e8s \u00e0 une justice de proximit\u00e9.<\/p>\n<p style=\"text-align: justify;\">La loi de modernisation de la justice du XXI\u00e8me si\u00e8cle, du 18 novembre 2016, promeut \u00e9galement la proc\u00e9dure de r\u00e8glement amiable des litiges et encourage le recours \u00e0 un conciliateur de justice, dont vous trouverez la liste des permanences sur l\u2019onglet du m\u00eame nom.<\/p>\n<p style=\"text-align: justify;\">Le guide de l\u2019acc\u00e8s au droit disponible sur le bandeau de droite a \u00e9t\u00e9 actualis\u00e9 et est destin\u00e9 \u00e0 apporter aux usagers des informations utiles. Il est suivi de la mise en ligne des formulaires sp\u00e9cifiques (tutelles, divorces, etc), afin de faciliter vos d\u00e9marches.<\/p>\n<p style=\"text-align: justify;\">La mission du CDAD du Var, c\u2019est \u00e9galement la sensibilisation des plus jeunes \u00e0 la justice, \u00e0 l\u2019appr\u00e9hension de leurs droits et de leurs devoirs, un axe fort pr\u00e9sent\u00e9 dans la rubrique \u00ab\u00a0Nos actions\u00a0\u00bb.<\/p>\n<p style=\"text-align: justify;\">Bonne visite sur le nouveau site du CDAD du Var!<\/p>\n<p style=\"text-align: right;\">Sylvie MOTTES<\/p>\n<p style=\"text-align: right;\">Pr\u00e9sidente du CDAD du Var<\/p>\n","protected":false},"excerpt":{"rendered":"<p>Le constat de l\u2019augmentation des litiges dans notre soci\u00e9t\u00e9 a rendu n\u00e9cessaire la naissance des conseils d\u00e9partementaux d\u2019acc\u00e8s au droit. Cr\u00e9\u00e9s en 1991, ils permettent \u00e0 tout citoyen, sans condition de ressources, de rencontrer un professionnel du droit gratuitement pour une premi\u00e8re consultation juridique, garantissant ainsi un acc\u00e8s le plus large possible au droit et \u00e0 la justice. D\u00e9j\u00e0 dot\u00e9 d\u2019un site internet, le site internet du CDAD du Var a \u00e9t\u00e9 profond\u00e9ment r\u00e9nov\u00e9 en 2018 pour r\u00e9pondre de mani\u00e8re plus pr\u00e9cise \u00e0 cet objectif. Celui-ci est ainsi plus intuitif, plus facile d\u2019acc\u00e8s et contient une information actualis\u00e9e. Vous trouverez une carte interactive des consultations juridiques financ\u00e9es par le CDAD du Var (Carte des consultations). Elle indique les lieux et horaires de toutes les permanences dans tous les relais d\u2019acc\u00e8s au droit du d\u00e9partement. Au-del\u00e0 des consultations dispens\u00e9es par des auxiliaires de justice (avocat, notaire, huissier), le CDAD du Var a fait le choix depuis 2016 de diversifier son offre de consultations et de financer des permanences tenues par des \u00e9crivains publics et des associations sp\u00e9cialis\u00e9es en droit de la famille et du travail. Cet acc\u00e8s au droit renforc\u00e9 est rendu possible gr\u00e2ce \u00e0 l\u2019appui des mairies du d\u00e9partement, des partenaires institutionnels et des ordres professionnels. On d\u00e9nombre \u00e0 ce jour plus de 40 points-justice, dont 2 maisons de justice et du droit (MJD) qui favorisent l\u2019acc\u00e8s \u00e0 une justice de proximit\u00e9. La loi de modernisation de la justice du XXI\u00e8me si\u00e8cle, du 18 novembre 2016, promeut \u00e9galement la proc\u00e9dure de r\u00e8glement amiable des litiges et encourage le recours \u00e0 un conciliateur de justice, dont vous trouverez la liste des permanences sur l\u2019onglet du m\u00eame nom. Le guide de l\u2019acc\u00e8s au droit disponible sur le bandeau de droite a \u00e9t\u00e9 actualis\u00e9 et est destin\u00e9 \u00e0 apporter aux usagers des informations utiles. Il est suivi de la mise en ligne des formulaires sp\u00e9cifiques (tutelles, divorces, etc), afin de faciliter vos d\u00e9marches. La mission du CDAD du Var, c\u2019est \u00e9galement la sensibilisation des plus jeunes \u00e0 la justice, \u00e0 l\u2019appr\u00e9hension de leurs droits et de leurs devoirs, un axe fort pr\u00e9sent\u00e9 dans la rubrique \u00ab\u00a0Nos actions\u00a0\u00bb. Bonne visite sur le nouveau site du CDAD du Var! Sylvie MOTTES Pr\u00e9sidente du CDAD du Var<\/p>\n","protected":false},"author":3,"featured_media":0,"parent":0,"menu_order":0,"comment_status":"closed","ping_status":"closed","template":"","meta":{"_monsterinsights_skip_tracking":false,"_monsterinsights_sitenote_active":false,"_monsterinsights_sitenote_note":"","_monsterinsights_sitenote_category":0,"footnotes":""},"class_list":["post-833","page","type-page","status-publish","hentry"],"_links":{"self":[{"href":"https:\/\/cdad83.fr\/index.php\/wp-json\/wp\/v2\/pages\/833","targetHints":{"allow":["GET"]}}],"collection":[{"href":"https:\/\/cdad83.fr\/index.php\/wp-json\/wp\/v2\/pages"}],"about":[{"href":"https:\/\/cdad83.fr\/index.php\/wp-json\/wp\/v2\/types\/page"}],"author":[{"embeddable":true,"href":"https:\/\/cdad83.fr\/index.php\/wp-json\/wp\/v2\/users\/3"}],"replies":[{"embeddable":true,"href":"https:\/\/cdad83.fr\/index.php\/wp-json\/wp\/v2\/comments?post=833"}],"version-history":[{"count":0,"href":"https:\/\/cdad83.fr\/index.php\/wp-json\/wp\/v2\/pages\/833\/revisions"}],"wp:attachment":[{"href":"https:\/\/cdad83.fr\/index.php\/wp-json\/wp\/v2\/media?parent=833"}],"curies":[{"name":"wp","href":"https:\/\/api.w.org\/{rel}","templated":true}]}}